{"id":1353,"date":"2023-12-07T13:07:16","date_gmt":"2023-12-07T11:07:16","guid":{"rendered":"http:\/\/www.leoko.fi\/?post_type=product&#038;p=1353"},"modified":"2025-09-03T15:41:19","modified_gmt":"2025-09-03T12:41:19","slug":"leoko-painonnostotanko-olympic-herkasti-pyoriva-sis-magneettilukot-50mm","status":"publish","type":"product","link":"http:\/\/www.leoko.fi\/en\/tuote\/leoko-painonnostotanko-olympic-herkasti-pyoriva-sis-magneettilukot-50mm\/","title":{"rendered":"Painonnostotanko, olympic- herk\u00e4sti py\u00f6riv\u00e4, sis. magneettilukot, \u230050mm LEOKO DL"},"content":{"rendered":"\r\n<p>Leokon legendaarinen miesten painonnostotanko. Valmistettu Suomessa parhaista ter\u00e4ksist\u00e4, siksi se on luja,kest\u00e4v\u00e4 ja joustava. N\u00e4ill\u00e4 on nostettu lukemattomat mestaruudet ja enn\u00e4tykset. T\u00e4n\u00e4kin p\u00e4iv\u00e4n\u00e4 t\u00e4ll\u00e4 nostellaan ymp\u00e4ri suomen sadoilla saleilla lakkaamatta.<\/p>\r\n\r\n\r\n\r\n<p>Laakeroitu herk\u00e4sti py\u00f6rivill\u00e4 vierint\u00e4laakereilla parhaan nostokokemuksen takaamiseksi.<\/p>\r\n\r\n\r\n\r\n<p>Kaikki Leoko tangot valmistetaan k\u00e4sity\u00f6n\u00e4 Tampereella. Siksi ne ovat avainlipputuotteita.<\/p>\r\n\r\n\r\n\r\n<p>K\u00e4sin karhennettu pit\u00e4v\u00e4ksi ja pinnoitettu aikaa ja k\u00e4sittely\u00e4 kest\u00e4v\u00e4ll\u00e4 kromilla. Kaikkien Leokon tankojen putkien halkaisija on 50 mm ja DL tangon akselin halkaisija on 28 mm. Koska Leoko DL on valmistettu IWF:n s\u00e4\u00e4nt\u00f6jen mukaan, on t\u00e4m\u00e4 taatusti virallisen mittainen, eli pituus on 220cm ja putkien v\u00e4li 131 cm. DL tanko painaa 20 kg ilman lukkoja ja 25 lukoilla.<\/p>\r\n\r\n\r\n\r\n<p>Mukaan tulee kisak\u00e4ytt\u00f6\u00f6n suunnitellut lujat ja yksinkertaiset, 2,5 kg painavat lukot. Lukoissa on voimakkaat magneetit toisessa p\u00e4\u00e4ss\u00e4, jotka mahdollistavat nopeat korotukset viiteen kiloon saakka, kilon askelv\u00e4lill\u00e4.<\/p>\r\n\r\n\r\n\r\n<p>Ett\u00e4 pystyisit nauttimaan tangostasi mahdollisimman pitk\u00e4\u00e4n, suositamme, ett\u00e4 pudottelet tankoa vain, alustalle, jolla on v\u00e4hint\u00e4\u00e4n 50 mm kumimattoa pehmusteena.<\/p>\r\n","protected":false},"excerpt":{"rendered":"<p>Leoko miesten painonnostotanko. Valmistettu Suomessa parhaista ter\u00e4ksist\u00e4, luja, kest\u00e4v\u00e4 ja joustava. IWF s\u00e4\u00e4nt\u00f6jen mukainen, paino 25 lukoilla, akselin halkaisija on 28 mm. Laakeroitu vierint\u00e4laakereilla<\/p>\n","protected":false},"featured_media":788,"comment_status":"open","ping_status":"closed","template":"","meta":{"_acf_changed":false},"product_brand":[],"product_cat":[78],"product_tag":[],"class_list":{"0":"post-1353","1":"product","2":"type-product","3":"status-publish","4":"has-post-thumbnail","6":"product_cat-levytangot-leoko","8":"first","9":"instock","10":"taxable","11":"shipping-taxable","12":"purchasable","13":"product-type-simple"},"acf":[],"yoast_head":"<!-- This site is optimized with the Yoast SEO plugin v25.7 - https:\/\/yoast.com\/wordpress\/plugins\/seo\/ -->\n<title>Painonnostotanko, olympic- LEOKO DL 50mm<\/title>\n<meta name=\"description\" content=\"Painonnostotanko, herk\u00e4sti py\u00f6riv\u00e4, LEOKO DL miesten kilpatanko\" \/>\n<meta name=\"robots\" content=\"index, follow, max-snippet:-1, max-image-preview:large, max-video-preview:-1\" \/>\n<link rel=\"canonical\" href=\"http:\/\/www.leoko.fi\/en\/tuote\/leoko-painonnostotanko-olympic-herkasti-pyoriva-sis-magneettilukot-50mm\/\" \/>\n<meta property=\"og:locale\" content=\"en_US\" \/>\n<meta property=\"og:type\" content=\"article\" \/>\n<meta property=\"og:title\" content=\"Painonnostotanko, olympic- LEOKO DL 50mm\" \/>\n<meta property=\"og:description\" content=\"Painonnostotanko, herk\u00e4sti py\u00f6riv\u00e4, LEOKO DL miesten kilpatanko\" \/>\n<meta property=\"og:url\" content=\"http:\/\/www.leoko.fi\/en\/tuote\/leoko-painonnostotanko-olympic-herkasti-pyoriva-sis-magneettilukot-50mm\/\" \/>\n<meta property=\"og:site_name\" content=\"Leoko\" \/>\n<meta property=\"article:modified_time\" content=\"2025-09-03T12:41:19+00:00\" \/>\n<meta property=\"og:image\" content=\"http:\/\/www.leoko.fi\/wp-content\/uploads\/2017\/09\/LEOKO-DL-Painonnostotanko-Kilpa-magneettilukoilla-10.jpg\" \/>\n\t<meta property=\"og:image:width\" content=\"1800\" \/>\n\t<meta property=\"og:image:height\" content=\"540\" \/>\n\t<meta property=\"og:image:type\" content=\"image\/jpeg\" \/>\n<meta name=\"twitter:card\" content=\"summary_large_image\" \/>\n<meta name=\"twitter:label1\" content=\"Est. reading time\" \/>\n\t<meta name=\"twitter:data1\" content=\"2 minutes\" \/>\n<script type=\"application\/ld+json\" class=\"yoast-schema-graph\">{\"@context\":\"https:\/\/schema.org\",\"@graph\":[{\"@type\":\"WebPage\",\"@id\":\"http:\/\/www.leoko.fi\/en\/tuote\/leoko-painonnostotanko-olympic-herkasti-pyoriva-sis-magneettilukot-50mm\/\",\"url\":\"http:\/\/www.leoko.fi\/en\/tuote\/leoko-painonnostotanko-olympic-herkasti-pyoriva-sis-magneettilukot-50mm\/\",\"name\":\"Painonnostotanko, olympic- LEOKO DL 50mm\",\"isPartOf\":{\"@id\":\"https:\/\/www.leoko.fi\/#website\"},\"primaryImageOfPage\":{\"@id\":\"http:\/\/www.leoko.fi\/en\/tuote\/leoko-painonnostotanko-olympic-herkasti-pyoriva-sis-magneettilukot-50mm\/#primaryimage\"},\"image\":{\"@id\":\"http:\/\/www.leoko.fi\/en\/tuote\/leoko-painonnostotanko-olympic-herkasti-pyoriva-sis-magneettilukot-50mm\/#primaryimage\"},\"thumbnailUrl\":\"http:\/\/www.leoko.fi\/wp-content\/uploads\/2017\/09\/LEOKO-DL-Painonnostotanko-Kilpa-magneettilukoilla-10.jpg\",\"datePublished\":\"2023-12-07T11:07:16+00:00\",\"dateModified\":\"2025-09-03T12:41:19+00:00\",\"description\":\"Painonnostotanko, herk\u00e4sti py\u00f6riv\u00e4, LEOKO DL miesten kilpatanko\",\"breadcrumb\":{\"@id\":\"http:\/\/www.leoko.fi\/en\/tuote\/leoko-painonnostotanko-olympic-herkasti-pyoriva-sis-magneettilukot-50mm\/#breadcrumb\"},\"inLanguage\":\"en-US\",\"potentialAction\":[{\"@type\":\"ReadAction\",\"target\":[\"http:\/\/www.leoko.fi\/en\/tuote\/leoko-painonnostotanko-olympic-herkasti-pyoriva-sis-magneettilukot-50mm\/\"]}]},{\"@type\":\"ImageObject\",\"inLanguage\":\"en-US\",\"@id\":\"http:\/\/www.leoko.fi\/en\/tuote\/leoko-painonnostotanko-olympic-herkasti-pyoriva-sis-magneettilukot-50mm\/#primaryimage\",\"url\":\"http:\/\/www.leoko.fi\/wp-content\/uploads\/2017\/09\/LEOKO-DL-Painonnostotanko-Kilpa-magneettilukoilla-10.jpg\",\"contentUrl\":\"http:\/\/www.leoko.fi\/wp-content\/uploads\/2017\/09\/LEOKO-DL-Painonnostotanko-Kilpa-magneettilukoilla-10.jpg\",\"width\":1800,\"height\":540,\"caption\":\"Levytanko - painonnostotanko-Kilpa-magneettilukoilla-10 - LEOKO-DL\"},{\"@type\":\"BreadcrumbList\",\"@id\":\"http:\/\/www.leoko.fi\/en\/tuote\/leoko-painonnostotanko-olympic-herkasti-pyoriva-sis-magneettilukot-50mm\/#breadcrumb\",\"itemListElement\":[{\"@type\":\"ListItem\",\"position\":1,\"name\":\"Etusivu\",\"item\":\"https:\/\/www.leoko.fi\/\"},{\"@type\":\"ListItem\",\"position\":2,\"name\":\"Kauppa\",\"item\":\"http:\/\/www.leoko.fi\/kauppa\/\"},{\"@type\":\"ListItem\",\"position\":3,\"name\":\"Painonnostotanko, olympic- herk\u00e4sti py\u00f6riv\u00e4, sis. magneettilukot, \u230050mm LEOKO DL\"}]},{\"@type\":\"WebSite\",\"@id\":\"https:\/\/www.leoko.fi\/#website\",\"url\":\"https:\/\/www.leoko.fi\/\",\"name\":\"Leoko\",\"description\":\"Erikoistunut painonnosto- ja  voimanostov\u00e4lineiden valmistukseen\",\"potentialAction\":[{\"@type\":\"SearchAction\",\"target\":{\"@type\":\"EntryPoint\",\"urlTemplate\":\"https:\/\/www.leoko.fi\/?s={search_term_string}\"},\"query-input\":{\"@type\":\"PropertyValueSpecification\",\"valueRequired\":true,\"valueName\":\"search_term_string\"}}],\"inLanguage\":\"en-US\"}]}<\/script>\n<!-- \/ Yoast SEO plugin. -->","yoast_head_json":{"title":"Painonnostotanko, olympic- LEOKO DL 50mm","description":"Painonnostotanko, herk\u00e4sti py\u00f6riv\u00e4, LEOKO DL miesten kilpatanko","robots":{"index":"index","follow":"follow","max-snippet":"max-snippet:-1","max-image-preview":"max-image-preview:large","max-video-preview":"max-video-preview:-1"},"canonical":"http:\/\/www.leoko.fi\/en\/tuote\/leoko-painonnostotanko-olympic-herkasti-pyoriva-sis-magneettilukot-50mm\/","og_locale":"en_US","og_type":"article","og_title":"Painonnostotanko, olympic- LEOKO DL 50mm","og_description":"Painonnostotanko, herk\u00e4sti py\u00f6riv\u00e4, LEOKO DL miesten kilpatanko","og_url":"http:\/\/www.leoko.fi\/en\/tuote\/leoko-painonnostotanko-olympic-herkasti-pyoriva-sis-magneettilukot-50mm\/","og_site_name":"Leoko","article_modified_time":"2025-09-03T12:41:19+00:00","og_image":[{"width":1800,"height":540,"url":"http:\/\/www.leoko.fi\/wp-content\/uploads\/2017\/09\/LEOKO-DL-Painonnostotanko-Kilpa-magneettilukoilla-10.jpg","type":"image\/jpeg"}],"twitter_card":"summary_large_image","twitter_misc":{"Est. reading time":"2 minutes"},"schema":{"@context":"https:\/\/schema.org","@graph":[{"@type":"WebPage","@id":"http:\/\/www.leoko.fi\/en\/tuote\/leoko-painonnostotanko-olympic-herkasti-pyoriva-sis-magneettilukot-50mm\/","url":"http:\/\/www.leoko.fi\/en\/tuote\/leoko-painonnostotanko-olympic-herkasti-pyoriva-sis-magneettilukot-50mm\/","name":"Painonnostotanko, olympic- LEOKO DL 50mm","isPartOf":{"@id":"https:\/\/www.leoko.fi\/#website"},"primaryImageOfPage":{"@id":"http:\/\/www.leoko.fi\/en\/tuote\/leoko-painonnostotanko-olympic-herkasti-pyoriva-sis-magneettilukot-50mm\/#primaryimage"},"image":{"@id":"http:\/\/www.leoko.fi\/en\/tuote\/leoko-painonnostotanko-olympic-herkasti-pyoriva-sis-magneettilukot-50mm\/#primaryimage"},"thumbnailUrl":"http:\/\/www.leoko.fi\/wp-content\/uploads\/2017\/09\/LEOKO-DL-Painonnostotanko-Kilpa-magneettilukoilla-10.jpg","datePublished":"2023-12-07T11:07:16+00:00","dateModified":"2025-09-03T12:41:19+00:00","description":"Painonnostotanko, herk\u00e4sti py\u00f6riv\u00e4, LEOKO DL miesten kilpatanko","breadcrumb":{"@id":"http:\/\/www.leoko.fi\/en\/tuote\/leoko-painonnostotanko-olympic-herkasti-pyoriva-sis-magneettilukot-50mm\/#breadcrumb"},"inLanguage":"en-US","potentialAction":[{"@type":"ReadAction","target":["http:\/\/www.leoko.fi\/en\/tuote\/leoko-painonnostotanko-olympic-herkasti-pyoriva-sis-magneettilukot-50mm\/"]}]},{"@type":"ImageObject","inLanguage":"en-US","@id":"http:\/\/www.leoko.fi\/en\/tuote\/leoko-painonnostotanko-olympic-herkasti-pyoriva-sis-magneettilukot-50mm\/#primaryimage","url":"http:\/\/www.leoko.fi\/wp-content\/uploads\/2017\/09\/LEOKO-DL-Painonnostotanko-Kilpa-magneettilukoilla-10.jpg","contentUrl":"http:\/\/www.leoko.fi\/wp-content\/uploads\/2017\/09\/LEOKO-DL-Painonnostotanko-Kilpa-magneettilukoilla-10.jpg","width":1800,"height":540,"caption":"Levytanko - painonnostotanko-Kilpa-magneettilukoilla-10 - LEOKO-DL"},{"@type":"BreadcrumbList","@id":"http:\/\/www.leoko.fi\/en\/tuote\/leoko-painonnostotanko-olympic-herkasti-pyoriva-sis-magneettilukot-50mm\/#breadcrumb","itemListElement":[{"@type":"ListItem","position":1,"name":"Etusivu","item":"https:\/\/www.leoko.fi\/"},{"@type":"ListItem","position":2,"name":"Kauppa","item":"http:\/\/www.leoko.fi\/kauppa\/"},{"@type":"ListItem","position":3,"name":"Painonnostotanko, olympic- herk\u00e4sti py\u00f6riv\u00e4, sis. magneettilukot, \u230050mm LEOKO DL"}]},{"@type":"WebSite","@id":"https:\/\/www.leoko.fi\/#website","url":"https:\/\/www.leoko.fi\/","name":"Leoko","description":"Erikoistunut painonnosto- ja  voimanostov\u00e4lineiden valmistukseen","potentialAction":[{"@type":"SearchAction","target":{"@type":"EntryPoint","urlTemplate":"https:\/\/www.leoko.fi\/?s={search_term_string}"},"query-input":{"@type":"PropertyValueSpecification","valueRequired":true,"valueName":"search_term_string"}}],"inLanguage":"en-US"}]}},"_links":{"self":[{"href":"http:\/\/www.leoko.fi\/en\/wp-json\/wp\/v2\/product\/1353","targetHints":{"allow":["GET"]}}],"collection":[{"href":"http:\/\/www.leoko.fi\/en\/wp-json\/wp\/v2\/product"}],"about":[{"href":"http:\/\/www.leoko.fi\/en\/wp-json\/wp\/v2\/types\/product"}],"replies":[{"embeddable":true,"href":"http:\/\/www.leoko.fi\/en\/wp-json\/wp\/v2\/comments?post=1353"}],"wp:featuredmedia":[{"embeddable":true,"href":"http:\/\/www.leoko.fi\/en\/wp-json\/wp\/v2\/media\/788"}],"wp:attachment":[{"href":"http:\/\/www.leoko.fi\/en\/wp-json\/wp\/v2\/media?parent=1353"}],"wp:term":[{"taxonomy":"product_brand","embeddable":true,"href":"http:\/\/www.leoko.fi\/en\/wp-json\/wp\/v2\/product_brand?post=1353"},{"taxonomy":"product_cat","embeddable":true,"href":"http:\/\/www.leoko.fi\/en\/wp-json\/wp\/v2\/product_cat?post=1353"},{"taxonomy":"product_tag","embeddable":true,"href":"http:\/\/www.leoko.fi\/en\/wp-json\/wp\/v2\/product_tag?post=1353"}],"curies":[{"name":"wp","href":"https:\/\/api.w.org\/{rel}","templated":true}]}}