{"id":1660,"date":"2024-05-16T23:48:11","date_gmt":"2024-05-16T20:48:11","guid":{"rendered":"https:\/\/www.leoko.fi\/?post_type=product&#038;p=1660"},"modified":"2025-02-17T14:27:21","modified_gmt":"2025-02-17T12:27:21","slug":"leoko-levytanko-treenipainonnostotanko-sis-peruslukot-%e2%8c%8050mm","status":"publish","type":"product","link":"http:\/\/www.leoko.fi\/en\/tuote\/leoko-levytanko-treenipainonnostotanko-sis-peruslukot-%e2%8c%8050mm\/","title":{"rendered":"LEOKO, painonnoston harjoitustanko,   sis. peruslukot, \u230050mm"},"content":{"rendered":"\n<p>Harjoitusversio Leokon legendaarisesta miesten painonnostotangosta. Valmistettu Suomessa parhaista ter\u00e4ksist\u00e4, siksi se on luja, kest\u00e4v\u00e4 ja joustava. Silloin kun t\u00e4m\u00e4 versio oli ainoa suomessa valmistettu painonnostotanko, n\u00e4ill\u00e4 on nostettiin lukemattomat mestaruudet ja enn\u00e4tykset. <\/p>\n\n\n\n<p>Laakeroitu liukulaakereilla. N\u00e4it\u00e4 k\u00e4ytet\u00e4\u00e4n vuosikymmeni\u00e4 kuntien julkisilla kuntosaleilla huoltamatta kertaakaan.&nbsp;Kest\u00e4\u00e4 kotik\u00e4yt\u00f6ss\u00e4 sukupolvelta toiselle.<\/p>\n\n\n\n<p>Kaikki Leoko tangot valmistetaan k\u00e4sity\u00f6n\u00e4 Tampereella. Siksi ne ovat avainlipputuotteita.<\/p>\n\n\n\n<p>K\u00e4sin karhennettu pit\u00e4v\u00e4ksi ja pinnoitettu aikaa ja k\u00e4sittely\u00e4 kest\u00e4v\u00e4ll\u00e4 kromilla. Kaikkien Leokon tankojen putkien halkaisija on 50 mm ja DL tangon akselin halkaisija on 28 mm. Koska Leoko DL on valmistettu IWF:n s\u00e4\u00e4nt\u00f6jen mukaan, on t\u00e4m\u00e4 taatusti virallisen mittainen, eli pituus on 220cm ja putkien v\u00e4li 131 cm. Dl tanko painaa  ja 25 lukoilla..<\/p>\n\n\n\n<p>Mukaan tulee pitk\u00e4aikaiseen k\u00e4ytt\u00f6\u00f6n suunnitellut lujat ja yksinkertaiset, 2,5 kg painavat lukot<\/p>\n\n\n\n<p>Ett\u00e4 pystyisit nauttimaan tangostasi mahdollisimman pitk\u00e4\u00e4n, suositamme, ett\u00e4 pudottelet tankoa vain, alustalle, jolla on v\u00e4hint\u00e4\u00e4n 50 mm kumimattoa pehmusteena.<\/p>\n","protected":false},"excerpt":{"rendered":"<p>Leoko miesten painonnostotanko. Valmistettu Suomessa parhaista ter\u00e4ksist\u00e4, luja, kest\u00e4v\u00e4 ja joustava. IWF s\u00e4\u00e4nt\u00f6jen mukainen, paino 25 lukoilla, akselin halkaisija on 28 mm. Laakeroitu liukulaakereilla.<\/p>\n","protected":false},"featured_media":377,"comment_status":"open","ping_status":"closed","template":"","meta":{"_acf_changed":false},"product_brand":[],"product_cat":[78],"product_tag":[],"class_list":{"0":"post-1660","1":"product","2":"type-product","3":"status-publish","4":"has-post-thumbnail","6":"product_cat-levytangot-leoko","8":"first","9":"instock","10":"taxable","11":"shipping-taxable","12":"purchasable","13":"product-type-simple"},"acf":[],"yoast_head":"<!-- This site is optimized with the Yoast SEO plugin v25.7 - https:\/\/yoast.com\/wordpress\/plugins\/seo\/ -->\n<title>LEOKO, painonnoston harjoitustanko,  sis. peruslukot, \u230050mm - Leoko<\/title>\n<meta name=\"robots\" content=\"index, follow, max-snippet:-1, max-image-preview:large, max-video-preview:-1\" \/>\n<link rel=\"canonical\" href=\"http:\/\/www.leoko.fi\/en\/tuote\/leoko-levytanko-treenipainonnostotanko-sis-peruslukot-\u230050mm\/\" \/>\n<meta property=\"og:locale\" content=\"en_US\" \/>\n<meta property=\"og:type\" content=\"article\" \/>\n<meta property=\"og:title\" content=\"LEOKO, painonnoston harjoitustanko,  sis. peruslukot, \u230050mm - Leoko\" \/>\n<meta property=\"og:description\" content=\"Leoko miesten painonnostotanko. Valmistettu Suomessa parhaista ter\u00e4ksist\u00e4, luja, kest\u00e4v\u00e4 ja joustava. IWF s\u00e4\u00e4nt\u00f6jen mukainen, paino 25 lukoilla, akselin halkaisija on 28 mm. Laakeroitu liukulaakereilla.\" \/>\n<meta property=\"og:url\" content=\"http:\/\/www.leoko.fi\/en\/tuote\/leoko-levytanko-treenipainonnostotanko-sis-peruslukot-\u230050mm\/\" \/>\n<meta property=\"og:site_name\" content=\"Leoko\" \/>\n<meta property=\"article:modified_time\" content=\"2025-02-17T12:27:21+00:00\" \/>\n<meta property=\"og:image\" content=\"http:\/\/www.leoko.fi\/wp-content\/uploads\/2017\/06\/LEOKO-DL-Painonnoston-harjoitustanko-peruslukkoineen.jpg\" \/>\n\t<meta property=\"og:image:width\" content=\"1800\" \/>\n\t<meta property=\"og:image:height\" content=\"540\" \/>\n\t<meta property=\"og:image:type\" content=\"image\/jpeg\" \/>\n<meta name=\"twitter:card\" content=\"summary_large_image\" \/>\n<meta name=\"twitter:label1\" content=\"Est. reading time\" \/>\n\t<meta name=\"twitter:data1\" content=\"2 minutes\" \/>\n<script type=\"application\/ld+json\" class=\"yoast-schema-graph\">{\"@context\":\"https:\/\/schema.org\",\"@graph\":[{\"@type\":\"WebPage\",\"@id\":\"http:\/\/www.leoko.fi\/en\/tuote\/leoko-levytanko-treenipainonnostotanko-sis-peruslukot-%e2%8c%8050mm\/\",\"url\":\"http:\/\/www.leoko.fi\/en\/tuote\/leoko-levytanko-treenipainonnostotanko-sis-peruslukot-%e2%8c%8050mm\/\",\"name\":\"LEOKO, painonnoston harjoitustanko, sis. peruslukot, \u230050mm - Leoko\",\"isPartOf\":{\"@id\":\"https:\/\/www.leoko.fi\/#website\"},\"primaryImageOfPage\":{\"@id\":\"http:\/\/www.leoko.fi\/en\/tuote\/leoko-levytanko-treenipainonnostotanko-sis-peruslukot-%e2%8c%8050mm\/#primaryimage\"},\"image\":{\"@id\":\"http:\/\/www.leoko.fi\/en\/tuote\/leoko-levytanko-treenipainonnostotanko-sis-peruslukot-%e2%8c%8050mm\/#primaryimage\"},\"thumbnailUrl\":\"http:\/\/www.leoko.fi\/wp-content\/uploads\/2017\/06\/LEOKO-DL-Painonnoston-harjoitustanko-peruslukkoineen.jpg\",\"datePublished\":\"2024-05-16T20:48:11+00:00\",\"dateModified\":\"2025-02-17T12:27:21+00:00\",\"breadcrumb\":{\"@id\":\"http:\/\/www.leoko.fi\/en\/tuote\/leoko-levytanko-treenipainonnostotanko-sis-peruslukot-%e2%8c%8050mm\/#breadcrumb\"},\"inLanguage\":\"en-US\",\"potentialAction\":[{\"@type\":\"ReadAction\",\"target\":[\"http:\/\/www.leoko.fi\/en\/tuote\/leoko-levytanko-treenipainonnostotanko-sis-peruslukot-%e2%8c%8050mm\/\"]}]},{\"@type\":\"ImageObject\",\"inLanguage\":\"en-US\",\"@id\":\"http:\/\/www.leoko.fi\/en\/tuote\/leoko-levytanko-treenipainonnostotanko-sis-peruslukot-%e2%8c%8050mm\/#primaryimage\",\"url\":\"http:\/\/www.leoko.fi\/wp-content\/uploads\/2017\/06\/LEOKO-DL-Painonnoston-harjoitustanko-peruslukkoineen.jpg\",\"contentUrl\":\"http:\/\/www.leoko.fi\/wp-content\/uploads\/2017\/06\/LEOKO-DL-Painonnoston-harjoitustanko-peruslukkoineen.jpg\",\"width\":1800,\"height\":540},{\"@type\":\"BreadcrumbList\",\"@id\":\"http:\/\/www.leoko.fi\/en\/tuote\/leoko-levytanko-treenipainonnostotanko-sis-peruslukot-%e2%8c%8050mm\/#breadcrumb\",\"itemListElement\":[{\"@type\":\"ListItem\",\"position\":1,\"name\":\"Etusivu\",\"item\":\"https:\/\/www.leoko.fi\/\"},{\"@type\":\"ListItem\",\"position\":2,\"name\":\"Kauppa\",\"item\":\"http:\/\/www.leoko.fi\/kauppa\/\"},{\"@type\":\"ListItem\",\"position\":3,\"name\":\"LEOKO, painonnoston harjoitustanko, sis. peruslukot, \u230050mm\"}]},{\"@type\":\"WebSite\",\"@id\":\"https:\/\/www.leoko.fi\/#website\",\"url\":\"https:\/\/www.leoko.fi\/\",\"name\":\"Leoko\",\"description\":\"Erikoistunut painonnosto- ja  voimanostov\u00e4lineiden valmistukseen\",\"potentialAction\":[{\"@type\":\"SearchAction\",\"target\":{\"@type\":\"EntryPoint\",\"urlTemplate\":\"https:\/\/www.leoko.fi\/?s={search_term_string}\"},\"query-input\":{\"@type\":\"PropertyValueSpecification\",\"valueRequired\":true,\"valueName\":\"search_term_string\"}}],\"inLanguage\":\"en-US\"}]}<\/script>\n<!-- \/ Yoast SEO plugin. -->","yoast_head_json":{"title":"LEOKO, painonnoston harjoitustanko,  sis. peruslukot, \u230050mm - Leoko","robots":{"index":"index","follow":"follow","max-snippet":"max-snippet:-1","max-image-preview":"max-image-preview:large","max-video-preview":"max-video-preview:-1"},"canonical":"http:\/\/www.leoko.fi\/en\/tuote\/leoko-levytanko-treenipainonnostotanko-sis-peruslukot-\u230050mm\/","og_locale":"en_US","og_type":"article","og_title":"LEOKO, painonnoston harjoitustanko,  sis. peruslukot, \u230050mm - Leoko","og_description":"Leoko miesten painonnostotanko. Valmistettu Suomessa parhaista ter\u00e4ksist\u00e4, luja, kest\u00e4v\u00e4 ja joustava. IWF s\u00e4\u00e4nt\u00f6jen mukainen, paino 25 lukoilla, akselin halkaisija on 28 mm. Laakeroitu liukulaakereilla.","og_url":"http:\/\/www.leoko.fi\/en\/tuote\/leoko-levytanko-treenipainonnostotanko-sis-peruslukot-\u230050mm\/","og_site_name":"Leoko","article_modified_time":"2025-02-17T12:27:21+00:00","og_image":[{"width":1800,"height":540,"url":"http:\/\/www.leoko.fi\/wp-content\/uploads\/2017\/06\/LEOKO-DL-Painonnoston-harjoitustanko-peruslukkoineen.jpg","type":"image\/jpeg"}],"twitter_card":"summary_large_image","twitter_misc":{"Est. reading time":"2 minutes"},"schema":{"@context":"https:\/\/schema.org","@graph":[{"@type":"WebPage","@id":"http:\/\/www.leoko.fi\/en\/tuote\/leoko-levytanko-treenipainonnostotanko-sis-peruslukot-%e2%8c%8050mm\/","url":"http:\/\/www.leoko.fi\/en\/tuote\/leoko-levytanko-treenipainonnostotanko-sis-peruslukot-%e2%8c%8050mm\/","name":"LEOKO, painonnoston harjoitustanko, sis. peruslukot, \u230050mm - Leoko","isPartOf":{"@id":"https:\/\/www.leoko.fi\/#website"},"primaryImageOfPage":{"@id":"http:\/\/www.leoko.fi\/en\/tuote\/leoko-levytanko-treenipainonnostotanko-sis-peruslukot-%e2%8c%8050mm\/#primaryimage"},"image":{"@id":"http:\/\/www.leoko.fi\/en\/tuote\/leoko-levytanko-treenipainonnostotanko-sis-peruslukot-%e2%8c%8050mm\/#primaryimage"},"thumbnailUrl":"http:\/\/www.leoko.fi\/wp-content\/uploads\/2017\/06\/LEOKO-DL-Painonnoston-harjoitustanko-peruslukkoineen.jpg","datePublished":"2024-05-16T20:48:11+00:00","dateModified":"2025-02-17T12:27:21+00:00","breadcrumb":{"@id":"http:\/\/www.leoko.fi\/en\/tuote\/leoko-levytanko-treenipainonnostotanko-sis-peruslukot-%e2%8c%8050mm\/#breadcrumb"},"inLanguage":"en-US","potentialAction":[{"@type":"ReadAction","target":["http:\/\/www.leoko.fi\/en\/tuote\/leoko-levytanko-treenipainonnostotanko-sis-peruslukot-%e2%8c%8050mm\/"]}]},{"@type":"ImageObject","inLanguage":"en-US","@id":"http:\/\/www.leoko.fi\/en\/tuote\/leoko-levytanko-treenipainonnostotanko-sis-peruslukot-%e2%8c%8050mm\/#primaryimage","url":"http:\/\/www.leoko.fi\/wp-content\/uploads\/2017\/06\/LEOKO-DL-Painonnoston-harjoitustanko-peruslukkoineen.jpg","contentUrl":"http:\/\/www.leoko.fi\/wp-content\/uploads\/2017\/06\/LEOKO-DL-Painonnoston-harjoitustanko-peruslukkoineen.jpg","width":1800,"height":540},{"@type":"BreadcrumbList","@id":"http:\/\/www.leoko.fi\/en\/tuote\/leoko-levytanko-treenipainonnostotanko-sis-peruslukot-%e2%8c%8050mm\/#breadcrumb","itemListElement":[{"@type":"ListItem","position":1,"name":"Etusivu","item":"https:\/\/www.leoko.fi\/"},{"@type":"ListItem","position":2,"name":"Kauppa","item":"http:\/\/www.leoko.fi\/kauppa\/"},{"@type":"ListItem","position":3,"name":"LEOKO, painonnoston harjoitustanko, sis. peruslukot, \u230050mm"}]},{"@type":"WebSite","@id":"https:\/\/www.leoko.fi\/#website","url":"https:\/\/www.leoko.fi\/","name":"Leoko","description":"Erikoistunut painonnosto- ja  voimanostov\u00e4lineiden valmistukseen","potentialAction":[{"@type":"SearchAction","target":{"@type":"EntryPoint","urlTemplate":"https:\/\/www.leoko.fi\/?s={search_term_string}"},"query-input":{"@type":"PropertyValueSpecification","valueRequired":true,"valueName":"search_term_string"}}],"inLanguage":"en-US"}]}},"_links":{"self":[{"href":"http:\/\/www.leoko.fi\/en\/wp-json\/wp\/v2\/product\/1660","targetHints":{"allow":["GET"]}}],"collection":[{"href":"http:\/\/www.leoko.fi\/en\/wp-json\/wp\/v2\/product"}],"about":[{"href":"http:\/\/www.leoko.fi\/en\/wp-json\/wp\/v2\/types\/product"}],"replies":[{"embeddable":true,"href":"http:\/\/www.leoko.fi\/en\/wp-json\/wp\/v2\/comments?post=1660"}],"wp:featuredmedia":[{"embeddable":true,"href":"http:\/\/www.leoko.fi\/en\/wp-json\/wp\/v2\/media\/377"}],"wp:attachment":[{"href":"http:\/\/www.leoko.fi\/en\/wp-json\/wp\/v2\/media?parent=1660"}],"wp:term":[{"taxonomy":"product_brand","embeddable":true,"href":"http:\/\/www.leoko.fi\/en\/wp-json\/wp\/v2\/product_brand?post=1660"},{"taxonomy":"product_cat","embeddable":true,"href":"http:\/\/www.leoko.fi\/en\/wp-json\/wp\/v2\/product_cat?post=1660"},{"taxonomy":"product_tag","embeddable":true,"href":"http:\/\/www.leoko.fi\/en\/wp-json\/wp\/v2\/product_tag?post=1660"}],"curies":[{"name":"wp","href":"https:\/\/api.w.org\/{rel}","templated":true}]}}