{"id":1663,"date":"2024-05-17T00:46:55","date_gmt":"2024-05-16T21:46:55","guid":{"rendered":"https:\/\/www.leoko.fi\/?post_type=product&#038;p=1663"},"modified":"2025-09-17T15:02:36","modified_gmt":"2025-09-17T12:02:36","slug":"leoko-lady-levytanko-olympic-painonnostotanko-herkasti-pyoriva-sis-magneettilukot-%e2%8c%8050mm","status":"publish","type":"product","link":"http:\/\/www.leoko.fi\/en\/tuote\/leoko-lady-levytanko-olympic-painonnostotanko-herkasti-pyoriva-sis-magneettilukot-%e2%8c%8050mm\/","title":{"rendered":"Olympic tanko- naisten painonnostotanko, herk\u00e4sti py\u00f6riv\u00e4, magneettilukoilla, \u230050mm LEOKO Lady  levytanko"},"content":{"rendered":"\r\n<p>Leoko Lady,\u00a0 legendaarinen naisten painonnostotanko. Valmistettu Suomessa parhaista ter\u00e4ksist\u00e4, siksi se on luja,kest\u00e4v\u00e4 ja joustava. N\u00e4ill\u00e4 on nostettu lukemattomat mestaruudet ja enn\u00e4tykset. Viel\u00e4 t\u00e4n\u00e4kin p\u00e4iv\u00e4n\u00e4 t\u00e4ll\u00e4 nostellaan kisoissa ja ymp\u00e4ri suomen sadoilla saleilla n\u00e4it\u00e4 k\u00e4ytet\u00e4\u00e4n lakkaamatta.<\/p>\r\n\r\n\r\n\r\n<p>Kaikki Leoko tangot valmistetaan k\u00e4sity\u00f6n\u00e4 Tampereella. Siksi ne ovat avainlipputuotteita.<\/p>\r\n\r\n\r\n\r\n<p>K\u00e4sin karhennettu pit\u00e4v\u00e4ksi, muttei raastavaksi ja pinnoitettu aikaa ja k\u00e4sittely\u00e4 kest\u00e4v\u00e4ll\u00e4 kromilla. Kaikkien Leokon tankojen putkien halkaisija on 50 mm ja Lady tangon akselin halkaisija on 25 mm.<\/p>\r\n\r\n\r\n\r\n<p>Koska Leoko Lady on valmistettu IWF:n s\u00e4\u00e4nt\u00f6jen mukaan, on t\u00e4m\u00e4 taatusti virallisen mittainen, eli pituus on 201cm ja putkien v\u00e4li 131 cm. Lady tanko painaa 15 kg ilman lukkoja.<\/p>\r\n\r\n\r\n\r\n<p>Laakeroitu eritt\u00e4in herk\u00e4sti py\u00f6rivill\u00e4 vierint\u00e4laakereilla ett\u00e4 nostaja saa nostaa parhaan tempauksensa ja ty\u00f6nt\u00f6ns\u00e4.<\/p>\r\n\r\n\r\n\r\n<p>Mukaan tulee kisak\u00e4ytt\u00f6\u00f6n suunnitellut lujat ja yksinkertaiset, 2,5 kg painavat lukot. Lukoissa on voimakkaat magneetit toisessa p\u00e4\u00e4ss\u00e4, jotka mahdollistavat nopeat korotukset viiteen kiloon saakka, kilon askelv\u00e4lill\u00e4.<\/p>\r\n\r\n\r\n\r\n<p>Ett\u00e4 pystyisit nauttimaan Leoko levytangostasi mahdollisimman pitk\u00e4\u00e4n, suositamme, ett\u00e4 pudottelet tankoa vain, alustalle, jolla on v\u00e4hint\u00e4\u00e4n 50 mm kumimattoa pehmusteena.<\/p>\r\n","protected":false},"excerpt":{"rendered":"<p>LEOKO Lady levytanko \/ olympic-painonnostotanko, herk\u00e4sti py\u00f6riv\u00e4, \u230050 \/ 25 mm 2010 mm pitk\u00e4, painaa 20 kg lukoilla.<\/p>\n","protected":false},"featured_media":49,"comment_status":"open","ping_status":"closed","template":"","meta":{"_acf_changed":false},"product_brand":[],"product_cat":[78],"product_tag":[120],"class_list":{"0":"post-1663","1":"product","2":"type-product","3":"status-publish","4":"has-post-thumbnail","6":"product_cat-levytangot-leoko","7":"product_tag-painonnosto","9":"first","10":"instock","11":"taxable","12":"shipping-taxable","13":"purchasable","14":"product-type-simple"},"acf":[],"yoast_head":"<!-- This site is optimized with the Yoast SEO plugin v25.7 - https:\/\/yoast.com\/wordpress\/plugins\/seo\/ -->\n<title>Olympic tanko- naisten painonnostotanko, herk\u00e4sti py\u00f6riv\u00e4, magneettilukoilla, \u230050mm LEOKO Lady levytanko - Leoko<\/title>\n<meta name=\"robots\" content=\"index, follow, max-snippet:-1, max-image-preview:large, max-video-preview:-1\" \/>\n<link rel=\"canonical\" href=\"http:\/\/www.leoko.fi\/en\/tuote\/leoko-lady-levytanko-olympic-painonnostotanko-herkasti-pyoriva-sis-magneettilukot-\u230050mm\/\" \/>\n<meta property=\"og:locale\" content=\"en_US\" \/>\n<meta property=\"og:type\" content=\"article\" \/>\n<meta property=\"og:title\" content=\"Olympic tanko- naisten painonnostotanko, herk\u00e4sti py\u00f6riv\u00e4, magneettilukoilla, \u230050mm LEOKO Lady levytanko - Leoko\" \/>\n<meta property=\"og:description\" content=\"LEOKO Lady levytanko \/ olympic-painonnostotanko, herk\u00e4sti py\u00f6riv\u00e4, \u230050 \/ 25 mm 2010 mm pitk\u00e4, painaa 20 kg lukoilla.\" \/>\n<meta property=\"og:url\" content=\"http:\/\/www.leoko.fi\/en\/tuote\/leoko-lady-levytanko-olympic-painonnostotanko-herkasti-pyoriva-sis-magneettilukot-\u230050mm\/\" \/>\n<meta property=\"og:site_name\" content=\"Leoko\" \/>\n<meta property=\"article:modified_time\" content=\"2025-09-17T12:02:36+00:00\" \/>\n<meta property=\"og:image\" content=\"http:\/\/www.leoko.fi\/wp-content\/uploads\/2017\/06\/LEOKO-Lady-Kilpa-magneettilukoilla-7.jpg\" \/>\n\t<meta property=\"og:image:width\" content=\"1200\" \/>\n\t<meta property=\"og:image:height\" content=\"800\" \/>\n\t<meta property=\"og:image:type\" content=\"image\/jpeg\" \/>\n<meta name=\"twitter:card\" content=\"summary_large_image\" \/>\n<meta name=\"twitter:label1\" content=\"Est. reading time\" \/>\n\t<meta name=\"twitter:data1\" content=\"2 minutes\" \/>\n<script type=\"application\/ld+json\" class=\"yoast-schema-graph\">{\"@context\":\"https:\/\/schema.org\",\"@graph\":[{\"@type\":\"WebPage\",\"@id\":\"http:\/\/www.leoko.fi\/en\/tuote\/leoko-lady-levytanko-olympic-painonnostotanko-herkasti-pyoriva-sis-magneettilukot-%e2%8c%8050mm\/\",\"url\":\"http:\/\/www.leoko.fi\/en\/tuote\/leoko-lady-levytanko-olympic-painonnostotanko-herkasti-pyoriva-sis-magneettilukot-%e2%8c%8050mm\/\",\"name\":\"Olympic tanko- naisten painonnostotanko, herk\u00e4sti py\u00f6riv\u00e4, magneettilukoilla, \u230050mm LEOKO Lady levytanko - Leoko\",\"isPartOf\":{\"@id\":\"https:\/\/www.leoko.fi\/#website\"},\"primaryImageOfPage\":{\"@id\":\"http:\/\/www.leoko.fi\/en\/tuote\/leoko-lady-levytanko-olympic-painonnostotanko-herkasti-pyoriva-sis-magneettilukot-%e2%8c%8050mm\/#primaryimage\"},\"image\":{\"@id\":\"http:\/\/www.leoko.fi\/en\/tuote\/leoko-lady-levytanko-olympic-painonnostotanko-herkasti-pyoriva-sis-magneettilukot-%e2%8c%8050mm\/#primaryimage\"},\"thumbnailUrl\":\"http:\/\/www.leoko.fi\/wp-content\/uploads\/2017\/06\/LEOKO-Lady-Kilpa-magneettilukoilla-7.jpg\",\"datePublished\":\"2024-05-16T21:46:55+00:00\",\"dateModified\":\"2025-09-17T12:02:36+00:00\",\"breadcrumb\":{\"@id\":\"http:\/\/www.leoko.fi\/en\/tuote\/leoko-lady-levytanko-olympic-painonnostotanko-herkasti-pyoriva-sis-magneettilukot-%e2%8c%8050mm\/#breadcrumb\"},\"inLanguage\":\"en-US\",\"potentialAction\":[{\"@type\":\"ReadAction\",\"target\":[\"http:\/\/www.leoko.fi\/en\/tuote\/leoko-lady-levytanko-olympic-painonnostotanko-herkasti-pyoriva-sis-magneettilukot-%e2%8c%8050mm\/\"]}]},{\"@type\":\"ImageObject\",\"inLanguage\":\"en-US\",\"@id\":\"http:\/\/www.leoko.fi\/en\/tuote\/leoko-lady-levytanko-olympic-painonnostotanko-herkasti-pyoriva-sis-magneettilukot-%e2%8c%8050mm\/#primaryimage\",\"url\":\"http:\/\/www.leoko.fi\/wp-content\/uploads\/2017\/06\/LEOKO-Lady-Kilpa-magneettilukoilla-7.jpg\",\"contentUrl\":\"http:\/\/www.leoko.fi\/wp-content\/uploads\/2017\/06\/LEOKO-Lady-Kilpa-magneettilukoilla-7.jpg\",\"width\":1200,\"height\":800,\"caption\":\"LEOKO-Lady-Kilpa-magneettilukoilla--7\"},{\"@type\":\"BreadcrumbList\",\"@id\":\"http:\/\/www.leoko.fi\/en\/tuote\/leoko-lady-levytanko-olympic-painonnostotanko-herkasti-pyoriva-sis-magneettilukot-%e2%8c%8050mm\/#breadcrumb\",\"itemListElement\":[{\"@type\":\"ListItem\",\"position\":1,\"name\":\"Etusivu\",\"item\":\"https:\/\/www.leoko.fi\/\"},{\"@type\":\"ListItem\",\"position\":2,\"name\":\"Kauppa\",\"item\":\"https:\/\/www.leoko.fi\/kauppa\/\"},{\"@type\":\"ListItem\",\"position\":3,\"name\":\"Olympic tanko- naisten painonnostotanko, herk\u00e4sti py\u00f6riv\u00e4, magneettilukoilla, \u230050mm LEOKO Lady levytanko\"}]},{\"@type\":\"WebSite\",\"@id\":\"https:\/\/www.leoko.fi\/#website\",\"url\":\"https:\/\/www.leoko.fi\/\",\"name\":\"Leoko\",\"description\":\"Erikoistunut painonnosto- ja  voimanostov\u00e4lineiden valmistukseen\",\"potentialAction\":[{\"@type\":\"SearchAction\",\"target\":{\"@type\":\"EntryPoint\",\"urlTemplate\":\"https:\/\/www.leoko.fi\/?s={search_term_string}\"},\"query-input\":{\"@type\":\"PropertyValueSpecification\",\"valueRequired\":true,\"valueName\":\"search_term_string\"}}],\"inLanguage\":\"en-US\"}]}<\/script>\n<!-- \/ Yoast SEO plugin. -->","yoast_head_json":{"title":"Olympic tanko- naisten painonnostotanko, herk\u00e4sti py\u00f6riv\u00e4, magneettilukoilla, \u230050mm LEOKO Lady levytanko - Leoko","robots":{"index":"index","follow":"follow","max-snippet":"max-snippet:-1","max-image-preview":"max-image-preview:large","max-video-preview":"max-video-preview:-1"},"canonical":"http:\/\/www.leoko.fi\/en\/tuote\/leoko-lady-levytanko-olympic-painonnostotanko-herkasti-pyoriva-sis-magneettilukot-\u230050mm\/","og_locale":"en_US","og_type":"article","og_title":"Olympic tanko- naisten painonnostotanko, herk\u00e4sti py\u00f6riv\u00e4, magneettilukoilla, \u230050mm LEOKO Lady levytanko - Leoko","og_description":"LEOKO Lady levytanko \/ olympic-painonnostotanko, herk\u00e4sti py\u00f6riv\u00e4, \u230050 \/ 25 mm 2010 mm pitk\u00e4, painaa 20 kg lukoilla.","og_url":"http:\/\/www.leoko.fi\/en\/tuote\/leoko-lady-levytanko-olympic-painonnostotanko-herkasti-pyoriva-sis-magneettilukot-\u230050mm\/","og_site_name":"Leoko","article_modified_time":"2025-09-17T12:02:36+00:00","og_image":[{"width":1200,"height":800,"url":"http:\/\/www.leoko.fi\/wp-content\/uploads\/2017\/06\/LEOKO-Lady-Kilpa-magneettilukoilla-7.jpg","type":"image\/jpeg"}],"twitter_card":"summary_large_image","twitter_misc":{"Est. reading time":"2 minutes"},"schema":{"@context":"https:\/\/schema.org","@graph":[{"@type":"WebPage","@id":"http:\/\/www.leoko.fi\/en\/tuote\/leoko-lady-levytanko-olympic-painonnostotanko-herkasti-pyoriva-sis-magneettilukot-%e2%8c%8050mm\/","url":"http:\/\/www.leoko.fi\/en\/tuote\/leoko-lady-levytanko-olympic-painonnostotanko-herkasti-pyoriva-sis-magneettilukot-%e2%8c%8050mm\/","name":"Olympic tanko- naisten painonnostotanko, herk\u00e4sti py\u00f6riv\u00e4, magneettilukoilla, \u230050mm LEOKO Lady levytanko - Leoko","isPartOf":{"@id":"https:\/\/www.leoko.fi\/#website"},"primaryImageOfPage":{"@id":"http:\/\/www.leoko.fi\/en\/tuote\/leoko-lady-levytanko-olympic-painonnostotanko-herkasti-pyoriva-sis-magneettilukot-%e2%8c%8050mm\/#primaryimage"},"image":{"@id":"http:\/\/www.leoko.fi\/en\/tuote\/leoko-lady-levytanko-olympic-painonnostotanko-herkasti-pyoriva-sis-magneettilukot-%e2%8c%8050mm\/#primaryimage"},"thumbnailUrl":"http:\/\/www.leoko.fi\/wp-content\/uploads\/2017\/06\/LEOKO-Lady-Kilpa-magneettilukoilla-7.jpg","datePublished":"2024-05-16T21:46:55+00:00","dateModified":"2025-09-17T12:02:36+00:00","breadcrumb":{"@id":"http:\/\/www.leoko.fi\/en\/tuote\/leoko-lady-levytanko-olympic-painonnostotanko-herkasti-pyoriva-sis-magneettilukot-%e2%8c%8050mm\/#breadcrumb"},"inLanguage":"en-US","potentialAction":[{"@type":"ReadAction","target":["http:\/\/www.leoko.fi\/en\/tuote\/leoko-lady-levytanko-olympic-painonnostotanko-herkasti-pyoriva-sis-magneettilukot-%e2%8c%8050mm\/"]}]},{"@type":"ImageObject","inLanguage":"en-US","@id":"http:\/\/www.leoko.fi\/en\/tuote\/leoko-lady-levytanko-olympic-painonnostotanko-herkasti-pyoriva-sis-magneettilukot-%e2%8c%8050mm\/#primaryimage","url":"http:\/\/www.leoko.fi\/wp-content\/uploads\/2017\/06\/LEOKO-Lady-Kilpa-magneettilukoilla-7.jpg","contentUrl":"http:\/\/www.leoko.fi\/wp-content\/uploads\/2017\/06\/LEOKO-Lady-Kilpa-magneettilukoilla-7.jpg","width":1200,"height":800,"caption":"LEOKO-Lady-Kilpa-magneettilukoilla--7"},{"@type":"BreadcrumbList","@id":"http:\/\/www.leoko.fi\/en\/tuote\/leoko-lady-levytanko-olympic-painonnostotanko-herkasti-pyoriva-sis-magneettilukot-%e2%8c%8050mm\/#breadcrumb","itemListElement":[{"@type":"ListItem","position":1,"name":"Etusivu","item":"https:\/\/www.leoko.fi\/"},{"@type":"ListItem","position":2,"name":"Kauppa","item":"https:\/\/www.leoko.fi\/kauppa\/"},{"@type":"ListItem","position":3,"name":"Olympic tanko- naisten painonnostotanko, herk\u00e4sti py\u00f6riv\u00e4, magneettilukoilla, \u230050mm LEOKO Lady levytanko"}]},{"@type":"WebSite","@id":"https:\/\/www.leoko.fi\/#website","url":"https:\/\/www.leoko.fi\/","name":"Leoko","description":"Erikoistunut painonnosto- ja  voimanostov\u00e4lineiden valmistukseen","potentialAction":[{"@type":"SearchAction","target":{"@type":"EntryPoint","urlTemplate":"https:\/\/www.leoko.fi\/?s={search_term_string}"},"query-input":{"@type":"PropertyValueSpecification","valueRequired":true,"valueName":"search_term_string"}}],"inLanguage":"en-US"}]}},"_links":{"self":[{"href":"http:\/\/www.leoko.fi\/en\/wp-json\/wp\/v2\/product\/1663","targetHints":{"allow":["GET"]}}],"collection":[{"href":"http:\/\/www.leoko.fi\/en\/wp-json\/wp\/v2\/product"}],"about":[{"href":"http:\/\/www.leoko.fi\/en\/wp-json\/wp\/v2\/types\/product"}],"replies":[{"embeddable":true,"href":"http:\/\/www.leoko.fi\/en\/wp-json\/wp\/v2\/comments?post=1663"}],"wp:featuredmedia":[{"embeddable":true,"href":"http:\/\/www.leoko.fi\/en\/wp-json\/wp\/v2\/media\/49"}],"wp:attachment":[{"href":"http:\/\/www.leoko.fi\/en\/wp-json\/wp\/v2\/media?parent=1663"}],"wp:term":[{"taxonomy":"product_brand","embeddable":true,"href":"http:\/\/www.leoko.fi\/en\/wp-json\/wp\/v2\/product_brand?post=1663"},{"taxonomy":"product_cat","embeddable":true,"href":"http:\/\/www.leoko.fi\/en\/wp-json\/wp\/v2\/product_cat?post=1663"},{"taxonomy":"product_tag","embeddable":true,"href":"http:\/\/www.leoko.fi\/en\/wp-json\/wp\/v2\/product_tag?post=1663"}],"curies":[{"name":"wp","href":"https:\/\/api.w.org\/{rel}","templated":true}]}}