{"id":1666,"date":"2024-05-17T01:03:45","date_gmt":"2024-05-16T22:03:45","guid":{"rendered":"https:\/\/www.leoko.fi\/?post_type=product&#038;p=1666"},"modified":"2025-09-04T15:25:26","modified_gmt":"2025-09-04T12:25:26","slug":"leoko-kumitettu-kisalevypaino-20-kg-%e2%8c%80-50-mm-sininen-bumper-plate","status":"publish","type":"product","link":"http:\/\/www.leoko.fi\/en\/tuote\/leoko-kumitettu-kisalevypaino-20-kg-%e2%8c%80-50-mm-sininen-bumper-plate\/","title":{"rendered":"Painonnostolevy 20 kg \u2300 50 mm  sininen bumper plate LEOKO,  kumitettu  kisalevypaino"},"content":{"rendered":"\r\n<p>Leokon klassisesti muotoillut kumilevyt, joissa ei ole kumi koristeena. Lujuutta ja kest\u00e4vyytt\u00e4 arvostavalle n\u00e4m\u00e4 ovat ehdottomasti paras vaihtoehto. N\u00e4iss\u00e4 levyiss\u00e4 on paksu iskunvaimenninkumi valurautaisen navan ymp\u00e4rill\u00e4, siksi n\u00e4m\u00e4 n\u00e4ytt\u00e4v\u00e4t erilaisilta, kuin esimerkiksi Eleiko levypainot, tai Rogue levypainot, joteka on pinnoiettu kauttaltaan kumilla. Leokon valuraudan kaunis muotoilu tekee n\u00e4ist\u00e4 eritt\u00e4in kest\u00e4v\u00e4t ja k\u00e4tev\u00e4t k\u00e4sitell\u00e4.<\/p>\r\n\r\n\r\n\r\n<p>Kumiosa on liitetty rautaiseen ytimeen vulkanoimalla niin lujasti, ettei edes vuoskymmenien jatkuva k\u00e4ytt\u00f6 irroita sit\u00e4 navastaan. Siksi n\u00e4it\u00e4 on kaikilla vanhoilla saleilla, joille n\u00e4it\u00e4 on koskaan ostettu.<\/p>\r\n\r\n\r\n\r\n<p>Kisak\u00e4ytt\u00f6iset painot on kalibroitu vastaamaan IWF: n (International Weightlifting Federation) s\u00e4\u00e4nt\u00f6jen vaatimuksia, joten painotoleranssi, (eli erotus nimellispainosta) on todella pieni. Leokon levypainoilla on nosteltu monia Suomenmestaruuksia ja -enn\u00e4tyksi\u00e4. N\u00e4ill\u00e4 painolevyill\u00e4\u00a0 sin\u00e4kin saat nostaa omat enn\u00e4tyksesi ja luottaa siihen, ett\u00e4 tulos on vertailukelpoinen maailman huippujen kanssa.<\/p>\r\n\r\n\r\n\r\n<p>Kilpalevyjen kumit noudattavat olympialaisten ja IWF:n v\u00e4rikoodeja. Eli 20 kg levyjen kumi on sininen.<\/p>\r\n\r\n\r\n\r\n<p>Koska Leoko\u00a0 kumilevyt\u00a0 on kumitettu Suomessa, niin ei tarvitse pel\u00e4t\u00e4, ett\u00e4 kumeihin olisi sekoitettu mit\u00e4\u00e4n ep\u00e4ilytt\u00e4v\u00e4\u00e4, tai vaarallista. Valurautanavat on maalattu polyuretaanimaalilla hopeanharmaiksi. Kaikki kumilevysarjan levypainot ovat halkaisijaltaan 450 m<\/p>\r\n","protected":false},"excerpt":{"rendered":"<p>Leoko bumper kisak\u00e4ytt\u00f6iset levypainot painonnostoon IWF-s\u00e4\u00e4nt\u00f6jen mukaiset. 20 kg. Paksu vaimenninkumi ja valurautainen keski\u00f6 \u2300 50 mm \/450 mm<\/p>\n","protected":false},"featured_media":329,"comment_status":"open","ping_status":"closed","template":"","meta":{"_acf_changed":false},"product_brand":[],"product_cat":[87],"product_tag":[],"class_list":{"0":"post-1666","1":"product","2":"type-product","3":"status-publish","4":"has-post-thumbnail","6":"product_cat-levypainot-leoko","8":"first","9":"instock","10":"taxable","11":"shipping-taxable","12":"purchasable","13":"product-type-simple"},"acf":[],"yoast_head":"<!-- This site is optimized with the Yoast SEO plugin v25.7 - https:\/\/yoast.com\/wordpress\/plugins\/seo\/ -->\n<title>Painonnostolevy 20 kg \u2300 50 mm sininen bumper plate LEOKO, kumitettu kisalevypaino - Leoko<\/title>\n<meta name=\"robots\" content=\"index, follow, max-snippet:-1, max-image-preview:large, max-video-preview:-1\" \/>\n<link rel=\"canonical\" href=\"https:\/\/www.leoko.fi\/tuote\/leoko-kumitettu-kisalevypaino-20-kg-\u2300-50-mm-sininen-bumper-plate\/\" \/>\n<meta property=\"og:locale\" content=\"en_US\" \/>\n<meta property=\"og:type\" content=\"article\" \/>\n<meta property=\"og:title\" content=\"Painonnostolevy 20 kg \u2300 50 mm sininen bumper plate LEOKO, kumitettu kisalevypaino - Leoko\" \/>\n<meta property=\"og:description\" content=\"Leoko bumper kisak\u00e4ytt\u00f6iset levypainot painonnostoon IWF-s\u00e4\u00e4nt\u00f6jen mukaiset. 20 kg. Paksu vaimenninkumi ja valurautainen keski\u00f6 \u2300 50 mm \/450 mm\" \/>\n<meta property=\"og:url\" content=\"https:\/\/www.leoko.fi\/tuote\/leoko-kumitettu-kisalevypaino-20-kg-\u2300-50-mm-sininen-bumper-plate\/\" \/>\n<meta property=\"og:site_name\" content=\"Leoko\" \/>\n<meta property=\"article:modified_time\" content=\"2025-09-04T12:25:26+00:00\" \/>\n<meta property=\"og:image\" content=\"https:\/\/www.leoko.fi\/wp-content\/uploads\/2017\/06\/LEOKO-Painonnostolevy-IWF-s\u00e4\u00e4nt\u00f6jen-mukainen-20-kg.jpg\" \/>\n\t<meta property=\"og:image:width\" content=\"1200\" \/>\n\t<meta property=\"og:image:height\" content=\"1200\" \/>\n\t<meta property=\"og:image:type\" content=\"image\/jpeg\" \/>\n<meta name=\"twitter:card\" content=\"summary_large_image\" \/>\n<meta name=\"twitter:label1\" content=\"Est. reading time\" \/>\n\t<meta name=\"twitter:data1\" content=\"2 minutes\" \/>\n<script type=\"application\/ld+json\" class=\"yoast-schema-graph\">{\"@context\":\"https:\/\/schema.org\",\"@graph\":[{\"@type\":\"WebPage\",\"@id\":\"https:\/\/www.leoko.fi\/tuote\/leoko-kumitettu-kisalevypaino-20-kg-%e2%8c%80-50-mm-sininen-bumper-plate\/\",\"url\":\"https:\/\/www.leoko.fi\/tuote\/leoko-kumitettu-kisalevypaino-20-kg-%e2%8c%80-50-mm-sininen-bumper-plate\/\",\"name\":\"Painonnostolevy 20 kg \u2300 50 mm sininen bumper plate LEOKO, kumitettu kisalevypaino - Leoko\",\"isPartOf\":{\"@id\":\"https:\/\/www.leoko.fi\/#website\"},\"primaryImageOfPage\":{\"@id\":\"https:\/\/www.leoko.fi\/tuote\/leoko-kumitettu-kisalevypaino-20-kg-%e2%8c%80-50-mm-sininen-bumper-plate\/#primaryimage\"},\"image\":{\"@id\":\"https:\/\/www.leoko.fi\/tuote\/leoko-kumitettu-kisalevypaino-20-kg-%e2%8c%80-50-mm-sininen-bumper-plate\/#primaryimage\"},\"thumbnailUrl\":\"http:\/\/www.leoko.fi\/wp-content\/uploads\/2017\/06\/LEOKO-Painonnostolevy-IWF-s\u00e4\u00e4nt\u00f6jen-mukainen-20-kg.jpg\",\"datePublished\":\"2024-05-16T22:03:45+00:00\",\"dateModified\":\"2025-09-04T12:25:26+00:00\",\"breadcrumb\":{\"@id\":\"https:\/\/www.leoko.fi\/tuote\/leoko-kumitettu-kisalevypaino-20-kg-%e2%8c%80-50-mm-sininen-bumper-plate\/#breadcrumb\"},\"inLanguage\":\"en-US\",\"potentialAction\":[{\"@type\":\"ReadAction\",\"target\":[\"https:\/\/www.leoko.fi\/tuote\/leoko-kumitettu-kisalevypaino-20-kg-%e2%8c%80-50-mm-sininen-bumper-plate\/\"]}]},{\"@type\":\"ImageObject\",\"inLanguage\":\"en-US\",\"@id\":\"https:\/\/www.leoko.fi\/tuote\/leoko-kumitettu-kisalevypaino-20-kg-%e2%8c%80-50-mm-sininen-bumper-plate\/#primaryimage\",\"url\":\"http:\/\/www.leoko.fi\/wp-content\/uploads\/2017\/06\/LEOKO-Painonnostolevy-IWF-s\u00e4\u00e4nt\u00f6jen-mukainen-20-kg.jpg\",\"contentUrl\":\"http:\/\/www.leoko.fi\/wp-content\/uploads\/2017\/06\/LEOKO-Painonnostolevy-IWF-s\u00e4\u00e4nt\u00f6jen-mukainen-20-kg.jpg\",\"width\":1200,\"height\":1200},{\"@type\":\"BreadcrumbList\",\"@id\":\"https:\/\/www.leoko.fi\/tuote\/leoko-kumitettu-kisalevypaino-20-kg-%e2%8c%80-50-mm-sininen-bumper-plate\/#breadcrumb\",\"itemListElement\":[{\"@type\":\"ListItem\",\"position\":1,\"name\":\"Etusivu\",\"item\":\"https:\/\/www.leoko.fi\/\"},{\"@type\":\"ListItem\",\"position\":2,\"name\":\"Kauppa\",\"item\":\"https:\/\/www.leoko.fi\/kauppa\/\"},{\"@type\":\"ListItem\",\"position\":3,\"name\":\"Painonnostolevy 20 kg \u2300 50 mm sininen bumper plate LEOKO, kumitettu kisalevypaino\"}]},{\"@type\":\"WebSite\",\"@id\":\"https:\/\/www.leoko.fi\/#website\",\"url\":\"https:\/\/www.leoko.fi\/\",\"name\":\"Leoko\",\"description\":\"Erikoistunut painonnosto- ja  voimanostov\u00e4lineiden valmistukseen\",\"potentialAction\":[{\"@type\":\"SearchAction\",\"target\":{\"@type\":\"EntryPoint\",\"urlTemplate\":\"https:\/\/www.leoko.fi\/?s={search_term_string}\"},\"query-input\":{\"@type\":\"PropertyValueSpecification\",\"valueRequired\":true,\"valueName\":\"search_term_string\"}}],\"inLanguage\":\"en-US\"}]}<\/script>\n<!-- \/ Yoast SEO plugin. -->","yoast_head_json":{"title":"Painonnostolevy 20 kg \u2300 50 mm sininen bumper plate LEOKO, kumitettu kisalevypaino - Leoko","robots":{"index":"index","follow":"follow","max-snippet":"max-snippet:-1","max-image-preview":"max-image-preview:large","max-video-preview":"max-video-preview:-1"},"canonical":"https:\/\/www.leoko.fi\/tuote\/leoko-kumitettu-kisalevypaino-20-kg-\u2300-50-mm-sininen-bumper-plate\/","og_locale":"en_US","og_type":"article","og_title":"Painonnostolevy 20 kg \u2300 50 mm sininen bumper plate LEOKO, kumitettu kisalevypaino - Leoko","og_description":"Leoko bumper kisak\u00e4ytt\u00f6iset levypainot painonnostoon IWF-s\u00e4\u00e4nt\u00f6jen mukaiset. 20 kg. Paksu vaimenninkumi ja valurautainen keski\u00f6 \u2300 50 mm \/450 mm","og_url":"https:\/\/www.leoko.fi\/tuote\/leoko-kumitettu-kisalevypaino-20-kg-\u2300-50-mm-sininen-bumper-plate\/","og_site_name":"Leoko","article_modified_time":"2025-09-04T12:25:26+00:00","og_image":[{"width":1200,"height":1200,"url":"https:\/\/www.leoko.fi\/wp-content\/uploads\/2017\/06\/LEOKO-Painonnostolevy-IWF-s\u00e4\u00e4nt\u00f6jen-mukainen-20-kg.jpg","type":"image\/jpeg"}],"twitter_card":"summary_large_image","twitter_misc":{"Est. reading time":"2 minutes"},"schema":{"@context":"https:\/\/schema.org","@graph":[{"@type":"WebPage","@id":"https:\/\/www.leoko.fi\/tuote\/leoko-kumitettu-kisalevypaino-20-kg-%e2%8c%80-50-mm-sininen-bumper-plate\/","url":"https:\/\/www.leoko.fi\/tuote\/leoko-kumitettu-kisalevypaino-20-kg-%e2%8c%80-50-mm-sininen-bumper-plate\/","name":"Painonnostolevy 20 kg \u2300 50 mm sininen bumper plate LEOKO, kumitettu kisalevypaino - Leoko","isPartOf":{"@id":"https:\/\/www.leoko.fi\/#website"},"primaryImageOfPage":{"@id":"https:\/\/www.leoko.fi\/tuote\/leoko-kumitettu-kisalevypaino-20-kg-%e2%8c%80-50-mm-sininen-bumper-plate\/#primaryimage"},"image":{"@id":"https:\/\/www.leoko.fi\/tuote\/leoko-kumitettu-kisalevypaino-20-kg-%e2%8c%80-50-mm-sininen-bumper-plate\/#primaryimage"},"thumbnailUrl":"http:\/\/www.leoko.fi\/wp-content\/uploads\/2017\/06\/LEOKO-Painonnostolevy-IWF-s\u00e4\u00e4nt\u00f6jen-mukainen-20-kg.jpg","datePublished":"2024-05-16T22:03:45+00:00","dateModified":"2025-09-04T12:25:26+00:00","breadcrumb":{"@id":"https:\/\/www.leoko.fi\/tuote\/leoko-kumitettu-kisalevypaino-20-kg-%e2%8c%80-50-mm-sininen-bumper-plate\/#breadcrumb"},"inLanguage":"en-US","potentialAction":[{"@type":"ReadAction","target":["https:\/\/www.leoko.fi\/tuote\/leoko-kumitettu-kisalevypaino-20-kg-%e2%8c%80-50-mm-sininen-bumper-plate\/"]}]},{"@type":"ImageObject","inLanguage":"en-US","@id":"https:\/\/www.leoko.fi\/tuote\/leoko-kumitettu-kisalevypaino-20-kg-%e2%8c%80-50-mm-sininen-bumper-plate\/#primaryimage","url":"http:\/\/www.leoko.fi\/wp-content\/uploads\/2017\/06\/LEOKO-Painonnostolevy-IWF-s\u00e4\u00e4nt\u00f6jen-mukainen-20-kg.jpg","contentUrl":"http:\/\/www.leoko.fi\/wp-content\/uploads\/2017\/06\/LEOKO-Painonnostolevy-IWF-s\u00e4\u00e4nt\u00f6jen-mukainen-20-kg.jpg","width":1200,"height":1200},{"@type":"BreadcrumbList","@id":"https:\/\/www.leoko.fi\/tuote\/leoko-kumitettu-kisalevypaino-20-kg-%e2%8c%80-50-mm-sininen-bumper-plate\/#breadcrumb","itemListElement":[{"@type":"ListItem","position":1,"name":"Etusivu","item":"https:\/\/www.leoko.fi\/"},{"@type":"ListItem","position":2,"name":"Kauppa","item":"https:\/\/www.leoko.fi\/kauppa\/"},{"@type":"ListItem","position":3,"name":"Painonnostolevy 20 kg \u2300 50 mm sininen bumper plate LEOKO, kumitettu kisalevypaino"}]},{"@type":"WebSite","@id":"https:\/\/www.leoko.fi\/#website","url":"https:\/\/www.leoko.fi\/","name":"Leoko","description":"Erikoistunut painonnosto- ja  voimanostov\u00e4lineiden valmistukseen","potentialAction":[{"@type":"SearchAction","target":{"@type":"EntryPoint","urlTemplate":"https:\/\/www.leoko.fi\/?s={search_term_string}"},"query-input":{"@type":"PropertyValueSpecification","valueRequired":true,"valueName":"search_term_string"}}],"inLanguage":"en-US"}]}},"_links":{"self":[{"href":"http:\/\/www.leoko.fi\/en\/wp-json\/wp\/v2\/product\/1666","targetHints":{"allow":["GET"]}}],"collection":[{"href":"http:\/\/www.leoko.fi\/en\/wp-json\/wp\/v2\/product"}],"about":[{"href":"http:\/\/www.leoko.fi\/en\/wp-json\/wp\/v2\/types\/product"}],"replies":[{"embeddable":true,"href":"http:\/\/www.leoko.fi\/en\/wp-json\/wp\/v2\/comments?post=1666"}],"wp:featuredmedia":[{"embeddable":true,"href":"http:\/\/www.leoko.fi\/en\/wp-json\/wp\/v2\/media\/329"}],"wp:attachment":[{"href":"http:\/\/www.leoko.fi\/en\/wp-json\/wp\/v2\/media?parent=1666"}],"wp:term":[{"taxonomy":"product_brand","embeddable":true,"href":"http:\/\/www.leoko.fi\/en\/wp-json\/wp\/v2\/product_brand?post=1666"},{"taxonomy":"product_cat","embeddable":true,"href":"http:\/\/www.leoko.fi\/en\/wp-json\/wp\/v2\/product_cat?post=1666"},{"taxonomy":"product_tag","embeddable":true,"href":"http:\/\/www.leoko.fi\/en\/wp-json\/wp\/v2\/product_tag?post=1666"}],"curies":[{"name":"wp","href":"https:\/\/api.w.org\/{rel}","templated":true}]}}