{"id":1682,"date":"2024-05-17T02:53:21","date_gmt":"2024-05-16T23:53:21","guid":{"rendered":"https:\/\/www.leoko.fi\/?post_type=product&#038;p=1682"},"modified":"2025-08-27T16:51:08","modified_gmt":"2025-08-27T13:51:08","slug":"leoko-levypaino-voimanosto-painonnosto-teras-125-kg-hopea-o-50-mm","status":"publish","type":"product","link":"http:\/\/www.leoko.fi\/en\/tuote\/leoko-levypaino-voimanosto-painonnosto-teras-125-kg-hopea-o-50-mm\/","title":{"rendered":"1,25 kg levypaino, voimanosto \/ painonnosto ter\u00e4s, 1,25 kg, hopea  \u00d8 50 mm LEOKO"},"content":{"rendered":"\r\n<p>N\u00e4m\u00e4 levypainot on valmistettu Suomessa rakenneter\u00e4ksest\u00e4 sorvaamalla ne oikeaan muotoon ja painoon. Pitk\u00e4ik\u00e4isen kest\u00e4vyyden takaa luja materiaali ja polyuretaanimaalaus.<\/p>\r\n\r\n\r\n\r\n<p>Sopivat kaikkiin LEOKO tankoihin ja muihinkin 50 mm levytankoihin. K\u00e4ytet\u00e4\u00e4n sek\u00e4 painonnostossa, ett\u00e4 voimanostossa.<\/p>\r\n\r\n\r\n\r\n<p>1,25 kg levypainossa on k\u00e4sitelt\u00e4vyytt\u00e4 parantava reunavalli. Mitat, painot ja v\u00e4rit on yhteensopivat IWF-s\u00e4\u00e4nt\u00f6ihin. joten levypaino 1,25 kg on hopeinen N\u00e4ill\u00e4 sin\u00e4kin saat nostaa omat enn\u00e4tyksesi ja luottaa siihen, ett\u00e4 tulos on vertailukelpoinen maailman huippujen kanssa.<\/p>\r\n","protected":false},"excerpt":{"rendered":"<p>LEOKO levypaino voimanosto \/ painonnosto ter\u00e4s 1,25 kg sininen \u00d8 165 \/ 50 mm.<\/p>\n<p>Valmistettu Suomessa.<\/p>\n","protected":false},"featured_media":337,"comment_status":"open","ping_status":"closed","template":"","meta":{"_acf_changed":false},"product_brand":[],"product_cat":[87],"product_tag":[],"class_list":{"0":"post-1682","1":"product","2":"type-product","3":"status-publish","4":"has-post-thumbnail","6":"product_cat-levypainot-leoko","8":"first","9":"instock","10":"taxable","11":"shipping-taxable","12":"purchasable","13":"product-type-simple"},"acf":[],"yoast_head":"<!-- This site is optimized with the Yoast SEO plugin v25.7 - https:\/\/yoast.com\/wordpress\/plugins\/seo\/ -->\n<title>1,25 kg levypaino, voimanosto \/ painonnosto ter\u00e4s, 1,25 kg, hopea \u00d8 50 mm LEOKO - Leoko<\/title>\n<meta name=\"description\" content=\"Levypaino 1,25 kg voianostolevy, ter\u00e4st\u00e4\" \/>\n<meta name=\"robots\" content=\"index, follow, max-snippet:-1, max-image-preview:large, max-video-preview:-1\" \/>\n<link rel=\"canonical\" href=\"https:\/\/www.leoko.fi\/tuote\/leoko-levypaino-voimanosto-painonnosto-teras-125-kg-hopea-o-50-mm\/\" \/>\n<meta property=\"og:locale\" content=\"en_US\" \/>\n<meta property=\"og:type\" content=\"article\" \/>\n<meta property=\"og:title\" content=\"1,25 kg levypaino, voimanosto \/ painonnosto ter\u00e4s, 1,25 kg, hopea \u00d8 50 mm LEOKO - Leoko\" \/>\n<meta property=\"og:description\" content=\"Levypaino 1,25 kg voianostolevy, ter\u00e4st\u00e4\" \/>\n<meta property=\"og:url\" content=\"https:\/\/www.leoko.fi\/tuote\/leoko-levypaino-voimanosto-painonnosto-teras-125-kg-hopea-o-50-mm\/\" \/>\n<meta property=\"og:site_name\" content=\"Leoko\" \/>\n<meta property=\"article:modified_time\" content=\"2025-08-27T13:51:08+00:00\" \/>\n<meta property=\"og:image\" content=\"https:\/\/www.leoko.fi\/wp-content\/uploads\/2017\/06\/LEOKO-Voimanostolevy-IPF-hyv\u00e4ksym\u00e4-125-kg-4-1.jpg\" \/>\n\t<meta property=\"og:image:width\" content=\"1200\" \/>\n\t<meta property=\"og:image:height\" content=\"1200\" \/>\n\t<meta property=\"og:image:type\" content=\"image\/jpeg\" \/>\n<meta name=\"twitter:card\" content=\"summary_large_image\" \/>\n<meta name=\"twitter:label1\" content=\"Est. reading time\" \/>\n\t<meta name=\"twitter:data1\" content=\"1 minute\" \/>\n<script type=\"application\/ld+json\" class=\"yoast-schema-graph\">{\"@context\":\"https:\/\/schema.org\",\"@graph\":[{\"@type\":\"WebPage\",\"@id\":\"https:\/\/www.leoko.fi\/tuote\/leoko-levypaino-voimanosto-painonnosto-teras-125-kg-hopea-o-50-mm\/\",\"url\":\"https:\/\/www.leoko.fi\/tuote\/leoko-levypaino-voimanosto-painonnosto-teras-125-kg-hopea-o-50-mm\/\",\"name\":\"1,25 kg levypaino, voimanosto \/ painonnosto ter\u00e4s, 1,25 kg, hopea \u00d8 50 mm LEOKO - Leoko\",\"isPartOf\":{\"@id\":\"https:\/\/www.leoko.fi\/#website\"},\"primaryImageOfPage\":{\"@id\":\"https:\/\/www.leoko.fi\/tuote\/leoko-levypaino-voimanosto-painonnosto-teras-125-kg-hopea-o-50-mm\/#primaryimage\"},\"image\":{\"@id\":\"https:\/\/www.leoko.fi\/tuote\/leoko-levypaino-voimanosto-painonnosto-teras-125-kg-hopea-o-50-mm\/#primaryimage\"},\"thumbnailUrl\":\"http:\/\/www.leoko.fi\/wp-content\/uploads\/2017\/06\/LEOKO-Voimanostolevy-IPF-hyv\u00e4ksym\u00e4-125-kg-4-1.jpg\",\"datePublished\":\"2024-05-16T23:53:21+00:00\",\"dateModified\":\"2025-08-27T13:51:08+00:00\",\"description\":\"Levypaino 1,25 kg voianostolevy, ter\u00e4st\u00e4\",\"breadcrumb\":{\"@id\":\"https:\/\/www.leoko.fi\/tuote\/leoko-levypaino-voimanosto-painonnosto-teras-125-kg-hopea-o-50-mm\/#breadcrumb\"},\"inLanguage\":\"en-US\",\"potentialAction\":[{\"@type\":\"ReadAction\",\"target\":[\"https:\/\/www.leoko.fi\/tuote\/leoko-levypaino-voimanosto-painonnosto-teras-125-kg-hopea-o-50-mm\/\"]}]},{\"@type\":\"ImageObject\",\"inLanguage\":\"en-US\",\"@id\":\"https:\/\/www.leoko.fi\/tuote\/leoko-levypaino-voimanosto-painonnosto-teras-125-kg-hopea-o-50-mm\/#primaryimage\",\"url\":\"http:\/\/www.leoko.fi\/wp-content\/uploads\/2017\/06\/LEOKO-Voimanostolevy-IPF-hyv\u00e4ksym\u00e4-125-kg-4-1.jpg\",\"contentUrl\":\"http:\/\/www.leoko.fi\/wp-content\/uploads\/2017\/06\/LEOKO-Voimanostolevy-IPF-hyv\u00e4ksym\u00e4-125-kg-4-1.jpg\",\"width\":1200,\"height\":1200,\"caption\":\"Levypaino 1,25 kg Tilaa verkkokaupasta\"},{\"@type\":\"BreadcrumbList\",\"@id\":\"https:\/\/www.leoko.fi\/tuote\/leoko-levypaino-voimanosto-painonnosto-teras-125-kg-hopea-o-50-mm\/#breadcrumb\",\"itemListElement\":[{\"@type\":\"ListItem\",\"position\":1,\"name\":\"Etusivu\",\"item\":\"https:\/\/www.leoko.fi\/\"},{\"@type\":\"ListItem\",\"position\":2,\"name\":\"Kauppa\",\"item\":\"https:\/\/www.leoko.fi\/kauppa\/\"},{\"@type\":\"ListItem\",\"position\":3,\"name\":\"1,25 kg levypaino, voimanosto \/ painonnosto ter\u00e4s, 1,25 kg, hopea \u00d8 50 mm LEOKO\"}]},{\"@type\":\"WebSite\",\"@id\":\"https:\/\/www.leoko.fi\/#website\",\"url\":\"https:\/\/www.leoko.fi\/\",\"name\":\"Leoko\",\"description\":\"Erikoistunut painonnosto- ja  voimanostov\u00e4lineiden valmistukseen\",\"potentialAction\":[{\"@type\":\"SearchAction\",\"target\":{\"@type\":\"EntryPoint\",\"urlTemplate\":\"https:\/\/www.leoko.fi\/?s={search_term_string}\"},\"query-input\":{\"@type\":\"PropertyValueSpecification\",\"valueRequired\":true,\"valueName\":\"search_term_string\"}}],\"inLanguage\":\"en-US\"}]}<\/script>\n<!-- \/ Yoast SEO plugin. -->","yoast_head_json":{"title":"1,25 kg levypaino, voimanosto \/ painonnosto ter\u00e4s, 1,25 kg, hopea \u00d8 50 mm LEOKO - Leoko","description":"Levypaino 1,25 kg voianostolevy, ter\u00e4st\u00e4","robots":{"index":"index","follow":"follow","max-snippet":"max-snippet:-1","max-image-preview":"max-image-preview:large","max-video-preview":"max-video-preview:-1"},"canonical":"https:\/\/www.leoko.fi\/tuote\/leoko-levypaino-voimanosto-painonnosto-teras-125-kg-hopea-o-50-mm\/","og_locale":"en_US","og_type":"article","og_title":"1,25 kg levypaino, voimanosto \/ painonnosto ter\u00e4s, 1,25 kg, hopea \u00d8 50 mm LEOKO - Leoko","og_description":"Levypaino 1,25 kg voianostolevy, ter\u00e4st\u00e4","og_url":"https:\/\/www.leoko.fi\/tuote\/leoko-levypaino-voimanosto-painonnosto-teras-125-kg-hopea-o-50-mm\/","og_site_name":"Leoko","article_modified_time":"2025-08-27T13:51:08+00:00","og_image":[{"width":1200,"height":1200,"url":"https:\/\/www.leoko.fi\/wp-content\/uploads\/2017\/06\/LEOKO-Voimanostolevy-IPF-hyv\u00e4ksym\u00e4-125-kg-4-1.jpg","type":"image\/jpeg"}],"twitter_card":"summary_large_image","twitter_misc":{"Est. reading time":"1 minute"},"schema":{"@context":"https:\/\/schema.org","@graph":[{"@type":"WebPage","@id":"https:\/\/www.leoko.fi\/tuote\/leoko-levypaino-voimanosto-painonnosto-teras-125-kg-hopea-o-50-mm\/","url":"https:\/\/www.leoko.fi\/tuote\/leoko-levypaino-voimanosto-painonnosto-teras-125-kg-hopea-o-50-mm\/","name":"1,25 kg levypaino, voimanosto \/ painonnosto ter\u00e4s, 1,25 kg, hopea \u00d8 50 mm LEOKO - Leoko","isPartOf":{"@id":"https:\/\/www.leoko.fi\/#website"},"primaryImageOfPage":{"@id":"https:\/\/www.leoko.fi\/tuote\/leoko-levypaino-voimanosto-painonnosto-teras-125-kg-hopea-o-50-mm\/#primaryimage"},"image":{"@id":"https:\/\/www.leoko.fi\/tuote\/leoko-levypaino-voimanosto-painonnosto-teras-125-kg-hopea-o-50-mm\/#primaryimage"},"thumbnailUrl":"http:\/\/www.leoko.fi\/wp-content\/uploads\/2017\/06\/LEOKO-Voimanostolevy-IPF-hyv\u00e4ksym\u00e4-125-kg-4-1.jpg","datePublished":"2024-05-16T23:53:21+00:00","dateModified":"2025-08-27T13:51:08+00:00","description":"Levypaino 1,25 kg voianostolevy, ter\u00e4st\u00e4","breadcrumb":{"@id":"https:\/\/www.leoko.fi\/tuote\/leoko-levypaino-voimanosto-painonnosto-teras-125-kg-hopea-o-50-mm\/#breadcrumb"},"inLanguage":"en-US","potentialAction":[{"@type":"ReadAction","target":["https:\/\/www.leoko.fi\/tuote\/leoko-levypaino-voimanosto-painonnosto-teras-125-kg-hopea-o-50-mm\/"]}]},{"@type":"ImageObject","inLanguage":"en-US","@id":"https:\/\/www.leoko.fi\/tuote\/leoko-levypaino-voimanosto-painonnosto-teras-125-kg-hopea-o-50-mm\/#primaryimage","url":"http:\/\/www.leoko.fi\/wp-content\/uploads\/2017\/06\/LEOKO-Voimanostolevy-IPF-hyv\u00e4ksym\u00e4-125-kg-4-1.jpg","contentUrl":"http:\/\/www.leoko.fi\/wp-content\/uploads\/2017\/06\/LEOKO-Voimanostolevy-IPF-hyv\u00e4ksym\u00e4-125-kg-4-1.jpg","width":1200,"height":1200,"caption":"Levypaino 1,25 kg Tilaa verkkokaupasta"},{"@type":"BreadcrumbList","@id":"https:\/\/www.leoko.fi\/tuote\/leoko-levypaino-voimanosto-painonnosto-teras-125-kg-hopea-o-50-mm\/#breadcrumb","itemListElement":[{"@type":"ListItem","position":1,"name":"Etusivu","item":"https:\/\/www.leoko.fi\/"},{"@type":"ListItem","position":2,"name":"Kauppa","item":"https:\/\/www.leoko.fi\/kauppa\/"},{"@type":"ListItem","position":3,"name":"1,25 kg levypaino, voimanosto \/ painonnosto ter\u00e4s, 1,25 kg, hopea \u00d8 50 mm LEOKO"}]},{"@type":"WebSite","@id":"https:\/\/www.leoko.fi\/#website","url":"https:\/\/www.leoko.fi\/","name":"Leoko","description":"Erikoistunut painonnosto- ja  voimanostov\u00e4lineiden valmistukseen","potentialAction":[{"@type":"SearchAction","target":{"@type":"EntryPoint","urlTemplate":"https:\/\/www.leoko.fi\/?s={search_term_string}"},"query-input":{"@type":"PropertyValueSpecification","valueRequired":true,"valueName":"search_term_string"}}],"inLanguage":"en-US"}]}},"_links":{"self":[{"href":"http:\/\/www.leoko.fi\/en\/wp-json\/wp\/v2\/product\/1682","targetHints":{"allow":["GET"]}}],"collection":[{"href":"http:\/\/www.leoko.fi\/en\/wp-json\/wp\/v2\/product"}],"about":[{"href":"http:\/\/www.leoko.fi\/en\/wp-json\/wp\/v2\/types\/product"}],"replies":[{"embeddable":true,"href":"http:\/\/www.leoko.fi\/en\/wp-json\/wp\/v2\/comments?post=1682"}],"wp:featuredmedia":[{"embeddable":true,"href":"http:\/\/www.leoko.fi\/en\/wp-json\/wp\/v2\/media\/337"}],"wp:attachment":[{"href":"http:\/\/www.leoko.fi\/en\/wp-json\/wp\/v2\/media?parent=1682"}],"wp:term":[{"taxonomy":"product_brand","embeddable":true,"href":"http:\/\/www.leoko.fi\/en\/wp-json\/wp\/v2\/product_brand?post=1682"},{"taxonomy":"product_cat","embeddable":true,"href":"http:\/\/www.leoko.fi\/en\/wp-json\/wp\/v2\/product_cat?post=1682"},{"taxonomy":"product_tag","embeddable":true,"href":"http:\/\/www.leoko.fi\/en\/wp-json\/wp\/v2\/product_tag?post=1682"}],"curies":[{"name":"wp","href":"https:\/\/api.w.org\/{rel}","templated":true}]}}