{"id":1686,"date":"2024-05-17T03:06:11","date_gmt":"2024-05-17T00:06:11","guid":{"rendered":"https:\/\/www.leoko.fi\/?post_type=product&#038;p=1686"},"modified":"2025-08-28T11:01:03","modified_gmt":"2025-08-28T08:01:03","slug":"leoko-levytanko-painonnosto-tekniikkatanko-%e2%8c%80-50-mm-sis-harjoituslukot-10-kg","status":"publish","type":"product","link":"http:\/\/www.leoko.fi\/en\/tuote\/leoko-levytanko-painonnosto-tekniikkatanko-%e2%8c%80-50-mm-sis-harjoituslukot-10-kg\/","title":{"rendered":"LEOKO, punttikoulutanko, levytanko, painonnosto, nuorisotanko, tekniikkatanko, \u2300 50 mm  sis. lukot 10 kg"},"content":{"rendered":"\r\n<p>Leokon punttikoululaisille kehitett\u00e4m\u00e4 harjoitustanko. Valmistettu Suomessa. Lyhyempi ja kevyempi, kuin Ladytanko, lyhyisiin putkiin ei pysty kuormaamaan kovin suuria painoja. Eik\u00e4 ole tarkoituskaan, koska kun oppilas jaksaa nostaa 30 kg, h\u00e4n voi vaihtaa Ladytankoon.<\/p>\r\n\r\n\r\n\r\n<p>Laakeroitu liukulaakereilla, maksimi lastaus 150 kg<\/p>\r\n\r\n\r\n\r\n<p>Kaikki Leoko tangot valmistetaan k\u00e4sity\u00f6n\u00e4 Tampereella. Siksi ne ovat avainlipputuotteita.<\/p>\r\n\r\n\r\n\r\n<p>Pinnoitettu aikaa ja k\u00e4sittely\u00e4 kest\u00e4v\u00e4ll\u00e4 kromilla. Kaikkien Leokon tankojen putkien halkaisija on 50 mm ja tangon akselin halkaisija on 25 mm. Junioritanko painaa 8 kg ilman lukkoja ja 10 kg lukoilla.<\/p>\r\n\r\n\r\n\r\n<p>Mukaan tulee pitk\u00e4aikaiseen k\u00e4ytt\u00f6\u00f6n suunnitellut lujat ja yksinkertaiset, 1 kg painavat lukot<\/p>\r\n\r\n\r\n\r\n<p>Ett\u00e4 pystyisit nauttimaan tangostasi mahdollisimman pitk\u00e4\u00e4n, suositamme, ett\u00e4 pudottelet tankoa vain, alustalle, jolla on v\u00e4hint\u00e4\u00e4n 50 mm kumimattoa pehmusteena<\/p>\r\n","protected":false},"excerpt":{"rendered":"<p>Leoko punttikoulun harjoitustanko. Putken \u230050mm, tangon paino 8 kg ilman lukkoja ja 10 kg lukoilla, akselin halkaisija on 25 mm<\/p>\n","protected":false},"featured_media":425,"comment_status":"open","ping_status":"closed","template":"","meta":{"_acf_changed":false},"product_brand":[],"product_cat":[78],"product_tag":[],"class_list":{"0":"post-1686","1":"product","2":"type-product","3":"status-publish","4":"has-post-thumbnail","6":"product_cat-levytangot-leoko","8":"first","9":"instock","10":"taxable","11":"shipping-taxable","12":"purchasable","13":"product-type-simple"},"acf":[],"yoast_head":"<!-- This site is optimized with the Yoast SEO plugin v25.7 - https:\/\/yoast.com\/wordpress\/plugins\/seo\/ -->\n<title>LEOKO, punttikoulutanko, levytanko, painonnosto, nuorisotanko, tekniikkatanko, \u2300 50 mm sis. lukot 10 kg - Leoko<\/title>\n<meta name=\"robots\" content=\"index, follow, max-snippet:-1, max-image-preview:large, max-video-preview:-1\" \/>\n<link rel=\"canonical\" href=\"http:\/\/www.leoko.fi\/en\/tuote\/leoko-levytanko-painonnosto-tekniikkatanko-\u2300-50-mm-sis-harjoituslukot-10-kg\/\" \/>\n<meta property=\"og:locale\" content=\"en_US\" \/>\n<meta property=\"og:type\" content=\"article\" \/>\n<meta property=\"og:title\" content=\"LEOKO, punttikoulutanko, levytanko, painonnosto, nuorisotanko, tekniikkatanko, \u2300 50 mm sis. lukot 10 kg - Leoko\" \/>\n<meta property=\"og:description\" content=\"Leoko punttikoulun harjoitustanko. Putken \u230050mm, tangon paino 8 kg ilman lukkoja ja 10 kg lukoilla, akselin halkaisija on 25 mm\" \/>\n<meta property=\"og:url\" content=\"http:\/\/www.leoko.fi\/en\/tuote\/leoko-levytanko-painonnosto-tekniikkatanko-\u2300-50-mm-sis-harjoituslukot-10-kg\/\" \/>\n<meta property=\"og:site_name\" content=\"Leoko\" \/>\n<meta property=\"article:modified_time\" content=\"2025-08-28T08:01:03+00:00\" \/>\n<meta property=\"og:image\" content=\"http:\/\/www.leoko.fi\/wp-content\/uploads\/2017\/06\/LEOKO-Nuorisotanko-harjoituslukkoineen.jpg\" \/>\n\t<meta property=\"og:image:width\" content=\"1800\" \/>\n\t<meta property=\"og:image:height\" content=\"540\" \/>\n\t<meta property=\"og:image:type\" content=\"image\/jpeg\" \/>\n<meta name=\"twitter:card\" content=\"summary_large_image\" \/>\n<meta name=\"twitter:label1\" content=\"Est. reading time\" \/>\n\t<meta name=\"twitter:data1\" content=\"1 minute\" \/>\n<script type=\"application\/ld+json\" class=\"yoast-schema-graph\">{\"@context\":\"https:\/\/schema.org\",\"@graph\":[{\"@type\":\"WebPage\",\"@id\":\"http:\/\/www.leoko.fi\/en\/tuote\/leoko-levytanko-painonnosto-tekniikkatanko-%e2%8c%80-50-mm-sis-harjoituslukot-10-kg\/\",\"url\":\"http:\/\/www.leoko.fi\/en\/tuote\/leoko-levytanko-painonnosto-tekniikkatanko-%e2%8c%80-50-mm-sis-harjoituslukot-10-kg\/\",\"name\":\"LEOKO, punttikoulutanko, levytanko, painonnosto, nuorisotanko, tekniikkatanko, \u2300 50 mm sis. lukot 10 kg - Leoko\",\"isPartOf\":{\"@id\":\"https:\/\/www.leoko.fi\/#website\"},\"primaryImageOfPage\":{\"@id\":\"http:\/\/www.leoko.fi\/en\/tuote\/leoko-levytanko-painonnosto-tekniikkatanko-%e2%8c%80-50-mm-sis-harjoituslukot-10-kg\/#primaryimage\"},\"image\":{\"@id\":\"http:\/\/www.leoko.fi\/en\/tuote\/leoko-levytanko-painonnosto-tekniikkatanko-%e2%8c%80-50-mm-sis-harjoituslukot-10-kg\/#primaryimage\"},\"thumbnailUrl\":\"http:\/\/www.leoko.fi\/wp-content\/uploads\/2017\/06\/LEOKO-Nuorisotanko-harjoituslukkoineen.jpg\",\"datePublished\":\"2024-05-17T00:06:11+00:00\",\"dateModified\":\"2025-08-28T08:01:03+00:00\",\"breadcrumb\":{\"@id\":\"http:\/\/www.leoko.fi\/en\/tuote\/leoko-levytanko-painonnosto-tekniikkatanko-%e2%8c%80-50-mm-sis-harjoituslukot-10-kg\/#breadcrumb\"},\"inLanguage\":\"en-US\",\"potentialAction\":[{\"@type\":\"ReadAction\",\"target\":[\"http:\/\/www.leoko.fi\/en\/tuote\/leoko-levytanko-painonnosto-tekniikkatanko-%e2%8c%80-50-mm-sis-harjoituslukot-10-kg\/\"]}]},{\"@type\":\"ImageObject\",\"inLanguage\":\"en-US\",\"@id\":\"http:\/\/www.leoko.fi\/en\/tuote\/leoko-levytanko-painonnosto-tekniikkatanko-%e2%8c%80-50-mm-sis-harjoituslukot-10-kg\/#primaryimage\",\"url\":\"http:\/\/www.leoko.fi\/wp-content\/uploads\/2017\/06\/LEOKO-Nuorisotanko-harjoituslukkoineen.jpg\",\"contentUrl\":\"http:\/\/www.leoko.fi\/wp-content\/uploads\/2017\/06\/LEOKO-Nuorisotanko-harjoituslukkoineen.jpg\",\"width\":1800,\"height\":540},{\"@type\":\"BreadcrumbList\",\"@id\":\"http:\/\/www.leoko.fi\/en\/tuote\/leoko-levytanko-painonnosto-tekniikkatanko-%e2%8c%80-50-mm-sis-harjoituslukot-10-kg\/#breadcrumb\",\"itemListElement\":[{\"@type\":\"ListItem\",\"position\":1,\"name\":\"Etusivu\",\"item\":\"https:\/\/www.leoko.fi\/\"},{\"@type\":\"ListItem\",\"position\":2,\"name\":\"Kauppa\",\"item\":\"http:\/\/www.leoko.fi\/kauppa\/\"},{\"@type\":\"ListItem\",\"position\":3,\"name\":\"LEOKO, punttikoulutanko, levytanko, painonnosto, nuorisotanko, tekniikkatanko, \u2300 50 mm sis. lukot 10 kg\"}]},{\"@type\":\"WebSite\",\"@id\":\"https:\/\/www.leoko.fi\/#website\",\"url\":\"https:\/\/www.leoko.fi\/\",\"name\":\"Leoko\",\"description\":\"Erikoistunut painonnosto- ja  voimanostov\u00e4lineiden valmistukseen\",\"potentialAction\":[{\"@type\":\"SearchAction\",\"target\":{\"@type\":\"EntryPoint\",\"urlTemplate\":\"https:\/\/www.leoko.fi\/?s={search_term_string}\"},\"query-input\":{\"@type\":\"PropertyValueSpecification\",\"valueRequired\":true,\"valueName\":\"search_term_string\"}}],\"inLanguage\":\"en-US\"}]}<\/script>\n<!-- \/ Yoast SEO plugin. -->","yoast_head_json":{"title":"LEOKO, punttikoulutanko, levytanko, painonnosto, nuorisotanko, tekniikkatanko, \u2300 50 mm sis. lukot 10 kg - Leoko","robots":{"index":"index","follow":"follow","max-snippet":"max-snippet:-1","max-image-preview":"max-image-preview:large","max-video-preview":"max-video-preview:-1"},"canonical":"http:\/\/www.leoko.fi\/en\/tuote\/leoko-levytanko-painonnosto-tekniikkatanko-\u2300-50-mm-sis-harjoituslukot-10-kg\/","og_locale":"en_US","og_type":"article","og_title":"LEOKO, punttikoulutanko, levytanko, painonnosto, nuorisotanko, tekniikkatanko, \u2300 50 mm sis. lukot 10 kg - Leoko","og_description":"Leoko punttikoulun harjoitustanko. Putken \u230050mm, tangon paino 8 kg ilman lukkoja ja 10 kg lukoilla, akselin halkaisija on 25 mm","og_url":"http:\/\/www.leoko.fi\/en\/tuote\/leoko-levytanko-painonnosto-tekniikkatanko-\u2300-50-mm-sis-harjoituslukot-10-kg\/","og_site_name":"Leoko","article_modified_time":"2025-08-28T08:01:03+00:00","og_image":[{"width":1800,"height":540,"url":"http:\/\/www.leoko.fi\/wp-content\/uploads\/2017\/06\/LEOKO-Nuorisotanko-harjoituslukkoineen.jpg","type":"image\/jpeg"}],"twitter_card":"summary_large_image","twitter_misc":{"Est. reading time":"1 minute"},"schema":{"@context":"https:\/\/schema.org","@graph":[{"@type":"WebPage","@id":"http:\/\/www.leoko.fi\/en\/tuote\/leoko-levytanko-painonnosto-tekniikkatanko-%e2%8c%80-50-mm-sis-harjoituslukot-10-kg\/","url":"http:\/\/www.leoko.fi\/en\/tuote\/leoko-levytanko-painonnosto-tekniikkatanko-%e2%8c%80-50-mm-sis-harjoituslukot-10-kg\/","name":"LEOKO, punttikoulutanko, levytanko, painonnosto, nuorisotanko, tekniikkatanko, \u2300 50 mm sis. lukot 10 kg - Leoko","isPartOf":{"@id":"https:\/\/www.leoko.fi\/#website"},"primaryImageOfPage":{"@id":"http:\/\/www.leoko.fi\/en\/tuote\/leoko-levytanko-painonnosto-tekniikkatanko-%e2%8c%80-50-mm-sis-harjoituslukot-10-kg\/#primaryimage"},"image":{"@id":"http:\/\/www.leoko.fi\/en\/tuote\/leoko-levytanko-painonnosto-tekniikkatanko-%e2%8c%80-50-mm-sis-harjoituslukot-10-kg\/#primaryimage"},"thumbnailUrl":"http:\/\/www.leoko.fi\/wp-content\/uploads\/2017\/06\/LEOKO-Nuorisotanko-harjoituslukkoineen.jpg","datePublished":"2024-05-17T00:06:11+00:00","dateModified":"2025-08-28T08:01:03+00:00","breadcrumb":{"@id":"http:\/\/www.leoko.fi\/en\/tuote\/leoko-levytanko-painonnosto-tekniikkatanko-%e2%8c%80-50-mm-sis-harjoituslukot-10-kg\/#breadcrumb"},"inLanguage":"en-US","potentialAction":[{"@type":"ReadAction","target":["http:\/\/www.leoko.fi\/en\/tuote\/leoko-levytanko-painonnosto-tekniikkatanko-%e2%8c%80-50-mm-sis-harjoituslukot-10-kg\/"]}]},{"@type":"ImageObject","inLanguage":"en-US","@id":"http:\/\/www.leoko.fi\/en\/tuote\/leoko-levytanko-painonnosto-tekniikkatanko-%e2%8c%80-50-mm-sis-harjoituslukot-10-kg\/#primaryimage","url":"http:\/\/www.leoko.fi\/wp-content\/uploads\/2017\/06\/LEOKO-Nuorisotanko-harjoituslukkoineen.jpg","contentUrl":"http:\/\/www.leoko.fi\/wp-content\/uploads\/2017\/06\/LEOKO-Nuorisotanko-harjoituslukkoineen.jpg","width":1800,"height":540},{"@type":"BreadcrumbList","@id":"http:\/\/www.leoko.fi\/en\/tuote\/leoko-levytanko-painonnosto-tekniikkatanko-%e2%8c%80-50-mm-sis-harjoituslukot-10-kg\/#breadcrumb","itemListElement":[{"@type":"ListItem","position":1,"name":"Etusivu","item":"https:\/\/www.leoko.fi\/"},{"@type":"ListItem","position":2,"name":"Kauppa","item":"http:\/\/www.leoko.fi\/kauppa\/"},{"@type":"ListItem","position":3,"name":"LEOKO, punttikoulutanko, levytanko, painonnosto, nuorisotanko, tekniikkatanko, \u2300 50 mm sis. lukot 10 kg"}]},{"@type":"WebSite","@id":"https:\/\/www.leoko.fi\/#website","url":"https:\/\/www.leoko.fi\/","name":"Leoko","description":"Erikoistunut painonnosto- ja  voimanostov\u00e4lineiden valmistukseen","potentialAction":[{"@type":"SearchAction","target":{"@type":"EntryPoint","urlTemplate":"https:\/\/www.leoko.fi\/?s={search_term_string}"},"query-input":{"@type":"PropertyValueSpecification","valueRequired":true,"valueName":"search_term_string"}}],"inLanguage":"en-US"}]}},"_links":{"self":[{"href":"http:\/\/www.leoko.fi\/en\/wp-json\/wp\/v2\/product\/1686","targetHints":{"allow":["GET"]}}],"collection":[{"href":"http:\/\/www.leoko.fi\/en\/wp-json\/wp\/v2\/product"}],"about":[{"href":"http:\/\/www.leoko.fi\/en\/wp-json\/wp\/v2\/types\/product"}],"replies":[{"embeddable":true,"href":"http:\/\/www.leoko.fi\/en\/wp-json\/wp\/v2\/comments?post=1686"}],"wp:featuredmedia":[{"embeddable":true,"href":"http:\/\/www.leoko.fi\/en\/wp-json\/wp\/v2\/media\/425"}],"wp:attachment":[{"href":"http:\/\/www.leoko.fi\/en\/wp-json\/wp\/v2\/media?parent=1686"}],"wp:term":[{"taxonomy":"product_brand","embeddable":true,"href":"http:\/\/www.leoko.fi\/en\/wp-json\/wp\/v2\/product_brand?post=1686"},{"taxonomy":"product_cat","embeddable":true,"href":"http:\/\/www.leoko.fi\/en\/wp-json\/wp\/v2\/product_cat?post=1686"},{"taxonomy":"product_tag","embeddable":true,"href":"http:\/\/www.leoko.fi\/en\/wp-json\/wp\/v2\/product_tag?post=1686"}],"curies":[{"name":"wp","href":"https:\/\/api.w.org\/{rel}","templated":true}]}}