{"id":1788,"date":"2024-09-26T20:25:54","date_gmt":"2024-09-26T17:25:54","guid":{"rendered":"https:\/\/www.leoko.fi\/?post_type=product&#038;p=1788"},"modified":"2025-09-04T09:50:23","modified_gmt":"2025-09-04T06:50:23","slug":"leoko-kisalukko-voimanosto-25kg","status":"publish","type":"product","link":"http:\/\/www.leoko.fi\/en\/tuote\/leoko-kisalukko-voimanosto-25kg\/","title":{"rendered":"Lukko, voimanosto turvalukko  2,5kg LEOKO"},"content":{"rendered":"<p>Leo Koivusen voimanostoon kehitt\u00e4m\u00e4 turvalukko. Penkkipunnerruksessa ja kyykyss\u00e4 on t\u00e4rke\u00e4\u00e4, ett\u00e4 varmistajat saavat tangon molemmista p\u00e4ist\u00e4 tukevan otteen. Siksi tangon p\u00e4ihin pit\u00e4\u00e4 j\u00e4tt\u00e4\u00e4 15 cm tyhj\u00e4\u00e4.<\/p>\n<p>Kovimmat nostajat kuitenkin nostavat penkist\u00e4 ja varsinkin kyykyss\u00e4 niin paljon, ett\u00e4 tilaa tangon p\u00e4\u00e4h\u00e4n ei j\u00e4\u00e4nyt. Leon keksim\u00e4 putkimainen lukko lis\u00e4\u00e4 lastattavaa putken pituutta, koska lukko voidaan kiinnitt\u00e4\u00e4 l\u00e4helle tangon p\u00e4\u00e4t\u00e4 ja varmistajat saavat silti tukevan ja turvallisen otteen lukosta itsest\u00e4\u00e4n!<\/p>\n<p>T\u00e4m\u00e4 tankolukko\u00a0 on Valmistettu Suomessa. IPF s\u00e4\u00e4nt\u00f6jen mukainen.<\/p>\n","protected":false},"excerpt":{"rendered":"<p>Turvalukko voimanosto kisak\u00e4ytt\u00f6\u00f6n kromattu LEOKO<\/p>\n","protected":false},"featured_media":332,"comment_status":"open","ping_status":"closed","template":"","meta":{"_acf_changed":false},"product_brand":[],"product_cat":[89],"product_tag":[],"class_list":{"0":"post-1788","1":"product","2":"type-product","3":"status-publish","4":"has-post-thumbnail","6":"product_cat-leoko-levytankolukot","8":"first","9":"instock","10":"taxable","11":"shipping-taxable","12":"purchasable","13":"product-type-simple"},"acf":[],"yoast_head":"<!-- This site is optimized with the Yoast SEO plugin v25.7 - https:\/\/yoast.com\/wordpress\/plugins\/seo\/ -->\n<title>Lukko Voimanoston kisalukko turvalukko maksimikyykkyyn,<\/title>\n<meta name=\"description\" content=\"Levytankolukko Kisalukko voimanostoon Pitk\u00e4 putkimainen rakenne. Leokon turvalukko maksimikyykkyyn. Nyt nettikaupassa.\" \/>\n<meta name=\"robots\" content=\"index, follow, max-snippet:-1, max-image-preview:large, max-video-preview:-1\" \/>\n<link rel=\"canonical\" href=\"http:\/\/www.leoko.fi\/en\/tuote\/leoko-kisalukko-voimanosto-25kg\/\" \/>\n<meta property=\"og:locale\" content=\"en_US\" \/>\n<meta property=\"og:type\" content=\"article\" \/>\n<meta property=\"og:title\" content=\"Lukko Voimanoston kisalukko turvalukko maksimikyykkyyn,\" \/>\n<meta property=\"og:description\" content=\"Levytankolukko Kisalukko voimanostoon Pitk\u00e4 putkimainen rakenne. Leokon turvalukko maksimikyykkyyn. Nyt nettikaupassa.\" \/>\n<meta property=\"og:url\" content=\"http:\/\/www.leoko.fi\/en\/tuote\/leoko-kisalukko-voimanosto-25kg\/\" \/>\n<meta property=\"og:site_name\" content=\"Leoko\" \/>\n<meta property=\"article:modified_time\" content=\"2025-09-04T06:50:23+00:00\" \/>\n<meta property=\"og:image\" content=\"http:\/\/www.leoko.fi\/wp-content\/uploads\/2017\/06\/LEOKO-Turvalukko.jpg\" \/>\n\t<meta property=\"og:image:width\" content=\"1200\" \/>\n\t<meta property=\"og:image:height\" content=\"1200\" \/>\n\t<meta property=\"og:image:type\" content=\"image\/jpeg\" \/>\n<meta name=\"twitter:card\" content=\"summary_large_image\" \/>\n<meta name=\"twitter:label1\" content=\"Est. reading time\" \/>\n\t<meta name=\"twitter:data1\" content=\"1 minute\" \/>\n<script type=\"application\/ld+json\" class=\"yoast-schema-graph\">{\"@context\":\"https:\/\/schema.org\",\"@graph\":[{\"@type\":\"WebPage\",\"@id\":\"http:\/\/www.leoko.fi\/en\/tuote\/leoko-kisalukko-voimanosto-25kg\/\",\"url\":\"http:\/\/www.leoko.fi\/en\/tuote\/leoko-kisalukko-voimanosto-25kg\/\",\"name\":\"Lukko Voimanoston kisalukko turvalukko maksimikyykkyyn,\",\"isPartOf\":{\"@id\":\"https:\/\/www.leoko.fi\/#website\"},\"primaryImageOfPage\":{\"@id\":\"http:\/\/www.leoko.fi\/en\/tuote\/leoko-kisalukko-voimanosto-25kg\/#primaryimage\"},\"image\":{\"@id\":\"http:\/\/www.leoko.fi\/en\/tuote\/leoko-kisalukko-voimanosto-25kg\/#primaryimage\"},\"thumbnailUrl\":\"http:\/\/www.leoko.fi\/wp-content\/uploads\/2017\/06\/LEOKO-Turvalukko.jpg\",\"datePublished\":\"2024-09-26T17:25:54+00:00\",\"dateModified\":\"2025-09-04T06:50:23+00:00\",\"description\":\"Levytankolukko Kisalukko voimanostoon Pitk\u00e4 putkimainen rakenne. Leokon turvalukko maksimikyykkyyn. Nyt nettikaupassa.\",\"breadcrumb\":{\"@id\":\"http:\/\/www.leoko.fi\/en\/tuote\/leoko-kisalukko-voimanosto-25kg\/#breadcrumb\"},\"inLanguage\":\"en-US\",\"potentialAction\":[{\"@type\":\"ReadAction\",\"target\":[\"http:\/\/www.leoko.fi\/en\/tuote\/leoko-kisalukko-voimanosto-25kg\/\"]}]},{\"@type\":\"ImageObject\",\"inLanguage\":\"en-US\",\"@id\":\"http:\/\/www.leoko.fi\/en\/tuote\/leoko-kisalukko-voimanosto-25kg\/#primaryimage\",\"url\":\"http:\/\/www.leoko.fi\/wp-content\/uploads\/2017\/06\/LEOKO-Turvalukko.jpg\",\"contentUrl\":\"http:\/\/www.leoko.fi\/wp-content\/uploads\/2017\/06\/LEOKO-Turvalukko.jpg\",\"width\":1200,\"height\":1200,\"caption\":\"LEOKO Safety collar For powerlifing bar\"},{\"@type\":\"BreadcrumbList\",\"@id\":\"http:\/\/www.leoko.fi\/en\/tuote\/leoko-kisalukko-voimanosto-25kg\/#breadcrumb\",\"itemListElement\":[{\"@type\":\"ListItem\",\"position\":1,\"name\":\"Etusivu\",\"item\":\"https:\/\/www.leoko.fi\/\"},{\"@type\":\"ListItem\",\"position\":2,\"name\":\"Kauppa\",\"item\":\"https:\/\/www.leoko.fi\/kauppa\/\"},{\"@type\":\"ListItem\",\"position\":3,\"name\":\"Lukko, voimanosto turvalukko 2,5kg LEOKO\"}]},{\"@type\":\"WebSite\",\"@id\":\"https:\/\/www.leoko.fi\/#website\",\"url\":\"https:\/\/www.leoko.fi\/\",\"name\":\"Leoko\",\"description\":\"Erikoistunut painonnosto- ja  voimanostov\u00e4lineiden valmistukseen\",\"potentialAction\":[{\"@type\":\"SearchAction\",\"target\":{\"@type\":\"EntryPoint\",\"urlTemplate\":\"https:\/\/www.leoko.fi\/?s={search_term_string}\"},\"query-input\":{\"@type\":\"PropertyValueSpecification\",\"valueRequired\":true,\"valueName\":\"search_term_string\"}}],\"inLanguage\":\"en-US\"}]}<\/script>\n<!-- \/ Yoast SEO plugin. -->","yoast_head_json":{"title":"Lukko Voimanoston kisalukko turvalukko maksimikyykkyyn,","description":"Levytankolukko Kisalukko voimanostoon Pitk\u00e4 putkimainen rakenne. Leokon turvalukko maksimikyykkyyn. Nyt nettikaupassa.","robots":{"index":"index","follow":"follow","max-snippet":"max-snippet:-1","max-image-preview":"max-image-preview:large","max-video-preview":"max-video-preview:-1"},"canonical":"http:\/\/www.leoko.fi\/en\/tuote\/leoko-kisalukko-voimanosto-25kg\/","og_locale":"en_US","og_type":"article","og_title":"Lukko Voimanoston kisalukko turvalukko maksimikyykkyyn,","og_description":"Levytankolukko Kisalukko voimanostoon Pitk\u00e4 putkimainen rakenne. Leokon turvalukko maksimikyykkyyn. Nyt nettikaupassa.","og_url":"http:\/\/www.leoko.fi\/en\/tuote\/leoko-kisalukko-voimanosto-25kg\/","og_site_name":"Leoko","article_modified_time":"2025-09-04T06:50:23+00:00","og_image":[{"width":1200,"height":1200,"url":"http:\/\/www.leoko.fi\/wp-content\/uploads\/2017\/06\/LEOKO-Turvalukko.jpg","type":"image\/jpeg"}],"twitter_card":"summary_large_image","twitter_misc":{"Est. reading time":"1 minute"},"schema":{"@context":"https:\/\/schema.org","@graph":[{"@type":"WebPage","@id":"http:\/\/www.leoko.fi\/en\/tuote\/leoko-kisalukko-voimanosto-25kg\/","url":"http:\/\/www.leoko.fi\/en\/tuote\/leoko-kisalukko-voimanosto-25kg\/","name":"Lukko Voimanoston kisalukko turvalukko maksimikyykkyyn,","isPartOf":{"@id":"https:\/\/www.leoko.fi\/#website"},"primaryImageOfPage":{"@id":"http:\/\/www.leoko.fi\/en\/tuote\/leoko-kisalukko-voimanosto-25kg\/#primaryimage"},"image":{"@id":"http:\/\/www.leoko.fi\/en\/tuote\/leoko-kisalukko-voimanosto-25kg\/#primaryimage"},"thumbnailUrl":"http:\/\/www.leoko.fi\/wp-content\/uploads\/2017\/06\/LEOKO-Turvalukko.jpg","datePublished":"2024-09-26T17:25:54+00:00","dateModified":"2025-09-04T06:50:23+00:00","description":"Levytankolukko Kisalukko voimanostoon Pitk\u00e4 putkimainen rakenne. Leokon turvalukko maksimikyykkyyn. Nyt nettikaupassa.","breadcrumb":{"@id":"http:\/\/www.leoko.fi\/en\/tuote\/leoko-kisalukko-voimanosto-25kg\/#breadcrumb"},"inLanguage":"en-US","potentialAction":[{"@type":"ReadAction","target":["http:\/\/www.leoko.fi\/en\/tuote\/leoko-kisalukko-voimanosto-25kg\/"]}]},{"@type":"ImageObject","inLanguage":"en-US","@id":"http:\/\/www.leoko.fi\/en\/tuote\/leoko-kisalukko-voimanosto-25kg\/#primaryimage","url":"http:\/\/www.leoko.fi\/wp-content\/uploads\/2017\/06\/LEOKO-Turvalukko.jpg","contentUrl":"http:\/\/www.leoko.fi\/wp-content\/uploads\/2017\/06\/LEOKO-Turvalukko.jpg","width":1200,"height":1200,"caption":"LEOKO Safety collar For powerlifing bar"},{"@type":"BreadcrumbList","@id":"http:\/\/www.leoko.fi\/en\/tuote\/leoko-kisalukko-voimanosto-25kg\/#breadcrumb","itemListElement":[{"@type":"ListItem","position":1,"name":"Etusivu","item":"https:\/\/www.leoko.fi\/"},{"@type":"ListItem","position":2,"name":"Kauppa","item":"https:\/\/www.leoko.fi\/kauppa\/"},{"@type":"ListItem","position":3,"name":"Lukko, voimanosto turvalukko 2,5kg LEOKO"}]},{"@type":"WebSite","@id":"https:\/\/www.leoko.fi\/#website","url":"https:\/\/www.leoko.fi\/","name":"Leoko","description":"Erikoistunut painonnosto- ja  voimanostov\u00e4lineiden valmistukseen","potentialAction":[{"@type":"SearchAction","target":{"@type":"EntryPoint","urlTemplate":"https:\/\/www.leoko.fi\/?s={search_term_string}"},"query-input":{"@type":"PropertyValueSpecification","valueRequired":true,"valueName":"search_term_string"}}],"inLanguage":"en-US"}]}},"_links":{"self":[{"href":"http:\/\/www.leoko.fi\/en\/wp-json\/wp\/v2\/product\/1788","targetHints":{"allow":["GET"]}}],"collection":[{"href":"http:\/\/www.leoko.fi\/en\/wp-json\/wp\/v2\/product"}],"about":[{"href":"http:\/\/www.leoko.fi\/en\/wp-json\/wp\/v2\/types\/product"}],"replies":[{"embeddable":true,"href":"http:\/\/www.leoko.fi\/en\/wp-json\/wp\/v2\/comments?post=1788"}],"wp:featuredmedia":[{"embeddable":true,"href":"http:\/\/www.leoko.fi\/en\/wp-json\/wp\/v2\/media\/332"}],"wp:attachment":[{"href":"http:\/\/www.leoko.fi\/en\/wp-json\/wp\/v2\/media?parent=1788"}],"wp:term":[{"taxonomy":"product_brand","embeddable":true,"href":"http:\/\/www.leoko.fi\/en\/wp-json\/wp\/v2\/product_brand?post=1788"},{"taxonomy":"product_cat","embeddable":true,"href":"http:\/\/www.leoko.fi\/en\/wp-json\/wp\/v2\/product_cat?post=1788"},{"taxonomy":"product_tag","embeddable":true,"href":"http:\/\/www.leoko.fi\/en\/wp-json\/wp\/v2\/product_tag?post=1788"}],"curies":[{"name":"wp","href":"https:\/\/api.w.org\/{rel}","templated":true}]}}