{"id":1806,"date":"2024-09-26T21:41:45","date_gmt":"2024-09-26T18:41:45","guid":{"rendered":"https:\/\/www.leoko.fi\/?post_type=product&#038;p=1806"},"modified":"2025-09-01T10:29:55","modified_gmt":"2025-09-01T07:29:55","slug":"korjauspaketti","status":"publish","type":"product","link":"http:\/\/www.leoko.fi\/en\/tuote\/korjauspaketti\/","title":{"rendered":"Korjauspaketti"},"content":{"rendered":"<p>Korjaamme kaikki Leoko tangot alkuper\u00e4isill\u00e4 osilla. Uusi akseli on karhea, suora kiilt\u00e4v\u00e4, eik\u00e4 yht\u00e4\u00e4n ruosteessa. T\u00e4m\u00e4n j\u00e4lkeen tangolle tulee joitain vuosikymmeni\u00e4 lis\u00e4\u00e4 k\u00e4ytt\u00f6ik\u00e4\u00e4. P\u00e4\u00e4tellen siit\u00e4, ett\u00e4 vuonna 2023 Leokoon toimitetiin korjattavaksi\u00a0 tankoja vuosilta 1984-1986<br \/>\nTilaus edellytt\u00e4\u00e4, ett\u00e4 tanko l\u00e4hetet\u00e4\u00e4n Leoko oy:lle korjaukseen Tampereelle.<\/p>\n","protected":false},"excerpt":{"rendered":"<p><strong>Sis\u00e4lt\u00e4\u00e4 uuden akselin, akselin vaihdon ja varaosat<\/strong><\/p>\n","protected":false},"featured_media":1793,"comment_status":"open","ping_status":"closed","template":"","meta":{"_acf_changed":false},"product_brand":[],"product_cat":[107],"product_tag":[],"class_list":{"0":"post-1806","1":"product","2":"type-product","3":"status-publish","4":"has-post-thumbnail","6":"product_cat-leoko-service","8":"first","9":"instock","10":"taxable","11":"shipping-taxable","12":"purchasable","13":"product-type-simple"},"acf":[],"yoast_head":"<!-- This site is optimized with the Yoast SEO plugin v25.7 - https:\/\/yoast.com\/wordpress\/plugins\/seo\/ -->\n<title>Korjauspaketti - Leoko<\/title>\n<meta name=\"description\" content=\"Leoko levytangon korjaus, alkuper\u00e4isill\u00e4 osilla.\" \/>\n<meta name=\"robots\" content=\"index, follow, max-snippet:-1, max-image-preview:large, max-video-preview:-1\" \/>\n<link rel=\"canonical\" href=\"https:\/\/www.leoko.fi\/en\/tuote\/korjauspaketti\/\" \/>\n<meta property=\"og:locale\" content=\"en_US\" \/>\n<meta property=\"og:type\" content=\"article\" \/>\n<meta property=\"og:title\" content=\"Korjauspaketti - Leoko\" \/>\n<meta property=\"og:description\" content=\"Leoko levytangon korjaus, alkuper\u00e4isill\u00e4 osilla.\" \/>\n<meta property=\"og:url\" content=\"https:\/\/www.leoko.fi\/en\/tuote\/korjauspaketti\/\" \/>\n<meta property=\"og:site_name\" content=\"Leoko\" \/>\n<meta property=\"article:modified_time\" content=\"2025-09-01T07:29:55+00:00\" \/>\n<meta property=\"og:image\" content=\"https:\/\/www.leoko.fi\/wp-content\/uploads\/2024\/09\/LEOKO-huolto1.jpg\" \/>\n\t<meta property=\"og:image:width\" content=\"1200\" \/>\n\t<meta property=\"og:image:height\" content=\"1200\" \/>\n\t<meta property=\"og:image:type\" content=\"image\/jpeg\" \/>\n<meta name=\"twitter:card\" content=\"summary_large_image\" \/>\n<meta name=\"twitter:label1\" content=\"Est. reading time\" \/>\n\t<meta name=\"twitter:data1\" content=\"1 minute\" \/>\n<script type=\"application\/ld+json\" class=\"yoast-schema-graph\">{\"@context\":\"https:\/\/schema.org\",\"@graph\":[{\"@type\":\"WebPage\",\"@id\":\"https:\/\/www.leoko.fi\/en\/tuote\/korjauspaketti\/\",\"url\":\"https:\/\/www.leoko.fi\/en\/tuote\/korjauspaketti\/\",\"name\":\"Korjauspaketti - Leoko\",\"isPartOf\":{\"@id\":\"http:\/\/www.leoko.fi\/en\/#website\"},\"primaryImageOfPage\":{\"@id\":\"https:\/\/www.leoko.fi\/en\/tuote\/korjauspaketti\/#primaryimage\"},\"image\":{\"@id\":\"https:\/\/www.leoko.fi\/en\/tuote\/korjauspaketti\/#primaryimage\"},\"thumbnailUrl\":\"http:\/\/www.leoko.fi\/wp-content\/uploads\/2024\/09\/LEOKO-huolto1.jpg\",\"datePublished\":\"2024-09-26T18:41:45+00:00\",\"dateModified\":\"2025-09-01T07:29:55+00:00\",\"description\":\"Leoko levytangon korjaus, alkuper\u00e4isill\u00e4 osilla.\",\"breadcrumb\":{\"@id\":\"https:\/\/www.leoko.fi\/en\/tuote\/korjauspaketti\/#breadcrumb\"},\"inLanguage\":\"en-US\",\"potentialAction\":[{\"@type\":\"ReadAction\",\"target\":[\"https:\/\/www.leoko.fi\/en\/tuote\/korjauspaketti\/\"]}]},{\"@type\":\"ImageObject\",\"inLanguage\":\"en-US\",\"@id\":\"https:\/\/www.leoko.fi\/en\/tuote\/korjauspaketti\/#primaryimage\",\"url\":\"http:\/\/www.leoko.fi\/wp-content\/uploads\/2024\/09\/LEOKO-huolto1.jpg\",\"contentUrl\":\"http:\/\/www.leoko.fi\/wp-content\/uploads\/2024\/09\/LEOKO-huolto1.jpg\",\"width\":1200,\"height\":1200},{\"@type\":\"BreadcrumbList\",\"@id\":\"https:\/\/www.leoko.fi\/en\/tuote\/korjauspaketti\/#breadcrumb\",\"itemListElement\":[{\"@type\":\"ListItem\",\"position\":1,\"name\":\"Etusivu\",\"item\":\"https:\/\/www.leoko.fi\/\"},{\"@type\":\"ListItem\",\"position\":2,\"name\":\"Kauppa\",\"item\":\"https:\/\/www.leoko.fi\/kauppa\/\"},{\"@type\":\"ListItem\",\"position\":3,\"name\":\"Korjauspaketti\"}]},{\"@type\":\"WebSite\",\"@id\":\"http:\/\/www.leoko.fi\/en\/#website\",\"url\":\"http:\/\/www.leoko.fi\/en\/\",\"name\":\"Leoko\",\"description\":\"Erikoistunut painonnosto- ja  voimanostov\u00e4lineiden valmistukseen\",\"potentialAction\":[{\"@type\":\"SearchAction\",\"target\":{\"@type\":\"EntryPoint\",\"urlTemplate\":\"http:\/\/www.leoko.fi\/en\/?s={search_term_string}\"},\"query-input\":{\"@type\":\"PropertyValueSpecification\",\"valueRequired\":true,\"valueName\":\"search_term_string\"}}],\"inLanguage\":\"en-US\"}]}<\/script>\n<!-- \/ Yoast SEO plugin. -->","yoast_head_json":{"title":"Korjauspaketti - Leoko","description":"Leoko levytangon korjaus, alkuper\u00e4isill\u00e4 osilla.","robots":{"index":"index","follow":"follow","max-snippet":"max-snippet:-1","max-image-preview":"max-image-preview:large","max-video-preview":"max-video-preview:-1"},"canonical":"https:\/\/www.leoko.fi\/en\/tuote\/korjauspaketti\/","og_locale":"en_US","og_type":"article","og_title":"Korjauspaketti - Leoko","og_description":"Leoko levytangon korjaus, alkuper\u00e4isill\u00e4 osilla.","og_url":"https:\/\/www.leoko.fi\/en\/tuote\/korjauspaketti\/","og_site_name":"Leoko","article_modified_time":"2025-09-01T07:29:55+00:00","og_image":[{"width":1200,"height":1200,"url":"https:\/\/www.leoko.fi\/wp-content\/uploads\/2024\/09\/LEOKO-huolto1.jpg","type":"image\/jpeg"}],"twitter_card":"summary_large_image","twitter_misc":{"Est. reading time":"1 minute"},"schema":{"@context":"https:\/\/schema.org","@graph":[{"@type":"WebPage","@id":"https:\/\/www.leoko.fi\/en\/tuote\/korjauspaketti\/","url":"https:\/\/www.leoko.fi\/en\/tuote\/korjauspaketti\/","name":"Korjauspaketti - Leoko","isPartOf":{"@id":"http:\/\/www.leoko.fi\/en\/#website"},"primaryImageOfPage":{"@id":"https:\/\/www.leoko.fi\/en\/tuote\/korjauspaketti\/#primaryimage"},"image":{"@id":"https:\/\/www.leoko.fi\/en\/tuote\/korjauspaketti\/#primaryimage"},"thumbnailUrl":"http:\/\/www.leoko.fi\/wp-content\/uploads\/2024\/09\/LEOKO-huolto1.jpg","datePublished":"2024-09-26T18:41:45+00:00","dateModified":"2025-09-01T07:29:55+00:00","description":"Leoko levytangon korjaus, alkuper\u00e4isill\u00e4 osilla.","breadcrumb":{"@id":"https:\/\/www.leoko.fi\/en\/tuote\/korjauspaketti\/#breadcrumb"},"inLanguage":"en-US","potentialAction":[{"@type":"ReadAction","target":["https:\/\/www.leoko.fi\/en\/tuote\/korjauspaketti\/"]}]},{"@type":"ImageObject","inLanguage":"en-US","@id":"https:\/\/www.leoko.fi\/en\/tuote\/korjauspaketti\/#primaryimage","url":"http:\/\/www.leoko.fi\/wp-content\/uploads\/2024\/09\/LEOKO-huolto1.jpg","contentUrl":"http:\/\/www.leoko.fi\/wp-content\/uploads\/2024\/09\/LEOKO-huolto1.jpg","width":1200,"height":1200},{"@type":"BreadcrumbList","@id":"https:\/\/www.leoko.fi\/en\/tuote\/korjauspaketti\/#breadcrumb","itemListElement":[{"@type":"ListItem","position":1,"name":"Etusivu","item":"https:\/\/www.leoko.fi\/"},{"@type":"ListItem","position":2,"name":"Kauppa","item":"https:\/\/www.leoko.fi\/kauppa\/"},{"@type":"ListItem","position":3,"name":"Korjauspaketti"}]},{"@type":"WebSite","@id":"http:\/\/www.leoko.fi\/en\/#website","url":"http:\/\/www.leoko.fi\/en\/","name":"Leoko","description":"Erikoistunut painonnosto- ja  voimanostov\u00e4lineiden valmistukseen","potentialAction":[{"@type":"SearchAction","target":{"@type":"EntryPoint","urlTemplate":"http:\/\/www.leoko.fi\/en\/?s={search_term_string}"},"query-input":{"@type":"PropertyValueSpecification","valueRequired":true,"valueName":"search_term_string"}}],"inLanguage":"en-US"}]}},"_links":{"self":[{"href":"http:\/\/www.leoko.fi\/en\/wp-json\/wp\/v2\/product\/1806","targetHints":{"allow":["GET"]}}],"collection":[{"href":"http:\/\/www.leoko.fi\/en\/wp-json\/wp\/v2\/product"}],"about":[{"href":"http:\/\/www.leoko.fi\/en\/wp-json\/wp\/v2\/types\/product"}],"replies":[{"embeddable":true,"href":"http:\/\/www.leoko.fi\/en\/wp-json\/wp\/v2\/comments?post=1806"}],"wp:featuredmedia":[{"embeddable":true,"href":"http:\/\/www.leoko.fi\/en\/wp-json\/wp\/v2\/media\/1793"}],"wp:attachment":[{"href":"http:\/\/www.leoko.fi\/en\/wp-json\/wp\/v2\/media?parent=1806"}],"wp:term":[{"taxonomy":"product_brand","embeddable":true,"href":"http:\/\/www.leoko.fi\/en\/wp-json\/wp\/v2\/product_brand?post=1806"},{"taxonomy":"product_cat","embeddable":true,"href":"http:\/\/www.leoko.fi\/en\/wp-json\/wp\/v2\/product_cat?post=1806"},{"taxonomy":"product_tag","embeddable":true,"href":"http:\/\/www.leoko.fi\/en\/wp-json\/wp\/v2\/product_tag?post=1806"}],"curies":[{"name":"wp","href":"https:\/\/api.w.org\/{rel}","templated":true}]}}