{"id":1807,"date":"2024-09-26T21:46:08","date_gmt":"2024-09-26T18:46:08","guid":{"rendered":"https:\/\/www.leoko.fi\/?post_type=product&#038;p=1807"},"modified":"2025-11-04T09:27:31","modified_gmt":"2025-11-04T07:27:31","slug":"leoko-levypainosarja-ennatyspainot-painonnosto-voimanosto","status":"publish","type":"product","link":"http:\/\/www.leoko.fi\/en\/tuote\/leoko-levypainosarja-ennatyspainot-painonnosto-voimanosto\/","title":{"rendered":"LEOKO  Levypainosarja enn\u00e4tyspainot painonnosto voimanosto"},"content":{"rendered":"<p>Pienet enn\u00e4tyspainot, joilla saa puolen kilon korotukset omiin nostoihin.<\/p>\n<p>N\u00e4ill\u00e4 voi hienos\u00e4\u00e4t\u00e4\u00e4 nostonsa juuri optimaalisesti.<\/p>\n<p>Valmistettu Suomessa.<\/p>\n","protected":false},"excerpt":{"rendered":"<p>LEOKO enn\u00e4tyspainot 2 x 0,25 kg, 2 x 0,5 kg ja 2 x 1 kg metallilevysarja painonnostolevyt voimanostolevyt<\/p>\n","protected":false},"featured_media":2404,"comment_status":"open","ping_status":"closed","template":"","meta":{"_acf_changed":false},"product_brand":[],"product_cat":[108],"product_tag":[],"class_list":{"0":"post-1807","1":"product","2":"type-product","3":"status-publish","4":"has-post-thumbnail","6":"product_cat-levypainosarjat","8":"first","9":"instock","10":"taxable","11":"shipping-taxable","12":"purchasable","13":"product-type-simple"},"acf":[],"yoast_head":"<!-- This site is optimized with the Yoast SEO plugin v25.7 - https:\/\/yoast.com\/wordpress\/plugins\/seo\/ -->\n<title>LEOKO Levypainosarja enn\u00e4tyspainot painonnosto voimanosto - Leoko<\/title>\n<meta name=\"robots\" content=\"index, follow, max-snippet:-1, max-image-preview:large, max-video-preview:-1\" \/>\n<link rel=\"canonical\" href=\"http:\/\/www.leoko.fi\/en\/tuote\/leoko-levypainosarja-ennatyspainot-painonnosto-voimanosto\/\" \/>\n<meta property=\"og:locale\" content=\"en_US\" \/>\n<meta property=\"og:type\" content=\"article\" \/>\n<meta property=\"og:title\" content=\"LEOKO Levypainosarja enn\u00e4tyspainot painonnosto voimanosto - Leoko\" \/>\n<meta property=\"og:description\" content=\"LEOKO enn\u00e4tyspainot 2 x 0,25 kg, 2 x 0,5 kg ja 2 x 1 kg metallilevysarja painonnostolevyt voimanostolevyt\" \/>\n<meta property=\"og:url\" content=\"http:\/\/www.leoko.fi\/en\/tuote\/leoko-levypainosarja-ennatyspainot-painonnosto-voimanosto\/\" \/>\n<meta property=\"og:site_name\" content=\"Leoko\" \/>\n<meta property=\"article:modified_time\" content=\"2025-11-04T07:27:31+00:00\" \/>\n<meta property=\"og:image\" content=\"http:\/\/www.leoko.fi\/wp-content\/uploads\/2024\/09\/ennatyspainot.jpg\" \/>\n\t<meta property=\"og:image:width\" content=\"1080\" \/>\n\t<meta property=\"og:image:height\" content=\"1080\" \/>\n\t<meta property=\"og:image:type\" content=\"image\/jpeg\" \/>\n<meta name=\"twitter:card\" content=\"summary_large_image\" \/>\n<meta name=\"twitter:label1\" content=\"Est. reading time\" \/>\n\t<meta name=\"twitter:data1\" content=\"1 minute\" \/>\n<script type=\"application\/ld+json\" class=\"yoast-schema-graph\">{\"@context\":\"https:\/\/schema.org\",\"@graph\":[{\"@type\":\"WebPage\",\"@id\":\"http:\/\/www.leoko.fi\/en\/tuote\/leoko-levypainosarja-ennatyspainot-painonnosto-voimanosto\/\",\"url\":\"http:\/\/www.leoko.fi\/en\/tuote\/leoko-levypainosarja-ennatyspainot-painonnosto-voimanosto\/\",\"name\":\"LEOKO Levypainosarja enn\u00e4tyspainot painonnosto voimanosto - Leoko\",\"isPartOf\":{\"@id\":\"https:\/\/www.leoko.fi\/#website\"},\"primaryImageOfPage\":{\"@id\":\"http:\/\/www.leoko.fi\/en\/tuote\/leoko-levypainosarja-ennatyspainot-painonnosto-voimanosto\/#primaryimage\"},\"image\":{\"@id\":\"http:\/\/www.leoko.fi\/en\/tuote\/leoko-levypainosarja-ennatyspainot-painonnosto-voimanosto\/#primaryimage\"},\"thumbnailUrl\":\"http:\/\/www.leoko.fi\/wp-content\/uploads\/2024\/09\/ennatyspainot.jpg\",\"datePublished\":\"2024-09-26T18:46:08+00:00\",\"dateModified\":\"2025-11-04T07:27:31+00:00\",\"breadcrumb\":{\"@id\":\"http:\/\/www.leoko.fi\/en\/tuote\/leoko-levypainosarja-ennatyspainot-painonnosto-voimanosto\/#breadcrumb\"},\"inLanguage\":\"en-US\",\"potentialAction\":[{\"@type\":\"ReadAction\",\"target\":[\"http:\/\/www.leoko.fi\/en\/tuote\/leoko-levypainosarja-ennatyspainot-painonnosto-voimanosto\/\"]}]},{\"@type\":\"ImageObject\",\"inLanguage\":\"en-US\",\"@id\":\"http:\/\/www.leoko.fi\/en\/tuote\/leoko-levypainosarja-ennatyspainot-painonnosto-voimanosto\/#primaryimage\",\"url\":\"http:\/\/www.leoko.fi\/wp-content\/uploads\/2024\/09\/ennatyspainot.jpg\",\"contentUrl\":\"http:\/\/www.leoko.fi\/wp-content\/uploads\/2024\/09\/ennatyspainot.jpg\",\"width\":1080,\"height\":1080,\"caption\":\"pikkulevyt, enn\u00e4styspainot, 1, 0,5 ja 0,25 kg\"},{\"@type\":\"BreadcrumbList\",\"@id\":\"http:\/\/www.leoko.fi\/en\/tuote\/leoko-levypainosarja-ennatyspainot-painonnosto-voimanosto\/#breadcrumb\",\"itemListElement\":[{\"@type\":\"ListItem\",\"position\":1,\"name\":\"Etusivu\",\"item\":\"https:\/\/www.leoko.fi\/\"},{\"@type\":\"ListItem\",\"position\":2,\"name\":\"Kauppa\",\"item\":\"http:\/\/www.leoko.fi\/kauppa\/\"},{\"@type\":\"ListItem\",\"position\":3,\"name\":\"LEOKO Levypainosarja enn\u00e4tyspainot painonnosto voimanosto\"}]},{\"@type\":\"WebSite\",\"@id\":\"https:\/\/www.leoko.fi\/#website\",\"url\":\"https:\/\/www.leoko.fi\/\",\"name\":\"Leoko\",\"description\":\"Erikoistunut painonnosto- ja  voimanostov\u00e4lineiden valmistukseen\",\"potentialAction\":[{\"@type\":\"SearchAction\",\"target\":{\"@type\":\"EntryPoint\",\"urlTemplate\":\"https:\/\/www.leoko.fi\/?s={search_term_string}\"},\"query-input\":{\"@type\":\"PropertyValueSpecification\",\"valueRequired\":true,\"valueName\":\"search_term_string\"}}],\"inLanguage\":\"en-US\"}]}<\/script>\n<!-- \/ Yoast SEO plugin. -->","yoast_head_json":{"title":"LEOKO Levypainosarja enn\u00e4tyspainot painonnosto voimanosto - Leoko","robots":{"index":"index","follow":"follow","max-snippet":"max-snippet:-1","max-image-preview":"max-image-preview:large","max-video-preview":"max-video-preview:-1"},"canonical":"http:\/\/www.leoko.fi\/en\/tuote\/leoko-levypainosarja-ennatyspainot-painonnosto-voimanosto\/","og_locale":"en_US","og_type":"article","og_title":"LEOKO Levypainosarja enn\u00e4tyspainot painonnosto voimanosto - Leoko","og_description":"LEOKO enn\u00e4tyspainot 2 x 0,25 kg, 2 x 0,5 kg ja 2 x 1 kg metallilevysarja painonnostolevyt voimanostolevyt","og_url":"http:\/\/www.leoko.fi\/en\/tuote\/leoko-levypainosarja-ennatyspainot-painonnosto-voimanosto\/","og_site_name":"Leoko","article_modified_time":"2025-11-04T07:27:31+00:00","og_image":[{"width":1080,"height":1080,"url":"http:\/\/www.leoko.fi\/wp-content\/uploads\/2024\/09\/ennatyspainot.jpg","type":"image\/jpeg"}],"twitter_card":"summary_large_image","twitter_misc":{"Est. reading time":"1 minute"},"schema":{"@context":"https:\/\/schema.org","@graph":[{"@type":"WebPage","@id":"http:\/\/www.leoko.fi\/en\/tuote\/leoko-levypainosarja-ennatyspainot-painonnosto-voimanosto\/","url":"http:\/\/www.leoko.fi\/en\/tuote\/leoko-levypainosarja-ennatyspainot-painonnosto-voimanosto\/","name":"LEOKO Levypainosarja enn\u00e4tyspainot painonnosto voimanosto - Leoko","isPartOf":{"@id":"https:\/\/www.leoko.fi\/#website"},"primaryImageOfPage":{"@id":"http:\/\/www.leoko.fi\/en\/tuote\/leoko-levypainosarja-ennatyspainot-painonnosto-voimanosto\/#primaryimage"},"image":{"@id":"http:\/\/www.leoko.fi\/en\/tuote\/leoko-levypainosarja-ennatyspainot-painonnosto-voimanosto\/#primaryimage"},"thumbnailUrl":"http:\/\/www.leoko.fi\/wp-content\/uploads\/2024\/09\/ennatyspainot.jpg","datePublished":"2024-09-26T18:46:08+00:00","dateModified":"2025-11-04T07:27:31+00:00","breadcrumb":{"@id":"http:\/\/www.leoko.fi\/en\/tuote\/leoko-levypainosarja-ennatyspainot-painonnosto-voimanosto\/#breadcrumb"},"inLanguage":"en-US","potentialAction":[{"@type":"ReadAction","target":["http:\/\/www.leoko.fi\/en\/tuote\/leoko-levypainosarja-ennatyspainot-painonnosto-voimanosto\/"]}]},{"@type":"ImageObject","inLanguage":"en-US","@id":"http:\/\/www.leoko.fi\/en\/tuote\/leoko-levypainosarja-ennatyspainot-painonnosto-voimanosto\/#primaryimage","url":"http:\/\/www.leoko.fi\/wp-content\/uploads\/2024\/09\/ennatyspainot.jpg","contentUrl":"http:\/\/www.leoko.fi\/wp-content\/uploads\/2024\/09\/ennatyspainot.jpg","width":1080,"height":1080,"caption":"pikkulevyt, enn\u00e4styspainot, 1, 0,5 ja 0,25 kg"},{"@type":"BreadcrumbList","@id":"http:\/\/www.leoko.fi\/en\/tuote\/leoko-levypainosarja-ennatyspainot-painonnosto-voimanosto\/#breadcrumb","itemListElement":[{"@type":"ListItem","position":1,"name":"Etusivu","item":"https:\/\/www.leoko.fi\/"},{"@type":"ListItem","position":2,"name":"Kauppa","item":"http:\/\/www.leoko.fi\/kauppa\/"},{"@type":"ListItem","position":3,"name":"LEOKO Levypainosarja enn\u00e4tyspainot painonnosto voimanosto"}]},{"@type":"WebSite","@id":"https:\/\/www.leoko.fi\/#website","url":"https:\/\/www.leoko.fi\/","name":"Leoko","description":"Erikoistunut painonnosto- ja  voimanostov\u00e4lineiden valmistukseen","potentialAction":[{"@type":"SearchAction","target":{"@type":"EntryPoint","urlTemplate":"https:\/\/www.leoko.fi\/?s={search_term_string}"},"query-input":{"@type":"PropertyValueSpecification","valueRequired":true,"valueName":"search_term_string"}}],"inLanguage":"en-US"}]}},"_links":{"self":[{"href":"http:\/\/www.leoko.fi\/en\/wp-json\/wp\/v2\/product\/1807","targetHints":{"allow":["GET"]}}],"collection":[{"href":"http:\/\/www.leoko.fi\/en\/wp-json\/wp\/v2\/product"}],"about":[{"href":"http:\/\/www.leoko.fi\/en\/wp-json\/wp\/v2\/types\/product"}],"replies":[{"embeddable":true,"href":"http:\/\/www.leoko.fi\/en\/wp-json\/wp\/v2\/comments?post=1807"}],"wp:featuredmedia":[{"embeddable":true,"href":"http:\/\/www.leoko.fi\/en\/wp-json\/wp\/v2\/media\/2404"}],"wp:attachment":[{"href":"http:\/\/www.leoko.fi\/en\/wp-json\/wp\/v2\/media?parent=1807"}],"wp:term":[{"taxonomy":"product_brand","embeddable":true,"href":"http:\/\/www.leoko.fi\/en\/wp-json\/wp\/v2\/product_brand?post=1807"},{"taxonomy":"product_cat","embeddable":true,"href":"http:\/\/www.leoko.fi\/en\/wp-json\/wp\/v2\/product_cat?post=1807"},{"taxonomy":"product_tag","embeddable":true,"href":"http:\/\/www.leoko.fi\/en\/wp-json\/wp\/v2\/product_tag?post=1807"}],"curies":[{"name":"wp","href":"https:\/\/api.w.org\/{rel}","templated":true}]}}