{"id":1811,"date":"2024-09-26T21:54:54","date_gmt":"2024-09-26T18:54:54","guid":{"rendered":"https:\/\/www.leoko.fi\/?post_type=product&#038;p=1811"},"modified":"2025-11-04T09:26:22","modified_gmt":"2025-11-04T07:26:22","slug":"leoko-levypainosarja-voimanostolevyt-4-x-25-kg","status":"publish","type":"product","link":"http:\/\/www.leoko.fi\/en\/tuote\/leoko-levypainosarja-voimanostolevyt-4-x-25-kg\/","title":{"rendered":"LEOKO  Levypainosarja voimanostolevyt 4 x 25 kg"},"content":{"rendered":"<p>Nelj\u00e4 kappaletta 25 kg virallisia voimanostolevyj\u00e4. K\u00e4tev\u00e4sti sata kiloa lis\u00e4\u00e4 painoja.<br \/>\nN\u00e4iss\u00e4 LEOKO voimanostolevyiss\u00e4 on kussakin vain yksi, valurautainen osa, joka sorvataan oikean painoiseksi, ilman mit\u00e4\u00e4n irtoavia lis\u00e4osia. K\u00e4yt\u00e4nn\u00f6ss\u00e4 s\u00e4rkym\u00e4t\u00f6n. Maalattu lujimmalla polyuretaanimaalilla kest\u00e4m\u00e4\u00e4n vuosikymmeni\u00e4 raskasta harjoitus- ja kisak\u00e4ytt\u00f6\u00e4.<br \/>\nValmistettu Suomessa, huippuvalimossa.\u00a0 Suurin osa valuraudasta tehd\u00e4\u00e4n sulattamalla romua. Siksi voidaan sanoa, ett\u00e4 n\u00e4m\u00e4 on tehty kierr\u00e4tysmateriaalista. Painot,v\u00e4rit ja mitat on IPF:n s\u00e4\u00e4nt\u00f6jen mukaiset. N\u00e4ill\u00e4 on nosteltu monia Suomenmestaruuksia, Maailmanmestaruuksia ja enn\u00e4tyksi\u00e4. N\u00e4ill\u00e4 sin\u00e4kin saat nostaa omat enn\u00e4tyksesi ja luottaa siihen, ett\u00e4 tulos on vertailukelpoinen maailman huippujen kanssa.<br \/>\nLEOKO 25 kg levyjen halkaisija on 450 mm. Leokon ainutlaatuinen muotoilu parantaa k\u00e4sitelt\u00e4vyytt\u00e4 ja n\u00e4ytt\u00e4\u00e4 hienolta. Voimanostolevyt noudattavat kansainv\u00e4list\u00e4 v\u00e4rikoodia 25 kg levy on siksi\u00a0 punainen. Voimanostopainojen poikkeama nimellispainosta on hyvin pieni.<br \/>\nHUOM. Kuvassa my\u00f6s pakettiin kuulumattomia tuotteita.<\/p>\n","protected":false},"excerpt":{"rendered":"<p>LEOKO voimanostolevyt 4 x 25 kg punaiset metallilevyt<\/p>\n","protected":false},"featured_media":2388,"comment_status":"open","ping_status":"closed","template":"","meta":{"_acf_changed":false},"product_brand":[],"product_cat":[108],"product_tag":[],"class_list":{"0":"post-1811","1":"product","2":"type-product","3":"status-publish","4":"has-post-thumbnail","6":"product_cat-levypainosarjat","8":"first","9":"instock","10":"taxable","11":"shipping-taxable","12":"purchasable","13":"product-type-simple"},"acf":[],"yoast_head":"<!-- This site is optimized with the Yoast SEO plugin v25.7 - https:\/\/yoast.com\/wordpress\/plugins\/seo\/ -->\n<title>LEOKO Levypainosarja voimanostolevyt 4 x 25 kg - Leoko<\/title>\n<meta name=\"robots\" content=\"index, follow, max-snippet:-1, max-image-preview:large, max-video-preview:-1\" \/>\n<link rel=\"canonical\" href=\"http:\/\/www.leoko.fi\/en\/tuote\/leoko-levypainosarja-voimanostolevyt-4-x-25-kg\/\" \/>\n<meta property=\"og:locale\" content=\"en_US\" \/>\n<meta property=\"og:type\" content=\"article\" \/>\n<meta property=\"og:title\" content=\"LEOKO Levypainosarja voimanostolevyt 4 x 25 kg - Leoko\" \/>\n<meta property=\"og:description\" content=\"LEOKO voimanostolevyt 4 x 25 kg punaiset metallilevyt\" \/>\n<meta property=\"og:url\" content=\"http:\/\/www.leoko.fi\/en\/tuote\/leoko-levypainosarja-voimanostolevyt-4-x-25-kg\/\" \/>\n<meta property=\"og:site_name\" content=\"Leoko\" \/>\n<meta property=\"article:modified_time\" content=\"2025-11-04T07:26:22+00:00\" \/>\n<meta property=\"og:image\" content=\"http:\/\/www.leoko.fi\/wp-content\/uploads\/2024\/09\/Levysarja-4kpl25.jpg\" \/>\n\t<meta property=\"og:image:width\" content=\"1080\" \/>\n\t<meta property=\"og:image:height\" content=\"1080\" \/>\n\t<meta property=\"og:image:type\" content=\"image\/jpeg\" \/>\n<meta name=\"twitter:card\" content=\"summary_large_image\" \/>\n<meta name=\"twitter:label1\" content=\"Est. reading time\" \/>\n\t<meta name=\"twitter:data1\" content=\"1 minute\" \/>\n<script type=\"application\/ld+json\" class=\"yoast-schema-graph\">{\"@context\":\"https:\/\/schema.org\",\"@graph\":[{\"@type\":\"WebPage\",\"@id\":\"http:\/\/www.leoko.fi\/en\/tuote\/leoko-levypainosarja-voimanostolevyt-4-x-25-kg\/\",\"url\":\"http:\/\/www.leoko.fi\/en\/tuote\/leoko-levypainosarja-voimanostolevyt-4-x-25-kg\/\",\"name\":\"LEOKO Levypainosarja voimanostolevyt 4 x 25 kg - Leoko\",\"isPartOf\":{\"@id\":\"https:\/\/www.leoko.fi\/#website\"},\"primaryImageOfPage\":{\"@id\":\"http:\/\/www.leoko.fi\/en\/tuote\/leoko-levypainosarja-voimanostolevyt-4-x-25-kg\/#primaryimage\"},\"image\":{\"@id\":\"http:\/\/www.leoko.fi\/en\/tuote\/leoko-levypainosarja-voimanostolevyt-4-x-25-kg\/#primaryimage\"},\"thumbnailUrl\":\"http:\/\/www.leoko.fi\/wp-content\/uploads\/2024\/09\/Levysarja-4kpl25.jpg\",\"datePublished\":\"2024-09-26T18:54:54+00:00\",\"dateModified\":\"2025-11-04T07:26:22+00:00\",\"breadcrumb\":{\"@id\":\"http:\/\/www.leoko.fi\/en\/tuote\/leoko-levypainosarja-voimanostolevyt-4-x-25-kg\/#breadcrumb\"},\"inLanguage\":\"en-US\",\"potentialAction\":[{\"@type\":\"ReadAction\",\"target\":[\"http:\/\/www.leoko.fi\/en\/tuote\/leoko-levypainosarja-voimanostolevyt-4-x-25-kg\/\"]}]},{\"@type\":\"ImageObject\",\"inLanguage\":\"en-US\",\"@id\":\"http:\/\/www.leoko.fi\/en\/tuote\/leoko-levypainosarja-voimanostolevyt-4-x-25-kg\/#primaryimage\",\"url\":\"http:\/\/www.leoko.fi\/wp-content\/uploads\/2024\/09\/Levysarja-4kpl25.jpg\",\"contentUrl\":\"http:\/\/www.leoko.fi\/wp-content\/uploads\/2024\/09\/Levysarja-4kpl25.jpg\",\"width\":1080,\"height\":1080,\"caption\":\"4 kpl 25 kg punaiset, viralliset metallilevyt\"},{\"@type\":\"BreadcrumbList\",\"@id\":\"http:\/\/www.leoko.fi\/en\/tuote\/leoko-levypainosarja-voimanostolevyt-4-x-25-kg\/#breadcrumb\",\"itemListElement\":[{\"@type\":\"ListItem\",\"position\":1,\"name\":\"Etusivu\",\"item\":\"https:\/\/www.leoko.fi\/\"},{\"@type\":\"ListItem\",\"position\":2,\"name\":\"Kauppa\",\"item\":\"http:\/\/www.leoko.fi\/kauppa\/\"},{\"@type\":\"ListItem\",\"position\":3,\"name\":\"LEOKO Levypainosarja voimanostolevyt 4 x 25 kg\"}]},{\"@type\":\"WebSite\",\"@id\":\"https:\/\/www.leoko.fi\/#website\",\"url\":\"https:\/\/www.leoko.fi\/\",\"name\":\"Leoko\",\"description\":\"Erikoistunut painonnosto- ja  voimanostov\u00e4lineiden valmistukseen\",\"potentialAction\":[{\"@type\":\"SearchAction\",\"target\":{\"@type\":\"EntryPoint\",\"urlTemplate\":\"https:\/\/www.leoko.fi\/?s={search_term_string}\"},\"query-input\":{\"@type\":\"PropertyValueSpecification\",\"valueRequired\":true,\"valueName\":\"search_term_string\"}}],\"inLanguage\":\"en-US\"}]}<\/script>\n<!-- \/ Yoast SEO plugin. -->","yoast_head_json":{"title":"LEOKO Levypainosarja voimanostolevyt 4 x 25 kg - Leoko","robots":{"index":"index","follow":"follow","max-snippet":"max-snippet:-1","max-image-preview":"max-image-preview:large","max-video-preview":"max-video-preview:-1"},"canonical":"http:\/\/www.leoko.fi\/en\/tuote\/leoko-levypainosarja-voimanostolevyt-4-x-25-kg\/","og_locale":"en_US","og_type":"article","og_title":"LEOKO Levypainosarja voimanostolevyt 4 x 25 kg - Leoko","og_description":"LEOKO voimanostolevyt 4 x 25 kg punaiset metallilevyt","og_url":"http:\/\/www.leoko.fi\/en\/tuote\/leoko-levypainosarja-voimanostolevyt-4-x-25-kg\/","og_site_name":"Leoko","article_modified_time":"2025-11-04T07:26:22+00:00","og_image":[{"width":1080,"height":1080,"url":"http:\/\/www.leoko.fi\/wp-content\/uploads\/2024\/09\/Levysarja-4kpl25.jpg","type":"image\/jpeg"}],"twitter_card":"summary_large_image","twitter_misc":{"Est. reading time":"1 minute"},"schema":{"@context":"https:\/\/schema.org","@graph":[{"@type":"WebPage","@id":"http:\/\/www.leoko.fi\/en\/tuote\/leoko-levypainosarja-voimanostolevyt-4-x-25-kg\/","url":"http:\/\/www.leoko.fi\/en\/tuote\/leoko-levypainosarja-voimanostolevyt-4-x-25-kg\/","name":"LEOKO Levypainosarja voimanostolevyt 4 x 25 kg - Leoko","isPartOf":{"@id":"https:\/\/www.leoko.fi\/#website"},"primaryImageOfPage":{"@id":"http:\/\/www.leoko.fi\/en\/tuote\/leoko-levypainosarja-voimanostolevyt-4-x-25-kg\/#primaryimage"},"image":{"@id":"http:\/\/www.leoko.fi\/en\/tuote\/leoko-levypainosarja-voimanostolevyt-4-x-25-kg\/#primaryimage"},"thumbnailUrl":"http:\/\/www.leoko.fi\/wp-content\/uploads\/2024\/09\/Levysarja-4kpl25.jpg","datePublished":"2024-09-26T18:54:54+00:00","dateModified":"2025-11-04T07:26:22+00:00","breadcrumb":{"@id":"http:\/\/www.leoko.fi\/en\/tuote\/leoko-levypainosarja-voimanostolevyt-4-x-25-kg\/#breadcrumb"},"inLanguage":"en-US","potentialAction":[{"@type":"ReadAction","target":["http:\/\/www.leoko.fi\/en\/tuote\/leoko-levypainosarja-voimanostolevyt-4-x-25-kg\/"]}]},{"@type":"ImageObject","inLanguage":"en-US","@id":"http:\/\/www.leoko.fi\/en\/tuote\/leoko-levypainosarja-voimanostolevyt-4-x-25-kg\/#primaryimage","url":"http:\/\/www.leoko.fi\/wp-content\/uploads\/2024\/09\/Levysarja-4kpl25.jpg","contentUrl":"http:\/\/www.leoko.fi\/wp-content\/uploads\/2024\/09\/Levysarja-4kpl25.jpg","width":1080,"height":1080,"caption":"4 kpl 25 kg punaiset, viralliset metallilevyt"},{"@type":"BreadcrumbList","@id":"http:\/\/www.leoko.fi\/en\/tuote\/leoko-levypainosarja-voimanostolevyt-4-x-25-kg\/#breadcrumb","itemListElement":[{"@type":"ListItem","position":1,"name":"Etusivu","item":"https:\/\/www.leoko.fi\/"},{"@type":"ListItem","position":2,"name":"Kauppa","item":"http:\/\/www.leoko.fi\/kauppa\/"},{"@type":"ListItem","position":3,"name":"LEOKO Levypainosarja voimanostolevyt 4 x 25 kg"}]},{"@type":"WebSite","@id":"https:\/\/www.leoko.fi\/#website","url":"https:\/\/www.leoko.fi\/","name":"Leoko","description":"Erikoistunut painonnosto- ja  voimanostov\u00e4lineiden valmistukseen","potentialAction":[{"@type":"SearchAction","target":{"@type":"EntryPoint","urlTemplate":"https:\/\/www.leoko.fi\/?s={search_term_string}"},"query-input":{"@type":"PropertyValueSpecification","valueRequired":true,"valueName":"search_term_string"}}],"inLanguage":"en-US"}]}},"_links":{"self":[{"href":"http:\/\/www.leoko.fi\/en\/wp-json\/wp\/v2\/product\/1811","targetHints":{"allow":["GET"]}}],"collection":[{"href":"http:\/\/www.leoko.fi\/en\/wp-json\/wp\/v2\/product"}],"about":[{"href":"http:\/\/www.leoko.fi\/en\/wp-json\/wp\/v2\/types\/product"}],"replies":[{"embeddable":true,"href":"http:\/\/www.leoko.fi\/en\/wp-json\/wp\/v2\/comments?post=1811"}],"wp:featuredmedia":[{"embeddable":true,"href":"http:\/\/www.leoko.fi\/en\/wp-json\/wp\/v2\/media\/2388"}],"wp:attachment":[{"href":"http:\/\/www.leoko.fi\/en\/wp-json\/wp\/v2\/media?parent=1811"}],"wp:term":[{"taxonomy":"product_brand","embeddable":true,"href":"http:\/\/www.leoko.fi\/en\/wp-json\/wp\/v2\/product_brand?post=1811"},{"taxonomy":"product_cat","embeddable":true,"href":"http:\/\/www.leoko.fi\/en\/wp-json\/wp\/v2\/product_cat?post=1811"},{"taxonomy":"product_tag","embeddable":true,"href":"http:\/\/www.leoko.fi\/en\/wp-json\/wp\/v2\/product_tag?post=1811"}],"curies":[{"name":"wp","href":"https:\/\/api.w.org\/{rel}","templated":true}]}}