{"id":1812,"date":"2024-09-26T21:57:36","date_gmt":"2024-09-26T18:57:36","guid":{"rendered":"https:\/\/www.leoko.fi\/?post_type=product&#038;p=1812"},"modified":"2025-09-30T15:37:22","modified_gmt":"2025-09-30T12:37:22","slug":"leoko-levypainosarja-voimanostolevyt-pikkulevyt","status":"publish","type":"product","link":"http:\/\/www.leoko.fi\/en\/tuote\/leoko-levypainosarja-voimanostolevyt-pikkulevyt\/","title":{"rendered":"Pikkulevyt voimanostoon 2x5kg, 2&#215;2,5kg ja 2&#215;1,25kg metallilevyt"},"content":{"rendered":"<p>LEOKO pikkulevyt voimanostoon, eli 2,5 kg korotuksiin sopiva painosarja. Voidaan k\u00e4ytt\u00e4\u00e4 my\u00f6s muiden lajien harjoittelussa, kun halutaan kohtuullisia korotuksia.<br \/>\nSarjan kokonaispaino 17,5 kg.<br \/>\nLEOKO levypainot on valmistettu Suomessa rakenneter\u00e4ksest\u00e4 sorvaamalla ne oikeaan muotoon ja painoon. Pitk\u00e4ik\u00e4isen kest\u00e4vyyden takaa luja materiaali ja polyuretaanimaalaus, joka kest\u00e4\u00e4 parhaiten sit\u00e4kin, ett\u00e4 pikkulevyj\u00e4 joskus k\u00e4ytet\u00e4\u00e4n vasarana.<br \/>\nHuom! kuvassa my\u00f6s t\u00e4h\u00e4n sarjaan kuulumattomia tuotteita.<\/p>\n","protected":false},"excerpt":{"rendered":"<p>LEOKO voimanostolevyt 2 x 5 kg valkoiset metallilevyt, 2 x 2,5 kg punaiset metallilevyt, 2 x 1,25 kg harmaat metallilevyt<\/p>\n","protected":false},"featured_media":2351,"comment_status":"open","ping_status":"closed","template":"","meta":{"_acf_changed":false},"product_brand":[],"product_cat":[108],"product_tag":[],"class_list":{"0":"post-1812","1":"product","2":"type-product","3":"status-publish","4":"has-post-thumbnail","6":"product_cat-levypainosarjat","8":"first","9":"instock","10":"taxable","11":"shipping-taxable","12":"purchasable","13":"product-type-simple"},"acf":[],"yoast_head":"<!-- This site is optimized with the Yoast SEO plugin v25.7 - https:\/\/yoast.com\/wordpress\/plugins\/seo\/ -->\n<title>Pikkulevyt voimanostoon 2x5kg, 2x2,5kg ja 2x1,25kg metallilevyt - Leoko<\/title>\n<meta name=\"robots\" content=\"index, follow, max-snippet:-1, max-image-preview:large, max-video-preview:-1\" \/>\n<link rel=\"canonical\" href=\"http:\/\/www.leoko.fi\/en\/tuote\/leoko-levypainosarja-voimanostolevyt-pikkulevyt\/\" \/>\n<meta property=\"og:locale\" content=\"en_US\" \/>\n<meta property=\"og:type\" content=\"article\" \/>\n<meta property=\"og:title\" content=\"Pikkulevyt voimanostoon 2x5kg, 2x2,5kg ja 2x1,25kg metallilevyt - Leoko\" \/>\n<meta property=\"og:description\" content=\"LEOKO voimanostolevyt 2 x 5 kg valkoiset metallilevyt, 2 x 2,5 kg punaiset metallilevyt, 2 x 1,25 kg harmaat metallilevyt\" \/>\n<meta property=\"og:url\" content=\"http:\/\/www.leoko.fi\/en\/tuote\/leoko-levypainosarja-voimanostolevyt-pikkulevyt\/\" \/>\n<meta property=\"og:site_name\" content=\"Leoko\" \/>\n<meta property=\"article:modified_time\" content=\"2025-09-30T12:37:22+00:00\" \/>\n<meta property=\"og:image\" content=\"http:\/\/www.leoko.fi\/wp-content\/uploads\/2024\/09\/Pikkulevyt-voimanostoon-Leoko.jpg\" \/>\n\t<meta property=\"og:image:width\" content=\"1080\" \/>\n\t<meta property=\"og:image:height\" content=\"1080\" \/>\n\t<meta property=\"og:image:type\" content=\"image\/jpeg\" \/>\n<meta name=\"twitter:card\" content=\"summary_large_image\" \/>\n<meta name=\"twitter:label1\" content=\"Est. reading time\" \/>\n\t<meta name=\"twitter:data1\" content=\"1 minute\" \/>\n<script type=\"application\/ld+json\" class=\"yoast-schema-graph\">{\"@context\":\"https:\/\/schema.org\",\"@graph\":[{\"@type\":\"WebPage\",\"@id\":\"http:\/\/www.leoko.fi\/en\/tuote\/leoko-levypainosarja-voimanostolevyt-pikkulevyt\/\",\"url\":\"http:\/\/www.leoko.fi\/en\/tuote\/leoko-levypainosarja-voimanostolevyt-pikkulevyt\/\",\"name\":\"Pikkulevyt voimanostoon 2x5kg, 2x2,5kg ja 2x1,25kg metallilevyt - Leoko\",\"isPartOf\":{\"@id\":\"https:\/\/www.leoko.fi\/#website\"},\"primaryImageOfPage\":{\"@id\":\"http:\/\/www.leoko.fi\/en\/tuote\/leoko-levypainosarja-voimanostolevyt-pikkulevyt\/#primaryimage\"},\"image\":{\"@id\":\"http:\/\/www.leoko.fi\/en\/tuote\/leoko-levypainosarja-voimanostolevyt-pikkulevyt\/#primaryimage\"},\"thumbnailUrl\":\"http:\/\/www.leoko.fi\/wp-content\/uploads\/2024\/09\/Pikkulevyt-voimanostoon-Leoko.jpg\",\"datePublished\":\"2024-09-26T18:57:36+00:00\",\"dateModified\":\"2025-09-30T12:37:22+00:00\",\"breadcrumb\":{\"@id\":\"http:\/\/www.leoko.fi\/en\/tuote\/leoko-levypainosarja-voimanostolevyt-pikkulevyt\/#breadcrumb\"},\"inLanguage\":\"en-US\",\"potentialAction\":[{\"@type\":\"ReadAction\",\"target\":[\"http:\/\/www.leoko.fi\/en\/tuote\/leoko-levypainosarja-voimanostolevyt-pikkulevyt\/\"]}]},{\"@type\":\"ImageObject\",\"inLanguage\":\"en-US\",\"@id\":\"http:\/\/www.leoko.fi\/en\/tuote\/leoko-levypainosarja-voimanostolevyt-pikkulevyt\/#primaryimage\",\"url\":\"http:\/\/www.leoko.fi\/wp-content\/uploads\/2024\/09\/Pikkulevyt-voimanostoon-Leoko.jpg\",\"contentUrl\":\"http:\/\/www.leoko.fi\/wp-content\/uploads\/2024\/09\/Pikkulevyt-voimanostoon-Leoko.jpg\",\"width\":1080,\"height\":1080,\"caption\":\"Pikkulevyt voimanostoon Leoko\"},{\"@type\":\"BreadcrumbList\",\"@id\":\"http:\/\/www.leoko.fi\/en\/tuote\/leoko-levypainosarja-voimanostolevyt-pikkulevyt\/#breadcrumb\",\"itemListElement\":[{\"@type\":\"ListItem\",\"position\":1,\"name\":\"Etusivu\",\"item\":\"https:\/\/www.leoko.fi\/\"},{\"@type\":\"ListItem\",\"position\":2,\"name\":\"Kauppa\",\"item\":\"http:\/\/www.leoko.fi\/kauppa\/\"},{\"@type\":\"ListItem\",\"position\":3,\"name\":\"Pikkulevyt voimanostoon 2x5kg, 2&#215;2,5kg ja 2&#215;1,25kg metallilevyt\"}]},{\"@type\":\"WebSite\",\"@id\":\"https:\/\/www.leoko.fi\/#website\",\"url\":\"https:\/\/www.leoko.fi\/\",\"name\":\"Leoko\",\"description\":\"Erikoistunut painonnosto- ja  voimanostov\u00e4lineiden valmistukseen\",\"potentialAction\":[{\"@type\":\"SearchAction\",\"target\":{\"@type\":\"EntryPoint\",\"urlTemplate\":\"https:\/\/www.leoko.fi\/?s={search_term_string}\"},\"query-input\":{\"@type\":\"PropertyValueSpecification\",\"valueRequired\":true,\"valueName\":\"search_term_string\"}}],\"inLanguage\":\"en-US\"}]}<\/script>\n<!-- \/ Yoast SEO plugin. -->","yoast_head_json":{"title":"Pikkulevyt voimanostoon 2x5kg, 2x2,5kg ja 2x1,25kg metallilevyt - Leoko","robots":{"index":"index","follow":"follow","max-snippet":"max-snippet:-1","max-image-preview":"max-image-preview:large","max-video-preview":"max-video-preview:-1"},"canonical":"http:\/\/www.leoko.fi\/en\/tuote\/leoko-levypainosarja-voimanostolevyt-pikkulevyt\/","og_locale":"en_US","og_type":"article","og_title":"Pikkulevyt voimanostoon 2x5kg, 2x2,5kg ja 2x1,25kg metallilevyt - Leoko","og_description":"LEOKO voimanostolevyt 2 x 5 kg valkoiset metallilevyt, 2 x 2,5 kg punaiset metallilevyt, 2 x 1,25 kg harmaat metallilevyt","og_url":"http:\/\/www.leoko.fi\/en\/tuote\/leoko-levypainosarja-voimanostolevyt-pikkulevyt\/","og_site_name":"Leoko","article_modified_time":"2025-09-30T12:37:22+00:00","og_image":[{"width":1080,"height":1080,"url":"http:\/\/www.leoko.fi\/wp-content\/uploads\/2024\/09\/Pikkulevyt-voimanostoon-Leoko.jpg","type":"image\/jpeg"}],"twitter_card":"summary_large_image","twitter_misc":{"Est. reading time":"1 minute"},"schema":{"@context":"https:\/\/schema.org","@graph":[{"@type":"WebPage","@id":"http:\/\/www.leoko.fi\/en\/tuote\/leoko-levypainosarja-voimanostolevyt-pikkulevyt\/","url":"http:\/\/www.leoko.fi\/en\/tuote\/leoko-levypainosarja-voimanostolevyt-pikkulevyt\/","name":"Pikkulevyt voimanostoon 2x5kg, 2x2,5kg ja 2x1,25kg metallilevyt - Leoko","isPartOf":{"@id":"https:\/\/www.leoko.fi\/#website"},"primaryImageOfPage":{"@id":"http:\/\/www.leoko.fi\/en\/tuote\/leoko-levypainosarja-voimanostolevyt-pikkulevyt\/#primaryimage"},"image":{"@id":"http:\/\/www.leoko.fi\/en\/tuote\/leoko-levypainosarja-voimanostolevyt-pikkulevyt\/#primaryimage"},"thumbnailUrl":"http:\/\/www.leoko.fi\/wp-content\/uploads\/2024\/09\/Pikkulevyt-voimanostoon-Leoko.jpg","datePublished":"2024-09-26T18:57:36+00:00","dateModified":"2025-09-30T12:37:22+00:00","breadcrumb":{"@id":"http:\/\/www.leoko.fi\/en\/tuote\/leoko-levypainosarja-voimanostolevyt-pikkulevyt\/#breadcrumb"},"inLanguage":"en-US","potentialAction":[{"@type":"ReadAction","target":["http:\/\/www.leoko.fi\/en\/tuote\/leoko-levypainosarja-voimanostolevyt-pikkulevyt\/"]}]},{"@type":"ImageObject","inLanguage":"en-US","@id":"http:\/\/www.leoko.fi\/en\/tuote\/leoko-levypainosarja-voimanostolevyt-pikkulevyt\/#primaryimage","url":"http:\/\/www.leoko.fi\/wp-content\/uploads\/2024\/09\/Pikkulevyt-voimanostoon-Leoko.jpg","contentUrl":"http:\/\/www.leoko.fi\/wp-content\/uploads\/2024\/09\/Pikkulevyt-voimanostoon-Leoko.jpg","width":1080,"height":1080,"caption":"Pikkulevyt voimanostoon Leoko"},{"@type":"BreadcrumbList","@id":"http:\/\/www.leoko.fi\/en\/tuote\/leoko-levypainosarja-voimanostolevyt-pikkulevyt\/#breadcrumb","itemListElement":[{"@type":"ListItem","position":1,"name":"Etusivu","item":"https:\/\/www.leoko.fi\/"},{"@type":"ListItem","position":2,"name":"Kauppa","item":"http:\/\/www.leoko.fi\/kauppa\/"},{"@type":"ListItem","position":3,"name":"Pikkulevyt voimanostoon 2x5kg, 2&#215;2,5kg ja 2&#215;1,25kg metallilevyt"}]},{"@type":"WebSite","@id":"https:\/\/www.leoko.fi\/#website","url":"https:\/\/www.leoko.fi\/","name":"Leoko","description":"Erikoistunut painonnosto- ja  voimanostov\u00e4lineiden valmistukseen","potentialAction":[{"@type":"SearchAction","target":{"@type":"EntryPoint","urlTemplate":"https:\/\/www.leoko.fi\/?s={search_term_string}"},"query-input":{"@type":"PropertyValueSpecification","valueRequired":true,"valueName":"search_term_string"}}],"inLanguage":"en-US"}]}},"_links":{"self":[{"href":"http:\/\/www.leoko.fi\/en\/wp-json\/wp\/v2\/product\/1812","targetHints":{"allow":["GET"]}}],"collection":[{"href":"http:\/\/www.leoko.fi\/en\/wp-json\/wp\/v2\/product"}],"about":[{"href":"http:\/\/www.leoko.fi\/en\/wp-json\/wp\/v2\/types\/product"}],"replies":[{"embeddable":true,"href":"http:\/\/www.leoko.fi\/en\/wp-json\/wp\/v2\/comments?post=1812"}],"wp:featuredmedia":[{"embeddable":true,"href":"http:\/\/www.leoko.fi\/en\/wp-json\/wp\/v2\/media\/2351"}],"wp:attachment":[{"href":"http:\/\/www.leoko.fi\/en\/wp-json\/wp\/v2\/media?parent=1812"}],"wp:term":[{"taxonomy":"product_brand","embeddable":true,"href":"http:\/\/www.leoko.fi\/en\/wp-json\/wp\/v2\/product_brand?post=1812"},{"taxonomy":"product_cat","embeddable":true,"href":"http:\/\/www.leoko.fi\/en\/wp-json\/wp\/v2\/product_cat?post=1812"},{"taxonomy":"product_tag","embeddable":true,"href":"http:\/\/www.leoko.fi\/en\/wp-json\/wp\/v2\/product_tag?post=1812"}],"curies":[{"name":"wp","href":"https:\/\/api.w.org\/{rel}","templated":true}]}}