{"id":1814,"date":"2024-09-26T22:01:21","date_gmt":"2024-09-26T19:01:21","guid":{"rendered":"https:\/\/www.leoko.fi\/?post_type=product&#038;p=1814"},"modified":"2026-01-07T08:33:01","modified_gmt":"2026-01-07T06:33:01","slug":"leoko-levypainosarja-painonnosto-teraslevyt-pikkulevyt","status":"publish","type":"product","link":"http:\/\/www.leoko.fi\/en\/tuote\/leoko-levypainosarja-painonnosto-teraslevyt-pikkulevyt\/","title":{"rendered":"Levypainosarja painonnosto ter\u00e4slevyt pikkulevyt"},"content":{"rendered":"<p>LEOKO pikkulevyt 1 kg korotuksiin painonnostoon. Kilpailuissa korotukset tehd\u00e4\u00e4n kilon v\u00e4lein, joten hyv\u00e4 my\u00f6s harjoitella niit\u00e4. Voidaan k\u00e4ytt\u00e4\u00e4 my\u00f6s muunalisessa harjoitelusa, kun halutaan pieni\u00e4 korotuksia omaan suoritukseen. Tai enn\u00e4tykseen!<br \/>\nIWF:n standardin mukaisiksi kalibroidut Leokon ter\u00e4slevyt, joilla saa katettua kaikki askelv\u00e4lit yhdest\u00e4 kilosta 25 kiloon asti. Polyuretaanimaali takaa, ett\u00e4 n\u00e4m\u00e4 pysyy hyv\u00e4n n\u00e4k\u00f6isin\u00e4 pitk\u00e4\u00e4n, vaikka n\u00e4it\u00e4 tavataan k\u00e4ytt\u00e4\u00e4 vasarana.<\/p>\n<p>Valmistettu Suomessa.<\/p>\n<p>&nbsp;<\/p>\n","protected":false},"excerpt":{"rendered":"<p>LEOKO Painonnoston metallilevyt 2 x 5 kg valkoiset,, 2 x 2,5 kg punaiset, 2 x 2 kg siniset, 2 x 1,5 kg keltaiset, 2 x 1 kg vihre\u00e4t, 2 x 0,5 kg valkoiset levypainot.<\/p>\n","protected":false},"featured_media":2398,"comment_status":"open","ping_status":"closed","template":"","meta":{"_acf_changed":false},"product_brand":[],"product_cat":[108],"product_tag":[],"class_list":{"0":"post-1814","1":"product","2":"type-product","3":"status-publish","4":"has-post-thumbnail","6":"product_cat-levypainosarjat","8":"first","9":"instock","10":"taxable","11":"shipping-taxable","12":"purchasable","13":"product-type-simple"},"acf":[],"yoast_head":"<!-- This site is optimized with the Yoast SEO plugin v25.7 - https:\/\/yoast.com\/wordpress\/plugins\/seo\/ -->\n<title>Levypainosarja painonnosto ter\u00e4slevyt pikkulevyt - Leoko<\/title>\n<meta name=\"robots\" content=\"index, follow, max-snippet:-1, max-image-preview:large, max-video-preview:-1\" \/>\n<link rel=\"canonical\" href=\"https:\/\/www.leoko.fi\/en\/tuote\/leoko-levypainosarja-painonnosto-teraslevyt-pikkulevyt\/\" \/>\n<meta property=\"og:locale\" content=\"en_US\" \/>\n<meta property=\"og:type\" content=\"article\" \/>\n<meta property=\"og:title\" content=\"Levypainosarja painonnosto ter\u00e4slevyt pikkulevyt - Leoko\" \/>\n<meta property=\"og:description\" content=\"LEOKO Painonnoston metallilevyt 2 x 5 kg valkoiset,, 2 x 2,5 kg punaiset, 2 x 2 kg siniset, 2 x 1,5 kg keltaiset, 2 x 1 kg vihre\u00e4t, 2 x 0,5 kg valkoiset levypainot.\" \/>\n<meta property=\"og:url\" content=\"https:\/\/www.leoko.fi\/en\/tuote\/leoko-levypainosarja-painonnosto-teraslevyt-pikkulevyt\/\" \/>\n<meta property=\"og:site_name\" content=\"Leoko\" \/>\n<meta property=\"article:modified_time\" content=\"2026-01-07T06:33:01+00:00\" \/>\n<meta property=\"og:image\" content=\"https:\/\/www.leoko.fi\/wp-content\/uploads\/2024\/09\/nlevysarja-pikkulevyt.jpg\" \/>\n\t<meta property=\"og:image:width\" content=\"1080\" \/>\n\t<meta property=\"og:image:height\" content=\"1080\" \/>\n\t<meta property=\"og:image:type\" content=\"image\/jpeg\" \/>\n<meta name=\"twitter:card\" content=\"summary_large_image\" \/>\n<meta name=\"twitter:label1\" content=\"Est. reading time\" \/>\n\t<meta name=\"twitter:data1\" content=\"1 minute\" \/>\n<script type=\"application\/ld+json\" class=\"yoast-schema-graph\">{\"@context\":\"https:\/\/schema.org\",\"@graph\":[{\"@type\":\"WebPage\",\"@id\":\"https:\/\/www.leoko.fi\/en\/tuote\/leoko-levypainosarja-painonnosto-teraslevyt-pikkulevyt\/\",\"url\":\"https:\/\/www.leoko.fi\/en\/tuote\/leoko-levypainosarja-painonnosto-teraslevyt-pikkulevyt\/\",\"name\":\"Levypainosarja painonnosto ter\u00e4slevyt pikkulevyt - Leoko\",\"isPartOf\":{\"@id\":\"https:\/\/www.leoko.fi\/#website\"},\"primaryImageOfPage\":{\"@id\":\"https:\/\/www.leoko.fi\/en\/tuote\/leoko-levypainosarja-painonnosto-teraslevyt-pikkulevyt\/#primaryimage\"},\"image\":{\"@id\":\"https:\/\/www.leoko.fi\/en\/tuote\/leoko-levypainosarja-painonnosto-teraslevyt-pikkulevyt\/#primaryimage\"},\"thumbnailUrl\":\"http:\/\/www.leoko.fi\/wp-content\/uploads\/2024\/09\/nlevysarja-pikkulevyt.jpg\",\"datePublished\":\"2024-09-26T19:01:21+00:00\",\"dateModified\":\"2026-01-07T06:33:01+00:00\",\"breadcrumb\":{\"@id\":\"https:\/\/www.leoko.fi\/en\/tuote\/leoko-levypainosarja-painonnosto-teraslevyt-pikkulevyt\/#breadcrumb\"},\"inLanguage\":\"en-US\",\"potentialAction\":[{\"@type\":\"ReadAction\",\"target\":[\"https:\/\/www.leoko.fi\/en\/tuote\/leoko-levypainosarja-painonnosto-teraslevyt-pikkulevyt\/\"]}]},{\"@type\":\"ImageObject\",\"inLanguage\":\"en-US\",\"@id\":\"https:\/\/www.leoko.fi\/en\/tuote\/leoko-levypainosarja-painonnosto-teraslevyt-pikkulevyt\/#primaryimage\",\"url\":\"http:\/\/www.leoko.fi\/wp-content\/uploads\/2024\/09\/nlevysarja-pikkulevyt.jpg\",\"contentUrl\":\"http:\/\/www.leoko.fi\/wp-content\/uploads\/2024\/09\/nlevysarja-pikkulevyt.jpg\",\"width\":1080,\"height\":1080,\"caption\":\"pikkulevyt painonnostoon, ter\u00e4st\u00e4\"},{\"@type\":\"BreadcrumbList\",\"@id\":\"https:\/\/www.leoko.fi\/en\/tuote\/leoko-levypainosarja-painonnosto-teraslevyt-pikkulevyt\/#breadcrumb\",\"itemListElement\":[{\"@type\":\"ListItem\",\"position\":1,\"name\":\"Etusivu\",\"item\":\"https:\/\/www.leoko.fi\/\"},{\"@type\":\"ListItem\",\"position\":2,\"name\":\"Kauppa\",\"item\":\"http:\/\/www.leoko.fi\/kauppa\/\"},{\"@type\":\"ListItem\",\"position\":3,\"name\":\"Levypainosarja painonnosto ter\u00e4slevyt pikkulevyt\"}]},{\"@type\":\"WebSite\",\"@id\":\"https:\/\/www.leoko.fi\/#website\",\"url\":\"https:\/\/www.leoko.fi\/\",\"name\":\"Leoko\",\"description\":\"Erikoistunut painonnosto- ja  voimanostov\u00e4lineiden valmistukseen\",\"potentialAction\":[{\"@type\":\"SearchAction\",\"target\":{\"@type\":\"EntryPoint\",\"urlTemplate\":\"https:\/\/www.leoko.fi\/?s={search_term_string}\"},\"query-input\":{\"@type\":\"PropertyValueSpecification\",\"valueRequired\":true,\"valueName\":\"search_term_string\"}}],\"inLanguage\":\"en-US\"}]}<\/script>\n<!-- \/ Yoast SEO plugin. -->","yoast_head_json":{"title":"Levypainosarja painonnosto ter\u00e4slevyt pikkulevyt - Leoko","robots":{"index":"index","follow":"follow","max-snippet":"max-snippet:-1","max-image-preview":"max-image-preview:large","max-video-preview":"max-video-preview:-1"},"canonical":"https:\/\/www.leoko.fi\/en\/tuote\/leoko-levypainosarja-painonnosto-teraslevyt-pikkulevyt\/","og_locale":"en_US","og_type":"article","og_title":"Levypainosarja painonnosto ter\u00e4slevyt pikkulevyt - Leoko","og_description":"LEOKO Painonnoston metallilevyt 2 x 5 kg valkoiset,, 2 x 2,5 kg punaiset, 2 x 2 kg siniset, 2 x 1,5 kg keltaiset, 2 x 1 kg vihre\u00e4t, 2 x 0,5 kg valkoiset levypainot.","og_url":"https:\/\/www.leoko.fi\/en\/tuote\/leoko-levypainosarja-painonnosto-teraslevyt-pikkulevyt\/","og_site_name":"Leoko","article_modified_time":"2026-01-07T06:33:01+00:00","og_image":[{"width":1080,"height":1080,"url":"https:\/\/www.leoko.fi\/wp-content\/uploads\/2024\/09\/nlevysarja-pikkulevyt.jpg","type":"image\/jpeg"}],"twitter_card":"summary_large_image","twitter_misc":{"Est. reading time":"1 minute"},"schema":{"@context":"https:\/\/schema.org","@graph":[{"@type":"WebPage","@id":"https:\/\/www.leoko.fi\/en\/tuote\/leoko-levypainosarja-painonnosto-teraslevyt-pikkulevyt\/","url":"https:\/\/www.leoko.fi\/en\/tuote\/leoko-levypainosarja-painonnosto-teraslevyt-pikkulevyt\/","name":"Levypainosarja painonnosto ter\u00e4slevyt pikkulevyt - Leoko","isPartOf":{"@id":"https:\/\/www.leoko.fi\/#website"},"primaryImageOfPage":{"@id":"https:\/\/www.leoko.fi\/en\/tuote\/leoko-levypainosarja-painonnosto-teraslevyt-pikkulevyt\/#primaryimage"},"image":{"@id":"https:\/\/www.leoko.fi\/en\/tuote\/leoko-levypainosarja-painonnosto-teraslevyt-pikkulevyt\/#primaryimage"},"thumbnailUrl":"http:\/\/www.leoko.fi\/wp-content\/uploads\/2024\/09\/nlevysarja-pikkulevyt.jpg","datePublished":"2024-09-26T19:01:21+00:00","dateModified":"2026-01-07T06:33:01+00:00","breadcrumb":{"@id":"https:\/\/www.leoko.fi\/en\/tuote\/leoko-levypainosarja-painonnosto-teraslevyt-pikkulevyt\/#breadcrumb"},"inLanguage":"en-US","potentialAction":[{"@type":"ReadAction","target":["https:\/\/www.leoko.fi\/en\/tuote\/leoko-levypainosarja-painonnosto-teraslevyt-pikkulevyt\/"]}]},{"@type":"ImageObject","inLanguage":"en-US","@id":"https:\/\/www.leoko.fi\/en\/tuote\/leoko-levypainosarja-painonnosto-teraslevyt-pikkulevyt\/#primaryimage","url":"http:\/\/www.leoko.fi\/wp-content\/uploads\/2024\/09\/nlevysarja-pikkulevyt.jpg","contentUrl":"http:\/\/www.leoko.fi\/wp-content\/uploads\/2024\/09\/nlevysarja-pikkulevyt.jpg","width":1080,"height":1080,"caption":"pikkulevyt painonnostoon, ter\u00e4st\u00e4"},{"@type":"BreadcrumbList","@id":"https:\/\/www.leoko.fi\/en\/tuote\/leoko-levypainosarja-painonnosto-teraslevyt-pikkulevyt\/#breadcrumb","itemListElement":[{"@type":"ListItem","position":1,"name":"Etusivu","item":"https:\/\/www.leoko.fi\/"},{"@type":"ListItem","position":2,"name":"Kauppa","item":"http:\/\/www.leoko.fi\/kauppa\/"},{"@type":"ListItem","position":3,"name":"Levypainosarja painonnosto ter\u00e4slevyt pikkulevyt"}]},{"@type":"WebSite","@id":"https:\/\/www.leoko.fi\/#website","url":"https:\/\/www.leoko.fi\/","name":"Leoko","description":"Erikoistunut painonnosto- ja  voimanostov\u00e4lineiden valmistukseen","potentialAction":[{"@type":"SearchAction","target":{"@type":"EntryPoint","urlTemplate":"https:\/\/www.leoko.fi\/?s={search_term_string}"},"query-input":{"@type":"PropertyValueSpecification","valueRequired":true,"valueName":"search_term_string"}}],"inLanguage":"en-US"}]}},"_links":{"self":[{"href":"http:\/\/www.leoko.fi\/en\/wp-json\/wp\/v2\/product\/1814","targetHints":{"allow":["GET"]}}],"collection":[{"href":"http:\/\/www.leoko.fi\/en\/wp-json\/wp\/v2\/product"}],"about":[{"href":"http:\/\/www.leoko.fi\/en\/wp-json\/wp\/v2\/types\/product"}],"replies":[{"embeddable":true,"href":"http:\/\/www.leoko.fi\/en\/wp-json\/wp\/v2\/comments?post=1814"}],"wp:featuredmedia":[{"embeddable":true,"href":"http:\/\/www.leoko.fi\/en\/wp-json\/wp\/v2\/media\/2398"}],"wp:attachment":[{"href":"http:\/\/www.leoko.fi\/en\/wp-json\/wp\/v2\/media?parent=1814"}],"wp:term":[{"taxonomy":"product_brand","embeddable":true,"href":"http:\/\/www.leoko.fi\/en\/wp-json\/wp\/v2\/product_brand?post=1814"},{"taxonomy":"product_cat","embeddable":true,"href":"http:\/\/www.leoko.fi\/en\/wp-json\/wp\/v2\/product_cat?post=1814"},{"taxonomy":"product_tag","embeddable":true,"href":"http:\/\/www.leoko.fi\/en\/wp-json\/wp\/v2\/product_tag?post=1814"}],"curies":[{"name":"wp","href":"https:\/\/api.w.org\/{rel}","templated":true}]}}