{"id":1815,"date":"2024-09-26T22:06:51","date_gmt":"2024-09-26T19:06:51","guid":{"rendered":"https:\/\/www.leoko.fi\/?post_type=product&#038;p=1815"},"modified":"2025-09-11T09:28:29","modified_gmt":"2025-09-11T06:28:29","slug":"leoko-levytankosarja-voimanosto-kilpa-435kg","status":"publish","type":"product","link":"http:\/\/www.leoko.fi\/en\/tuote\/leoko-levytankosarja-voimanosto-kilpa-435kg\/","title":{"rendered":"LEOKO Levytankosarja  voimanosto kilpasetti 435kg LEOKO barbell"},"content":{"rendered":"<p>LEOKO Maailmanmestaritason voimanostosarja. Sis\u00e4lt\u00e4\u00e4 voimanostotangon turvalukkoineen, ja 410 kg levypainoja. N\u00e4m\u00e4 kun kerralla nostaa penkist\u00e4 ilman penkkipaitaa, niin siin\u00e4 on maailmanenn\u00e4tys heti.<\/p>\n<p>Riitt\u00e4\u00e4 my\u00f6s kyyykyn ja maastavedon maksimiharjoitteluun.<\/p>\n<p>Kaksitoista punaista Leokon 25 kg voimanostolevy\u00e4 n\u00e4ytt\u00e4\u00e4 komealta paitsi tangossa, niin my\u00f6s telineess\u00e4.<\/p>\n<p>N\u00e4ill\u00e4 j\u00e4rjest\u00e4\u00e4 jo vaikka kuinka kovan tason kilpailut. ja tulokset ovat t\u00e4ysin vertailukelpoisia, kaikki v\u00e4lineet on kalibroitu IPF s\u00e4\u00e4nt\u00f6jen mukaisiksi.<\/p>\n<p>Kilpasetti LEOKO\u00a0 voimanostoon on kokonaan Valmistettu Suomessa.<\/p>\n","protected":false},"excerpt":{"rendered":"<p>LEOKO-Voimanostotanko lukk. + metallilevyt, kalibroidut<\/p>\n<p>12 x 25 kg, 2 x 20 kg, 2 x 15 kg, 2 x 10 kg, 2 x 5 kg, 2 x 2,5 kg, 2 x 1,25 kg, 4 x 0,5 kg, 2 x 0,25 kg<\/p>\n<p>Kisasetti, Leoko barbell, competition powerlifting.<\/p>\n","protected":false},"featured_media":1818,"comment_status":"open","ping_status":"closed","template":"","meta":{"_acf_changed":false},"product_brand":[],"product_cat":[112],"product_tag":[],"class_list":{"0":"post-1815","1":"product","2":"type-product","3":"status-publish","4":"has-post-thumbnail","6":"product_cat-levytankosarjat","8":"first","9":"instock","10":"taxable","11":"shipping-taxable","12":"purchasable","13":"product-type-simple"},"acf":[],"yoast_head":"<!-- This site is optimized with the Yoast SEO plugin v25.7 - https:\/\/yoast.com\/wordpress\/plugins\/seo\/ -->\n<title>Levytankosarja, kilpasetti, voimanosto, LEOKO tutustu ja tilaa<\/title>\n<meta name=\"description\" content=\"Leoko powerlifting barbell for competition Kisasetti, voimanostosetti, kilpailukelpoinen tanko ja kalibroidut levyt. According to IPF rules\" \/>\n<meta name=\"robots\" content=\"index, follow, max-snippet:-1, max-image-preview:large, max-video-preview:-1\" \/>\n<link rel=\"canonical\" href=\"http:\/\/www.leoko.fi\/en\/tuote\/leoko-levytankosarja-voimanosto-kilpa-435kg\/\" \/>\n<meta property=\"og:locale\" content=\"en_US\" \/>\n<meta property=\"og:type\" content=\"article\" \/>\n<meta property=\"og:title\" content=\"Levytankosarja, kilpasetti, voimanosto, LEOKO tutustu ja tilaa\" \/>\n<meta property=\"og:description\" content=\"Leoko powerlifting barbell for competition Kisasetti, voimanostosetti, kilpailukelpoinen tanko ja kalibroidut levyt. According to IPF rules\" \/>\n<meta property=\"og:url\" content=\"http:\/\/www.leoko.fi\/en\/tuote\/leoko-levytankosarja-voimanosto-kilpa-435kg\/\" \/>\n<meta property=\"og:site_name\" content=\"Leoko\" \/>\n<meta property=\"article:modified_time\" content=\"2025-09-11T06:28:29+00:00\" \/>\n<meta property=\"og:image\" content=\"http:\/\/www.leoko.fi\/wp-content\/uploads\/2024\/09\/LEOKO-voimanosto-435kg-2.jpg\" \/>\n\t<meta property=\"og:image:width\" content=\"1200\" \/>\n\t<meta property=\"og:image:height\" content=\"1200\" \/>\n\t<meta property=\"og:image:type\" content=\"image\/jpeg\" \/>\n<meta name=\"twitter:card\" content=\"summary_large_image\" \/>\n<meta name=\"twitter:label1\" content=\"Est. reading time\" \/>\n\t<meta name=\"twitter:data1\" content=\"1 minute\" \/>\n<script type=\"application\/ld+json\" class=\"yoast-schema-graph\">{\"@context\":\"https:\/\/schema.org\",\"@graph\":[{\"@type\":\"WebPage\",\"@id\":\"http:\/\/www.leoko.fi\/en\/tuote\/leoko-levytankosarja-voimanosto-kilpa-435kg\/\",\"url\":\"http:\/\/www.leoko.fi\/en\/tuote\/leoko-levytankosarja-voimanosto-kilpa-435kg\/\",\"name\":\"Levytankosarja, kilpasetti, voimanosto, LEOKO tutustu ja tilaa\",\"isPartOf\":{\"@id\":\"https:\/\/www.leoko.fi\/#website\"},\"primaryImageOfPage\":{\"@id\":\"http:\/\/www.leoko.fi\/en\/tuote\/leoko-levytankosarja-voimanosto-kilpa-435kg\/#primaryimage\"},\"image\":{\"@id\":\"http:\/\/www.leoko.fi\/en\/tuote\/leoko-levytankosarja-voimanosto-kilpa-435kg\/#primaryimage\"},\"thumbnailUrl\":\"http:\/\/www.leoko.fi\/wp-content\/uploads\/2024\/09\/LEOKO-voimanosto-435kg-2.jpg\",\"datePublished\":\"2024-09-26T19:06:51+00:00\",\"dateModified\":\"2025-09-11T06:28:29+00:00\",\"description\":\"Leoko powerlifting barbell for competition Kisasetti, voimanostosetti, kilpailukelpoinen tanko ja kalibroidut levyt. According to IPF rules\",\"breadcrumb\":{\"@id\":\"http:\/\/www.leoko.fi\/en\/tuote\/leoko-levytankosarja-voimanosto-kilpa-435kg\/#breadcrumb\"},\"inLanguage\":\"en-US\",\"potentialAction\":[{\"@type\":\"ReadAction\",\"target\":[\"http:\/\/www.leoko.fi\/en\/tuote\/leoko-levytankosarja-voimanosto-kilpa-435kg\/\"]}]},{\"@type\":\"ImageObject\",\"inLanguage\":\"en-US\",\"@id\":\"http:\/\/www.leoko.fi\/en\/tuote\/leoko-levytankosarja-voimanosto-kilpa-435kg\/#primaryimage\",\"url\":\"http:\/\/www.leoko.fi\/wp-content\/uploads\/2024\/09\/LEOKO-voimanosto-435kg-2.jpg\",\"contentUrl\":\"http:\/\/www.leoko.fi\/wp-content\/uploads\/2024\/09\/LEOKO-voimanosto-435kg-2.jpg\",\"width\":1200,\"height\":1200,\"caption\":\"Voimanostosetti, kisasetti, powerlifting barbell Leoko\"},{\"@type\":\"BreadcrumbList\",\"@id\":\"http:\/\/www.leoko.fi\/en\/tuote\/leoko-levytankosarja-voimanosto-kilpa-435kg\/#breadcrumb\",\"itemListElement\":[{\"@type\":\"ListItem\",\"position\":1,\"name\":\"Etusivu\",\"item\":\"https:\/\/www.leoko.fi\/\"},{\"@type\":\"ListItem\",\"position\":2,\"name\":\"Kauppa\",\"item\":\"http:\/\/www.leoko.fi\/kauppa\/\"},{\"@type\":\"ListItem\",\"position\":3,\"name\":\"LEOKO Levytankosarja voimanosto kilpasetti 435kg LEOKO barbell\"}]},{\"@type\":\"WebSite\",\"@id\":\"https:\/\/www.leoko.fi\/#website\",\"url\":\"https:\/\/www.leoko.fi\/\",\"name\":\"Leoko\",\"description\":\"Erikoistunut painonnosto- ja  voimanostov\u00e4lineiden valmistukseen\",\"potentialAction\":[{\"@type\":\"SearchAction\",\"target\":{\"@type\":\"EntryPoint\",\"urlTemplate\":\"https:\/\/www.leoko.fi\/?s={search_term_string}\"},\"query-input\":{\"@type\":\"PropertyValueSpecification\",\"valueRequired\":true,\"valueName\":\"search_term_string\"}}],\"inLanguage\":\"en-US\"}]}<\/script>\n<!-- \/ Yoast SEO plugin. -->","yoast_head_json":{"title":"Levytankosarja, kilpasetti, voimanosto, LEOKO tutustu ja tilaa","description":"Leoko powerlifting barbell for competition Kisasetti, voimanostosetti, kilpailukelpoinen tanko ja kalibroidut levyt. According to IPF rules","robots":{"index":"index","follow":"follow","max-snippet":"max-snippet:-1","max-image-preview":"max-image-preview:large","max-video-preview":"max-video-preview:-1"},"canonical":"http:\/\/www.leoko.fi\/en\/tuote\/leoko-levytankosarja-voimanosto-kilpa-435kg\/","og_locale":"en_US","og_type":"article","og_title":"Levytankosarja, kilpasetti, voimanosto, LEOKO tutustu ja tilaa","og_description":"Leoko powerlifting barbell for competition Kisasetti, voimanostosetti, kilpailukelpoinen tanko ja kalibroidut levyt. According to IPF rules","og_url":"http:\/\/www.leoko.fi\/en\/tuote\/leoko-levytankosarja-voimanosto-kilpa-435kg\/","og_site_name":"Leoko","article_modified_time":"2025-09-11T06:28:29+00:00","og_image":[{"width":1200,"height":1200,"url":"http:\/\/www.leoko.fi\/wp-content\/uploads\/2024\/09\/LEOKO-voimanosto-435kg-2.jpg","type":"image\/jpeg"}],"twitter_card":"summary_large_image","twitter_misc":{"Est. reading time":"1 minute"},"schema":{"@context":"https:\/\/schema.org","@graph":[{"@type":"WebPage","@id":"http:\/\/www.leoko.fi\/en\/tuote\/leoko-levytankosarja-voimanosto-kilpa-435kg\/","url":"http:\/\/www.leoko.fi\/en\/tuote\/leoko-levytankosarja-voimanosto-kilpa-435kg\/","name":"Levytankosarja, kilpasetti, voimanosto, LEOKO tutustu ja tilaa","isPartOf":{"@id":"https:\/\/www.leoko.fi\/#website"},"primaryImageOfPage":{"@id":"http:\/\/www.leoko.fi\/en\/tuote\/leoko-levytankosarja-voimanosto-kilpa-435kg\/#primaryimage"},"image":{"@id":"http:\/\/www.leoko.fi\/en\/tuote\/leoko-levytankosarja-voimanosto-kilpa-435kg\/#primaryimage"},"thumbnailUrl":"http:\/\/www.leoko.fi\/wp-content\/uploads\/2024\/09\/LEOKO-voimanosto-435kg-2.jpg","datePublished":"2024-09-26T19:06:51+00:00","dateModified":"2025-09-11T06:28:29+00:00","description":"Leoko powerlifting barbell for competition Kisasetti, voimanostosetti, kilpailukelpoinen tanko ja kalibroidut levyt. According to IPF rules","breadcrumb":{"@id":"http:\/\/www.leoko.fi\/en\/tuote\/leoko-levytankosarja-voimanosto-kilpa-435kg\/#breadcrumb"},"inLanguage":"en-US","potentialAction":[{"@type":"ReadAction","target":["http:\/\/www.leoko.fi\/en\/tuote\/leoko-levytankosarja-voimanosto-kilpa-435kg\/"]}]},{"@type":"ImageObject","inLanguage":"en-US","@id":"http:\/\/www.leoko.fi\/en\/tuote\/leoko-levytankosarja-voimanosto-kilpa-435kg\/#primaryimage","url":"http:\/\/www.leoko.fi\/wp-content\/uploads\/2024\/09\/LEOKO-voimanosto-435kg-2.jpg","contentUrl":"http:\/\/www.leoko.fi\/wp-content\/uploads\/2024\/09\/LEOKO-voimanosto-435kg-2.jpg","width":1200,"height":1200,"caption":"Voimanostosetti, kisasetti, powerlifting barbell Leoko"},{"@type":"BreadcrumbList","@id":"http:\/\/www.leoko.fi\/en\/tuote\/leoko-levytankosarja-voimanosto-kilpa-435kg\/#breadcrumb","itemListElement":[{"@type":"ListItem","position":1,"name":"Etusivu","item":"https:\/\/www.leoko.fi\/"},{"@type":"ListItem","position":2,"name":"Kauppa","item":"http:\/\/www.leoko.fi\/kauppa\/"},{"@type":"ListItem","position":3,"name":"LEOKO Levytankosarja voimanosto kilpasetti 435kg LEOKO barbell"}]},{"@type":"WebSite","@id":"https:\/\/www.leoko.fi\/#website","url":"https:\/\/www.leoko.fi\/","name":"Leoko","description":"Erikoistunut painonnosto- ja  voimanostov\u00e4lineiden valmistukseen","potentialAction":[{"@type":"SearchAction","target":{"@type":"EntryPoint","urlTemplate":"https:\/\/www.leoko.fi\/?s={search_term_string}"},"query-input":{"@type":"PropertyValueSpecification","valueRequired":true,"valueName":"search_term_string"}}],"inLanguage":"en-US"}]}},"_links":{"self":[{"href":"http:\/\/www.leoko.fi\/en\/wp-json\/wp\/v2\/product\/1815","targetHints":{"allow":["GET"]}}],"collection":[{"href":"http:\/\/www.leoko.fi\/en\/wp-json\/wp\/v2\/product"}],"about":[{"href":"http:\/\/www.leoko.fi\/en\/wp-json\/wp\/v2\/types\/product"}],"replies":[{"embeddable":true,"href":"http:\/\/www.leoko.fi\/en\/wp-json\/wp\/v2\/comments?post=1815"}],"wp:featuredmedia":[{"embeddable":true,"href":"http:\/\/www.leoko.fi\/en\/wp-json\/wp\/v2\/media\/1818"}],"wp:attachment":[{"href":"http:\/\/www.leoko.fi\/en\/wp-json\/wp\/v2\/media?parent=1815"}],"wp:term":[{"taxonomy":"product_brand","embeddable":true,"href":"http:\/\/www.leoko.fi\/en\/wp-json\/wp\/v2\/product_brand?post=1815"},{"taxonomy":"product_cat","embeddable":true,"href":"http:\/\/www.leoko.fi\/en\/wp-json\/wp\/v2\/product_cat?post=1815"},{"taxonomy":"product_tag","embeddable":true,"href":"http:\/\/www.leoko.fi\/en\/wp-json\/wp\/v2\/product_tag?post=1815"}],"curies":[{"name":"wp","href":"https:\/\/api.w.org\/{rel}","templated":true}]}}