{"id":2024,"date":"2025-02-20T12:28:54","date_gmt":"2025-02-20T10:28:54","guid":{"rendered":"https:\/\/www.leoko.fi\/?post_type=product&#038;p=2024"},"modified":"2025-09-10T10:16:50","modified_gmt":"2025-09-10T07:16:50","slug":"leoko-levytankorarja-painonnostoon-dl-kisakayttoon-190-kg-kumilevyt-bumper-levyt","status":"publish","type":"product","link":"http:\/\/www.leoko.fi\/en\/tuote\/leoko-levytankorarja-painonnostoon-dl-kisakayttoon-190-kg-kumilevyt-bumper-levyt\/","title":{"rendered":"Levytankosarja painonnostoon  kisak\u00e4ytt\u00f6\u00f6n 190 kg kumilevyt, bumper plates Leoko barbell"},"content":{"rendered":"\r\n<p>T\u00e4ss\u00e4 sarjassa on lujat ja laadukkaat levypainot ja herk\u00e4sti laakeroitu Leoko DL tanko. 10 kg levypaino ja siit\u00e4 suuremmat ovat kumilevyj\u00e4, ja pienemm\u00e4t on valikoitu niin, ett\u00e4 kisoissa vaaditut kilon korotukset onnistuvat.<\/p>\r\n\r\n\r\n\r\n<p>Kun kilpailut ovat ohi, niin voit harjoitella n\u00e4ill\u00e4, niin on sitten seuraavissa kisoissa parempi tuntuma kilpailuv\u00e4lineisiin.<\/p>\r\n\r\n\r\n\r\n<p>Erikoister\u00e4ksinen ja herk\u00e4ksi laakeroitu tanko joustaa nostossa ja kier\u00e4ht\u00e4\u00e4 k\u00e4tev\u00e4sti tempauksessa.<\/p>\r\n<p>Kaikki Leoko tangot valmistetaan k\u00e4sity\u00f6n\u00e4 Tampereella. Siksi ne ovat avainlipputuotteita.<\/p>\r\n<p>Ett\u00e4 pystyisit nauttimaan Leoko levytangostasi mahdollisimman pitk\u00e4\u00e4n, suositamme, ett\u00e4 pudottelet tankoa vain, alustalle, jolla on v\u00e4hint\u00e4\u00e4n 50 mm kumimattoa pehmusteena.\u00a0<\/p>\r\n","protected":false},"excerpt":{"rendered":"<p>Kilpailukelpoinen painonnoston levytankosarja, IWF s\u00e4\u00e4nt\u00f6jen mukainen. Sis\u00e4lt\u00e4\u00e4 LEOKO DL levytangon, olympic-painonnostotanko, herk\u00e4sti py\u00f6riv\u00e4 magneetilukoilla, ja v\u00e4rik\u00e4\u00e4t kisalevyt, 25 kg; 20 kg; 15 kg ja 10 kg kumilevyt ja 5 kg; 2,5 kg; 2 kg ;1,5 kg;1 kg; ja0,5kg metallilevyt. Leoko Barbell according to IWF rules<\/p>\n","protected":false},"featured_media":921,"comment_status":"open","ping_status":"closed","template":"","meta":{"_acf_changed":false},"product_brand":[],"product_cat":[112],"product_tag":[],"class_list":{"0":"post-2024","1":"product","2":"type-product","3":"status-publish","4":"has-post-thumbnail","6":"product_cat-levytankosarjat","8":"first","9":"instock","10":"taxable","11":"shipping-taxable","12":"purchasable","13":"product-type-simple"},"acf":[],"yoast_head":"<!-- This site is optimized with the Yoast SEO plugin v25.7 - https:\/\/yoast.com\/wordpress\/plugins\/seo\/ -->\n<title>Levytankosarja, Kisasetti, kumilevyt, bumper paltes, Leoko barbell.<\/title>\n<meta name=\"description\" content=\"Leoko barbell for weightlifting Painonnnoston kisasetti.\" \/>\n<meta name=\"robots\" content=\"index, follow, max-snippet:-1, max-image-preview:large, max-video-preview:-1\" \/>\n<link rel=\"canonical\" href=\"http:\/\/www.leoko.fi\/en\/tuote\/leoko-levytankorarja-painonnostoon-dl-kisakayttoon-190-kg-kumilevyt-bumper-levyt\/\" \/>\n<meta property=\"og:locale\" content=\"en_US\" \/>\n<meta property=\"og:type\" content=\"article\" \/>\n<meta property=\"og:title\" content=\"Levytankosarja, Kisasetti, kumilevyt, bumper paltes, Leoko barbell.\" \/>\n<meta property=\"og:description\" content=\"Leoko barbell for weightlifting Painonnnoston kisasetti.\" \/>\n<meta property=\"og:url\" content=\"http:\/\/www.leoko.fi\/en\/tuote\/leoko-levytankorarja-painonnostoon-dl-kisakayttoon-190-kg-kumilevyt-bumper-levyt\/\" \/>\n<meta property=\"og:site_name\" content=\"Leoko\" \/>\n<meta property=\"article:modified_time\" content=\"2025-09-10T07:16:50+00:00\" \/>\n<meta property=\"og:image\" content=\"http:\/\/www.leoko.fi\/wp-content\/uploads\/2017\/11\/LEOKO-DL-190-kg-Painonnostotanko-magneettilukoilla-2.jpg\" \/>\n\t<meta property=\"og:image:width\" content=\"1800\" \/>\n\t<meta property=\"og:image:height\" content=\"1200\" \/>\n\t<meta property=\"og:image:type\" content=\"image\/jpeg\" \/>\n<meta name=\"twitter:card\" content=\"summary_large_image\" \/>\n<meta name=\"twitter:label1\" content=\"Est. reading time\" \/>\n\t<meta name=\"twitter:data1\" content=\"1 minute\" \/>\n<script type=\"application\/ld+json\" class=\"yoast-schema-graph\">{\"@context\":\"https:\/\/schema.org\",\"@graph\":[{\"@type\":\"WebPage\",\"@id\":\"http:\/\/www.leoko.fi\/en\/tuote\/leoko-levytankorarja-painonnostoon-dl-kisakayttoon-190-kg-kumilevyt-bumper-levyt\/\",\"url\":\"http:\/\/www.leoko.fi\/en\/tuote\/leoko-levytankorarja-painonnostoon-dl-kisakayttoon-190-kg-kumilevyt-bumper-levyt\/\",\"name\":\"Levytankosarja, Kisasetti, kumilevyt, bumper paltes, Leoko barbell.\",\"isPartOf\":{\"@id\":\"https:\/\/www.leoko.fi\/#website\"},\"primaryImageOfPage\":{\"@id\":\"http:\/\/www.leoko.fi\/en\/tuote\/leoko-levytankorarja-painonnostoon-dl-kisakayttoon-190-kg-kumilevyt-bumper-levyt\/#primaryimage\"},\"image\":{\"@id\":\"http:\/\/www.leoko.fi\/en\/tuote\/leoko-levytankorarja-painonnostoon-dl-kisakayttoon-190-kg-kumilevyt-bumper-levyt\/#primaryimage\"},\"thumbnailUrl\":\"http:\/\/www.leoko.fi\/wp-content\/uploads\/2017\/11\/LEOKO-DL-190-kg-Painonnostotanko-magneettilukoilla-2.jpg\",\"datePublished\":\"2025-02-20T10:28:54+00:00\",\"dateModified\":\"2025-09-10T07:16:50+00:00\",\"description\":\"Leoko barbell for weightlifting Painonnnoston kisasetti.\",\"breadcrumb\":{\"@id\":\"http:\/\/www.leoko.fi\/en\/tuote\/leoko-levytankorarja-painonnostoon-dl-kisakayttoon-190-kg-kumilevyt-bumper-levyt\/#breadcrumb\"},\"inLanguage\":\"en-US\",\"potentialAction\":[{\"@type\":\"ReadAction\",\"target\":[\"http:\/\/www.leoko.fi\/en\/tuote\/leoko-levytankorarja-painonnostoon-dl-kisakayttoon-190-kg-kumilevyt-bumper-levyt\/\"]}]},{\"@type\":\"ImageObject\",\"inLanguage\":\"en-US\",\"@id\":\"http:\/\/www.leoko.fi\/en\/tuote\/leoko-levytankorarja-painonnostoon-dl-kisakayttoon-190-kg-kumilevyt-bumper-levyt\/#primaryimage\",\"url\":\"http:\/\/www.leoko.fi\/wp-content\/uploads\/2017\/11\/LEOKO-DL-190-kg-Painonnostotanko-magneettilukoilla-2.jpg\",\"contentUrl\":\"http:\/\/www.leoko.fi\/wp-content\/uploads\/2017\/11\/LEOKO-DL-190-kg-Painonnostotanko-magneettilukoilla-2.jpg\",\"width\":1800,\"height\":1200,\"caption\":\"Leoko barbell Weightlifting Bar and discs Kisasetti painonnosto\"},{\"@type\":\"BreadcrumbList\",\"@id\":\"http:\/\/www.leoko.fi\/en\/tuote\/leoko-levytankorarja-painonnostoon-dl-kisakayttoon-190-kg-kumilevyt-bumper-levyt\/#breadcrumb\",\"itemListElement\":[{\"@type\":\"ListItem\",\"position\":1,\"name\":\"Etusivu\",\"item\":\"https:\/\/www.leoko.fi\/\"},{\"@type\":\"ListItem\",\"position\":2,\"name\":\"Kauppa\",\"item\":\"http:\/\/www.leoko.fi\/kauppa\/\"},{\"@type\":\"ListItem\",\"position\":3,\"name\":\"Levytankosarja painonnostoon kisak\u00e4ytt\u00f6\u00f6n 190 kg kumilevyt, bumper plates Leoko barbell\"}]},{\"@type\":\"WebSite\",\"@id\":\"https:\/\/www.leoko.fi\/#website\",\"url\":\"https:\/\/www.leoko.fi\/\",\"name\":\"Leoko\",\"description\":\"Erikoistunut painonnosto- ja  voimanostov\u00e4lineiden valmistukseen\",\"potentialAction\":[{\"@type\":\"SearchAction\",\"target\":{\"@type\":\"EntryPoint\",\"urlTemplate\":\"https:\/\/www.leoko.fi\/?s={search_term_string}\"},\"query-input\":{\"@type\":\"PropertyValueSpecification\",\"valueRequired\":true,\"valueName\":\"search_term_string\"}}],\"inLanguage\":\"en-US\"}]}<\/script>\n<!-- \/ Yoast SEO plugin. -->","yoast_head_json":{"title":"Levytankosarja, Kisasetti, kumilevyt, bumper paltes, Leoko barbell.","description":"Leoko barbell for weightlifting Painonnnoston kisasetti.","robots":{"index":"index","follow":"follow","max-snippet":"max-snippet:-1","max-image-preview":"max-image-preview:large","max-video-preview":"max-video-preview:-1"},"canonical":"http:\/\/www.leoko.fi\/en\/tuote\/leoko-levytankorarja-painonnostoon-dl-kisakayttoon-190-kg-kumilevyt-bumper-levyt\/","og_locale":"en_US","og_type":"article","og_title":"Levytankosarja, Kisasetti, kumilevyt, bumper paltes, Leoko barbell.","og_description":"Leoko barbell for weightlifting Painonnnoston kisasetti.","og_url":"http:\/\/www.leoko.fi\/en\/tuote\/leoko-levytankorarja-painonnostoon-dl-kisakayttoon-190-kg-kumilevyt-bumper-levyt\/","og_site_name":"Leoko","article_modified_time":"2025-09-10T07:16:50+00:00","og_image":[{"width":1800,"height":1200,"url":"http:\/\/www.leoko.fi\/wp-content\/uploads\/2017\/11\/LEOKO-DL-190-kg-Painonnostotanko-magneettilukoilla-2.jpg","type":"image\/jpeg"}],"twitter_card":"summary_large_image","twitter_misc":{"Est. reading time":"1 minute"},"schema":{"@context":"https:\/\/schema.org","@graph":[{"@type":"WebPage","@id":"http:\/\/www.leoko.fi\/en\/tuote\/leoko-levytankorarja-painonnostoon-dl-kisakayttoon-190-kg-kumilevyt-bumper-levyt\/","url":"http:\/\/www.leoko.fi\/en\/tuote\/leoko-levytankorarja-painonnostoon-dl-kisakayttoon-190-kg-kumilevyt-bumper-levyt\/","name":"Levytankosarja, Kisasetti, kumilevyt, bumper paltes, Leoko barbell.","isPartOf":{"@id":"https:\/\/www.leoko.fi\/#website"},"primaryImageOfPage":{"@id":"http:\/\/www.leoko.fi\/en\/tuote\/leoko-levytankorarja-painonnostoon-dl-kisakayttoon-190-kg-kumilevyt-bumper-levyt\/#primaryimage"},"image":{"@id":"http:\/\/www.leoko.fi\/en\/tuote\/leoko-levytankorarja-painonnostoon-dl-kisakayttoon-190-kg-kumilevyt-bumper-levyt\/#primaryimage"},"thumbnailUrl":"http:\/\/www.leoko.fi\/wp-content\/uploads\/2017\/11\/LEOKO-DL-190-kg-Painonnostotanko-magneettilukoilla-2.jpg","datePublished":"2025-02-20T10:28:54+00:00","dateModified":"2025-09-10T07:16:50+00:00","description":"Leoko barbell for weightlifting Painonnnoston kisasetti.","breadcrumb":{"@id":"http:\/\/www.leoko.fi\/en\/tuote\/leoko-levytankorarja-painonnostoon-dl-kisakayttoon-190-kg-kumilevyt-bumper-levyt\/#breadcrumb"},"inLanguage":"en-US","potentialAction":[{"@type":"ReadAction","target":["http:\/\/www.leoko.fi\/en\/tuote\/leoko-levytankorarja-painonnostoon-dl-kisakayttoon-190-kg-kumilevyt-bumper-levyt\/"]}]},{"@type":"ImageObject","inLanguage":"en-US","@id":"http:\/\/www.leoko.fi\/en\/tuote\/leoko-levytankorarja-painonnostoon-dl-kisakayttoon-190-kg-kumilevyt-bumper-levyt\/#primaryimage","url":"http:\/\/www.leoko.fi\/wp-content\/uploads\/2017\/11\/LEOKO-DL-190-kg-Painonnostotanko-magneettilukoilla-2.jpg","contentUrl":"http:\/\/www.leoko.fi\/wp-content\/uploads\/2017\/11\/LEOKO-DL-190-kg-Painonnostotanko-magneettilukoilla-2.jpg","width":1800,"height":1200,"caption":"Leoko barbell Weightlifting Bar and discs Kisasetti painonnosto"},{"@type":"BreadcrumbList","@id":"http:\/\/www.leoko.fi\/en\/tuote\/leoko-levytankorarja-painonnostoon-dl-kisakayttoon-190-kg-kumilevyt-bumper-levyt\/#breadcrumb","itemListElement":[{"@type":"ListItem","position":1,"name":"Etusivu","item":"https:\/\/www.leoko.fi\/"},{"@type":"ListItem","position":2,"name":"Kauppa","item":"http:\/\/www.leoko.fi\/kauppa\/"},{"@type":"ListItem","position":3,"name":"Levytankosarja painonnostoon kisak\u00e4ytt\u00f6\u00f6n 190 kg kumilevyt, bumper plates Leoko barbell"}]},{"@type":"WebSite","@id":"https:\/\/www.leoko.fi\/#website","url":"https:\/\/www.leoko.fi\/","name":"Leoko","description":"Erikoistunut painonnosto- ja  voimanostov\u00e4lineiden valmistukseen","potentialAction":[{"@type":"SearchAction","target":{"@type":"EntryPoint","urlTemplate":"https:\/\/www.leoko.fi\/?s={search_term_string}"},"query-input":{"@type":"PropertyValueSpecification","valueRequired":true,"valueName":"search_term_string"}}],"inLanguage":"en-US"}]}},"_links":{"self":[{"href":"http:\/\/www.leoko.fi\/en\/wp-json\/wp\/v2\/product\/2024","targetHints":{"allow":["GET"]}}],"collection":[{"href":"http:\/\/www.leoko.fi\/en\/wp-json\/wp\/v2\/product"}],"about":[{"href":"http:\/\/www.leoko.fi\/en\/wp-json\/wp\/v2\/types\/product"}],"replies":[{"embeddable":true,"href":"http:\/\/www.leoko.fi\/en\/wp-json\/wp\/v2\/comments?post=2024"}],"wp:featuredmedia":[{"embeddable":true,"href":"http:\/\/www.leoko.fi\/en\/wp-json\/wp\/v2\/media\/921"}],"wp:attachment":[{"href":"http:\/\/www.leoko.fi\/en\/wp-json\/wp\/v2\/media?parent=2024"}],"wp:term":[{"taxonomy":"product_brand","embeddable":true,"href":"http:\/\/www.leoko.fi\/en\/wp-json\/wp\/v2\/product_brand?post=2024"},{"taxonomy":"product_cat","embeddable":true,"href":"http:\/\/www.leoko.fi\/en\/wp-json\/wp\/v2\/product_cat?post=2024"},{"taxonomy":"product_tag","embeddable":true,"href":"http:\/\/www.leoko.fi\/en\/wp-json\/wp\/v2\/product_tag?post=2024"}],"curies":[{"name":"wp","href":"https:\/\/api.w.org\/{rel}","templated":true}]}}