{"id":2025,"date":"2025-02-20T12:53:11","date_gmt":"2025-02-20T10:53:11","guid":{"rendered":"https:\/\/www.leoko.fi\/?post_type=product&#038;p=2025"},"modified":"2025-10-30T14:50:45","modified_gmt":"2025-10-30T12:50:45","slug":"leoko-levytankosarja-painonnostoon-dl-kisakayttoon-140-kg-kumilevyt-bumper-levyt","status":"publish","type":"product","link":"http:\/\/www.leoko.fi\/en\/tuote\/leoko-levytankosarja-painonnostoon-dl-kisakayttoon-140-kg-kumilevyt-bumper-levyt\/","title":{"rendered":"Leoko levytankosarja painonnosto DL kisasetti 140 kg kumilevyt, bumper levyt Leoko barbell"},"content":{"rendered":"\r\n<p>T\u00e4ss\u00e4 Levytankosarjassa on lujat ja laadukkaat bumper levypainot ja herk\u00e4sti laakeroitu DL tanko.<\/p>\r\n<p>10 kg, 15 kg,20kg levypainot ovat kumilevyj\u00e4 , ja pienemm\u00e4t ter\u00e4slevyt on valikoitu niin, ett\u00e4 kisoissa vaaditut kilon korotukset onnistuvat.<br \/>Kun kilpailut ovat ohi, niin voit harjoitella n\u00e4ill\u00e4, niin on sitten seuraavissa kisoissa parempi tuntuma kilpailuv\u00e4lineisiin.<\/p>\r\n\r\n\r\n\r\n<p>Isot v\u00e4rikk\u00e4\u00e4t levyt n\u00e4ytt\u00e4v\u00e4t heti, paljonko tangossa on kuormaa. Herk\u00e4sti py\u00f6r\u00e4ht\u00e4v\u00e4 erikoister\u00e4ksinen tanko joustaa sopivasti ja k\u00e4\u00e4ntyy rinnalle keve\u00e4sti.<\/p>\r\n<p>Ett\u00e4 pystyisit nauttimaan painonnostotangostasi mahdollisimman pitk\u00e4\u00e4n, Leoko oy suosittelee, ett\u00e4 pudottelet tankoa vain, alustalle, jolla on v\u00e4hint\u00e4\u00e4n 50 mm kumimattoa pehmusteena.<\/p>\r\n","protected":false},"excerpt":{"rendered":"<p>Kilpailukelpoinen painonnoston levytankosarja, IWF s\u00e4\u00e4nt\u00f6jen mukainen. Sis\u00e4lt\u00e4\u00e4 LEOKO DL levytangon, olympic-painonnostotanko, herk\u00e4sti py\u00f6riv\u00e4, magneetilukoilla ja v\u00e4rik\u00e4\u00e4t kisalevyt, 20 kg; 15 kg ja 10 kg kumilevyt ja 5 kg; 2,5 kg; 2 kg ;1,5 kg;1 kg; ja 0,5kg metallilevyt<\/p>\n","protected":false},"featured_media":2372,"comment_status":"open","ping_status":"closed","template":"","meta":{"_acf_changed":false},"product_brand":[],"product_cat":[112],"product_tag":[],"class_list":{"0":"post-2025","1":"product","2":"type-product","3":"status-publish","4":"has-post-thumbnail","6":"product_cat-levytankosarjat","8":"first","9":"instock","10":"taxable","11":"shipping-taxable","12":"purchasable","13":"product-type-simple"},"acf":[],"yoast_head":"<!-- This site is optimized with the Yoast SEO plugin v25.7 - https:\/\/yoast.com\/wordpress\/plugins\/seo\/ -->\n<title>levytankosarja painonnostoon , kilpasetti, levypainot bumper plates<\/title>\n<meta name=\"description\" content=\"Levytanko ja bumper plates levyt kumilevyt painonnostoon, Levytanko osta Leoko.fi\" \/>\n<meta name=\"robots\" content=\"index, follow, max-snippet:-1, max-image-preview:large, max-video-preview:-1\" \/>\n<link rel=\"canonical\" href=\"http:\/\/www.leoko.fi\/en\/tuote\/leoko-levytankosarja-painonnostoon-dl-kisakayttoon-140-kg-kumilevyt-bumper-levyt\/\" \/>\n<meta property=\"og:locale\" content=\"en_US\" \/>\n<meta property=\"og:type\" content=\"article\" \/>\n<meta property=\"og:title\" content=\"levytankosarja painonnostoon , kilpasetti, levypainot bumper plates\" \/>\n<meta property=\"og:description\" content=\"Levytanko ja bumper plates levyt kumilevyt painonnostoon, Levytanko osta Leoko.fi\" \/>\n<meta property=\"og:url\" content=\"http:\/\/www.leoko.fi\/en\/tuote\/leoko-levytankosarja-painonnostoon-dl-kisakayttoon-140-kg-kumilevyt-bumper-levyt\/\" \/>\n<meta property=\"og:site_name\" content=\"Leoko\" \/>\n<meta property=\"article:modified_time\" content=\"2025-10-30T12:50:45+00:00\" \/>\n<meta property=\"og:image\" content=\"http:\/\/www.leoko.fi\/wp-content\/uploads\/2025\/02\/NLEOKO-DL-140-kg-Painonnostotanko-magneettilukoilla-8.jpg\" \/>\n\t<meta property=\"og:image:width\" content=\"1800\" \/>\n\t<meta property=\"og:image:height\" content=\"1800\" \/>\n\t<meta property=\"og:image:type\" content=\"image\/jpeg\" \/>\n<meta name=\"twitter:card\" content=\"summary_large_image\" \/>\n<meta name=\"twitter:label1\" content=\"Est. reading time\" \/>\n\t<meta name=\"twitter:data1\" content=\"1 minute\" \/>\n<script type=\"application\/ld+json\" class=\"yoast-schema-graph\">{\"@context\":\"https:\/\/schema.org\",\"@graph\":[{\"@type\":\"WebPage\",\"@id\":\"http:\/\/www.leoko.fi\/en\/tuote\/leoko-levytankosarja-painonnostoon-dl-kisakayttoon-140-kg-kumilevyt-bumper-levyt\/\",\"url\":\"http:\/\/www.leoko.fi\/en\/tuote\/leoko-levytankosarja-painonnostoon-dl-kisakayttoon-140-kg-kumilevyt-bumper-levyt\/\",\"name\":\"levytankosarja painonnostoon , kilpasetti, levypainot bumper plates\",\"isPartOf\":{\"@id\":\"https:\/\/www.leoko.fi\/#website\"},\"primaryImageOfPage\":{\"@id\":\"http:\/\/www.leoko.fi\/en\/tuote\/leoko-levytankosarja-painonnostoon-dl-kisakayttoon-140-kg-kumilevyt-bumper-levyt\/#primaryimage\"},\"image\":{\"@id\":\"http:\/\/www.leoko.fi\/en\/tuote\/leoko-levytankosarja-painonnostoon-dl-kisakayttoon-140-kg-kumilevyt-bumper-levyt\/#primaryimage\"},\"thumbnailUrl\":\"http:\/\/www.leoko.fi\/wp-content\/uploads\/2025\/02\/NLEOKO-DL-140-kg-Painonnostotanko-magneettilukoilla-8.jpg\",\"datePublished\":\"2025-02-20T10:53:11+00:00\",\"dateModified\":\"2025-10-30T12:50:45+00:00\",\"description\":\"Levytanko ja bumper plates levyt kumilevyt painonnostoon, Levytanko osta Leoko.fi\",\"breadcrumb\":{\"@id\":\"http:\/\/www.leoko.fi\/en\/tuote\/leoko-levytankosarja-painonnostoon-dl-kisakayttoon-140-kg-kumilevyt-bumper-levyt\/#breadcrumb\"},\"inLanguage\":\"en-US\",\"potentialAction\":[{\"@type\":\"ReadAction\",\"target\":[\"http:\/\/www.leoko.fi\/en\/tuote\/leoko-levytankosarja-painonnostoon-dl-kisakayttoon-140-kg-kumilevyt-bumper-levyt\/\"]}]},{\"@type\":\"ImageObject\",\"inLanguage\":\"en-US\",\"@id\":\"http:\/\/www.leoko.fi\/en\/tuote\/leoko-levytankosarja-painonnostoon-dl-kisakayttoon-140-kg-kumilevyt-bumper-levyt\/#primaryimage\",\"url\":\"http:\/\/www.leoko.fi\/wp-content\/uploads\/2025\/02\/NLEOKO-DL-140-kg-Painonnostotanko-magneettilukoilla-8.jpg\",\"contentUrl\":\"http:\/\/www.leoko.fi\/wp-content\/uploads\/2025\/02\/NLEOKO-DL-140-kg-Painonnostotanko-magneettilukoilla-8.jpg\",\"width\":1800,\"height\":1800,\"caption\":\"Painonnostosarja 140kg magneettilukoilla\"},{\"@type\":\"BreadcrumbList\",\"@id\":\"http:\/\/www.leoko.fi\/en\/tuote\/leoko-levytankosarja-painonnostoon-dl-kisakayttoon-140-kg-kumilevyt-bumper-levyt\/#breadcrumb\",\"itemListElement\":[{\"@type\":\"ListItem\",\"position\":1,\"name\":\"Etusivu\",\"item\":\"https:\/\/www.leoko.fi\/\"},{\"@type\":\"ListItem\",\"position\":2,\"name\":\"Kauppa\",\"item\":\"http:\/\/www.leoko.fi\/kauppa\/\"},{\"@type\":\"ListItem\",\"position\":3,\"name\":\"Leoko levytankosarja painonnosto DL kisasetti 140 kg kumilevyt, bumper levyt Leoko barbell\"}]},{\"@type\":\"WebSite\",\"@id\":\"https:\/\/www.leoko.fi\/#website\",\"url\":\"https:\/\/www.leoko.fi\/\",\"name\":\"Leoko\",\"description\":\"Erikoistunut painonnosto- ja  voimanostov\u00e4lineiden valmistukseen\",\"potentialAction\":[{\"@type\":\"SearchAction\",\"target\":{\"@type\":\"EntryPoint\",\"urlTemplate\":\"https:\/\/www.leoko.fi\/?s={search_term_string}\"},\"query-input\":{\"@type\":\"PropertyValueSpecification\",\"valueRequired\":true,\"valueName\":\"search_term_string\"}}],\"inLanguage\":\"en-US\"}]}<\/script>\n<!-- \/ Yoast SEO plugin. -->","yoast_head_json":{"title":"levytankosarja painonnostoon , kilpasetti, levypainot bumper plates","description":"Levytanko ja bumper plates levyt kumilevyt painonnostoon, Levytanko osta Leoko.fi","robots":{"index":"index","follow":"follow","max-snippet":"max-snippet:-1","max-image-preview":"max-image-preview:large","max-video-preview":"max-video-preview:-1"},"canonical":"http:\/\/www.leoko.fi\/en\/tuote\/leoko-levytankosarja-painonnostoon-dl-kisakayttoon-140-kg-kumilevyt-bumper-levyt\/","og_locale":"en_US","og_type":"article","og_title":"levytankosarja painonnostoon , kilpasetti, levypainot bumper plates","og_description":"Levytanko ja bumper plates levyt kumilevyt painonnostoon, Levytanko osta Leoko.fi","og_url":"http:\/\/www.leoko.fi\/en\/tuote\/leoko-levytankosarja-painonnostoon-dl-kisakayttoon-140-kg-kumilevyt-bumper-levyt\/","og_site_name":"Leoko","article_modified_time":"2025-10-30T12:50:45+00:00","og_image":[{"width":1800,"height":1800,"url":"http:\/\/www.leoko.fi\/wp-content\/uploads\/2025\/02\/NLEOKO-DL-140-kg-Painonnostotanko-magneettilukoilla-8.jpg","type":"image\/jpeg"}],"twitter_card":"summary_large_image","twitter_misc":{"Est. reading time":"1 minute"},"schema":{"@context":"https:\/\/schema.org","@graph":[{"@type":"WebPage","@id":"http:\/\/www.leoko.fi\/en\/tuote\/leoko-levytankosarja-painonnostoon-dl-kisakayttoon-140-kg-kumilevyt-bumper-levyt\/","url":"http:\/\/www.leoko.fi\/en\/tuote\/leoko-levytankosarja-painonnostoon-dl-kisakayttoon-140-kg-kumilevyt-bumper-levyt\/","name":"levytankosarja painonnostoon , kilpasetti, levypainot bumper plates","isPartOf":{"@id":"https:\/\/www.leoko.fi\/#website"},"primaryImageOfPage":{"@id":"http:\/\/www.leoko.fi\/en\/tuote\/leoko-levytankosarja-painonnostoon-dl-kisakayttoon-140-kg-kumilevyt-bumper-levyt\/#primaryimage"},"image":{"@id":"http:\/\/www.leoko.fi\/en\/tuote\/leoko-levytankosarja-painonnostoon-dl-kisakayttoon-140-kg-kumilevyt-bumper-levyt\/#primaryimage"},"thumbnailUrl":"http:\/\/www.leoko.fi\/wp-content\/uploads\/2025\/02\/NLEOKO-DL-140-kg-Painonnostotanko-magneettilukoilla-8.jpg","datePublished":"2025-02-20T10:53:11+00:00","dateModified":"2025-10-30T12:50:45+00:00","description":"Levytanko ja bumper plates levyt kumilevyt painonnostoon, Levytanko osta Leoko.fi","breadcrumb":{"@id":"http:\/\/www.leoko.fi\/en\/tuote\/leoko-levytankosarja-painonnostoon-dl-kisakayttoon-140-kg-kumilevyt-bumper-levyt\/#breadcrumb"},"inLanguage":"en-US","potentialAction":[{"@type":"ReadAction","target":["http:\/\/www.leoko.fi\/en\/tuote\/leoko-levytankosarja-painonnostoon-dl-kisakayttoon-140-kg-kumilevyt-bumper-levyt\/"]}]},{"@type":"ImageObject","inLanguage":"en-US","@id":"http:\/\/www.leoko.fi\/en\/tuote\/leoko-levytankosarja-painonnostoon-dl-kisakayttoon-140-kg-kumilevyt-bumper-levyt\/#primaryimage","url":"http:\/\/www.leoko.fi\/wp-content\/uploads\/2025\/02\/NLEOKO-DL-140-kg-Painonnostotanko-magneettilukoilla-8.jpg","contentUrl":"http:\/\/www.leoko.fi\/wp-content\/uploads\/2025\/02\/NLEOKO-DL-140-kg-Painonnostotanko-magneettilukoilla-8.jpg","width":1800,"height":1800,"caption":"Painonnostosarja 140kg magneettilukoilla"},{"@type":"BreadcrumbList","@id":"http:\/\/www.leoko.fi\/en\/tuote\/leoko-levytankosarja-painonnostoon-dl-kisakayttoon-140-kg-kumilevyt-bumper-levyt\/#breadcrumb","itemListElement":[{"@type":"ListItem","position":1,"name":"Etusivu","item":"https:\/\/www.leoko.fi\/"},{"@type":"ListItem","position":2,"name":"Kauppa","item":"http:\/\/www.leoko.fi\/kauppa\/"},{"@type":"ListItem","position":3,"name":"Leoko levytankosarja painonnosto DL kisasetti 140 kg kumilevyt, bumper levyt Leoko barbell"}]},{"@type":"WebSite","@id":"https:\/\/www.leoko.fi\/#website","url":"https:\/\/www.leoko.fi\/","name":"Leoko","description":"Erikoistunut painonnosto- ja  voimanostov\u00e4lineiden valmistukseen","potentialAction":[{"@type":"SearchAction","target":{"@type":"EntryPoint","urlTemplate":"https:\/\/www.leoko.fi\/?s={search_term_string}"},"query-input":{"@type":"PropertyValueSpecification","valueRequired":true,"valueName":"search_term_string"}}],"inLanguage":"en-US"}]}},"_links":{"self":[{"href":"http:\/\/www.leoko.fi\/en\/wp-json\/wp\/v2\/product\/2025","targetHints":{"allow":["GET"]}}],"collection":[{"href":"http:\/\/www.leoko.fi\/en\/wp-json\/wp\/v2\/product"}],"about":[{"href":"http:\/\/www.leoko.fi\/en\/wp-json\/wp\/v2\/types\/product"}],"replies":[{"embeddable":true,"href":"http:\/\/www.leoko.fi\/en\/wp-json\/wp\/v2\/comments?post=2025"}],"wp:featuredmedia":[{"embeddable":true,"href":"http:\/\/www.leoko.fi\/en\/wp-json\/wp\/v2\/media\/2372"}],"wp:attachment":[{"href":"http:\/\/www.leoko.fi\/en\/wp-json\/wp\/v2\/media?parent=2025"}],"wp:term":[{"taxonomy":"product_brand","embeddable":true,"href":"http:\/\/www.leoko.fi\/en\/wp-json\/wp\/v2\/product_brand?post=2025"},{"taxonomy":"product_cat","embeddable":true,"href":"http:\/\/www.leoko.fi\/en\/wp-json\/wp\/v2\/product_cat?post=2025"},{"taxonomy":"product_tag","embeddable":true,"href":"http:\/\/www.leoko.fi\/en\/wp-json\/wp\/v2\/product_tag?post=2025"}],"curies":[{"name":"wp","href":"https:\/\/api.w.org\/{rel}","templated":true}]}}