{"id":2027,"date":"2025-02-20T13:11:53","date_gmt":"2025-02-20T11:11:53","guid":{"rendered":"https:\/\/www.leoko.fi\/?post_type=product&#038;p=2027"},"modified":"2025-09-08T16:30:13","modified_gmt":"2025-09-08T13:30:13","slug":"leoko-levytankosarja-painonnostoon-lady-kilpailusetti-135-kg-kumilevyt-bumper-levyt","status":"publish","type":"product","link":"http:\/\/www.leoko.fi\/en\/tuote\/leoko-levytankosarja-painonnostoon-lady-kilpailusetti-135-kg-kumilevyt-bumper-levyt\/","title":{"rendered":"Levytankosarja painonnostoon, Lady kilpailusetti 135  kg kumilevyt, bumper levyt."},"content":{"rendered":"<p>T\u00e4ss\u00e4 sarjassa on lujat ja laadukkaat levypainot ja herk\u00e4sti laakeroitu lady tanko. 10 kg ja siit\u00e4 suuremmat levypainot on kumilevyj\u00e4, ja pienemm\u00e4t on valikoitu niin, ett\u00e4 kisoissa vaaditut kilon korotukset onnistuvat.<\/p>\n<p>Kun kilpailut ovat ohi, niin voit harjoitella n\u00e4ill\u00e4, niin on sitten seuraavissa kisoissa parempi tuntuma kilpailuv\u00e4lineisiin.<br \/>\nHerk\u00e4ksi laakeroitu erikoister\u00e4ksinen tano joustaa nostossa ja kier\u00e4ht\u00e4\u00e4 k\u00e4tev\u00e4sti tempauksessa.<\/p>\n<p>Painonnostotanko, painonnostolevyt ja levytankolukot\u00a0 on kaikki\u00a0 valmistettu Suomessa, Levytangon paino on 15 kg ilma lukkoja ja 20 kg lukoilla. Painonnostosetin yhteispaino on 135 kg.<\/p>\n<p>&nbsp;<\/p>\n<p>Ett\u00e4 pystyisit nauttimaan painonnostotangostasi mahdollisimman pitk\u00e4\u00e4n, Leoko oy suosittelee, ett\u00e4 pudottelet tankoa vain, alustalle, jolla on v\u00e4hint\u00e4\u00e4n 50 mm kumimattoa pehmusteena.<\/p>\n","protected":false},"excerpt":{"rendered":"<p>Kilpailukelpoinen painonnoston levytankosarja, IWF s\u00e4\u00e4nt\u00f6jen mukainen. Sis\u00e4lt\u00e4\u00e4 LADY tangon magneetilukoilla, ja v\u00e4rik\u00e4\u00e4t kisalevyt, 20 kg; 15 kg ja 10 kg kumilevyt ja 5 kg; 2,5 kg; 2 kg ;1,5 kg;1 kg; ja0,5kg metallilevyt<\/p>\n","protected":false},"featured_media":924,"comment_status":"open","ping_status":"closed","template":"","meta":{"_acf_changed":false},"product_brand":[],"product_cat":[112],"product_tag":[],"class_list":{"0":"post-2027","1":"product","2":"type-product","3":"status-publish","4":"has-post-thumbnail","6":"product_cat-levytankosarjat","8":"first","9":"instock","10":"taxable","11":"shipping-taxable","12":"purchasable","13":"product-type-simple"},"acf":[],"yoast_head":"<!-- This site is optimized with the Yoast SEO plugin v25.7 - https:\/\/yoast.com\/wordpress\/plugins\/seo\/ -->\n<title>levytankosarja, LADY tanko, painonnostotanko. Kilpatanko levypainot.<\/title>\n<meta name=\"description\" content=\"Levytankosarja naisten painonnosto kisatanko ja bumper plates.\" \/>\n<meta name=\"robots\" content=\"index, follow, max-snippet:-1, max-image-preview:large, max-video-preview:-1\" \/>\n<link rel=\"canonical\" href=\"http:\/\/www.leoko.fi\/en\/tuote\/leoko-levytankosarja-painonnostoon-lady-kilpailusetti-135-kg-kumilevyt-bumper-levyt\/\" \/>\n<meta property=\"og:locale\" content=\"en_US\" \/>\n<meta property=\"og:type\" content=\"article\" \/>\n<meta property=\"og:title\" content=\"levytankosarja, LADY tanko, painonnostotanko. Kilpatanko levypainot.\" \/>\n<meta property=\"og:description\" content=\"Levytankosarja naisten painonnosto kisatanko ja bumper plates.\" \/>\n<meta property=\"og:url\" content=\"http:\/\/www.leoko.fi\/en\/tuote\/leoko-levytankosarja-painonnostoon-lady-kilpailusetti-135-kg-kumilevyt-bumper-levyt\/\" \/>\n<meta property=\"og:site_name\" content=\"Leoko\" \/>\n<meta property=\"article:modified_time\" content=\"2025-09-08T13:30:13+00:00\" \/>\n<meta property=\"og:image\" content=\"http:\/\/www.leoko.fi\/wp-content\/uploads\/2017\/11\/LEOKO-Naisten-kisasetti-135-kg-Painonostotanko-magneettilukoilla-7.jpg\" \/>\n\t<meta property=\"og:image:width\" content=\"1800\" \/>\n\t<meta property=\"og:image:height\" content=\"1200\" \/>\n\t<meta property=\"og:image:type\" content=\"image\/jpeg\" \/>\n<meta name=\"twitter:card\" content=\"summary_large_image\" \/>\n<meta name=\"twitter:label1\" content=\"Est. reading time\" \/>\n\t<meta name=\"twitter:data1\" content=\"1 minute\" \/>\n<script type=\"application\/ld+json\" class=\"yoast-schema-graph\">{\"@context\":\"https:\/\/schema.org\",\"@graph\":[{\"@type\":\"WebPage\",\"@id\":\"http:\/\/www.leoko.fi\/en\/tuote\/leoko-levytankosarja-painonnostoon-lady-kilpailusetti-135-kg-kumilevyt-bumper-levyt\/\",\"url\":\"http:\/\/www.leoko.fi\/en\/tuote\/leoko-levytankosarja-painonnostoon-lady-kilpailusetti-135-kg-kumilevyt-bumper-levyt\/\",\"name\":\"levytankosarja, LADY tanko, painonnostotanko. Kilpatanko levypainot.\",\"isPartOf\":{\"@id\":\"https:\/\/www.leoko.fi\/#website\"},\"primaryImageOfPage\":{\"@id\":\"http:\/\/www.leoko.fi\/en\/tuote\/leoko-levytankosarja-painonnostoon-lady-kilpailusetti-135-kg-kumilevyt-bumper-levyt\/#primaryimage\"},\"image\":{\"@id\":\"http:\/\/www.leoko.fi\/en\/tuote\/leoko-levytankosarja-painonnostoon-lady-kilpailusetti-135-kg-kumilevyt-bumper-levyt\/#primaryimage\"},\"thumbnailUrl\":\"http:\/\/www.leoko.fi\/wp-content\/uploads\/2017\/11\/LEOKO-Naisten-kisasetti-135-kg-Painonostotanko-magneettilukoilla-7.jpg\",\"datePublished\":\"2025-02-20T11:11:53+00:00\",\"dateModified\":\"2025-09-08T13:30:13+00:00\",\"description\":\"Levytankosarja naisten painonnosto kisatanko ja bumper plates.\",\"breadcrumb\":{\"@id\":\"http:\/\/www.leoko.fi\/en\/tuote\/leoko-levytankosarja-painonnostoon-lady-kilpailusetti-135-kg-kumilevyt-bumper-levyt\/#breadcrumb\"},\"inLanguage\":\"en-US\",\"potentialAction\":[{\"@type\":\"ReadAction\",\"target\":[\"http:\/\/www.leoko.fi\/en\/tuote\/leoko-levytankosarja-painonnostoon-lady-kilpailusetti-135-kg-kumilevyt-bumper-levyt\/\"]}]},{\"@type\":\"ImageObject\",\"inLanguage\":\"en-US\",\"@id\":\"http:\/\/www.leoko.fi\/en\/tuote\/leoko-levytankosarja-painonnostoon-lady-kilpailusetti-135-kg-kumilevyt-bumper-levyt\/#primaryimage\",\"url\":\"http:\/\/www.leoko.fi\/wp-content\/uploads\/2017\/11\/LEOKO-Naisten-kisasetti-135-kg-Painonostotanko-magneettilukoilla-7.jpg\",\"contentUrl\":\"http:\/\/www.leoko.fi\/wp-content\/uploads\/2017\/11\/LEOKO-Naisten-kisasetti-135-kg-Painonostotanko-magneettilukoilla-7.jpg\",\"width\":1800,\"height\":1200,\"caption\":\"Painon nosto tanko ja levyt Naisten kilpatanko ja levypainot\"},{\"@type\":\"BreadcrumbList\",\"@id\":\"http:\/\/www.leoko.fi\/en\/tuote\/leoko-levytankosarja-painonnostoon-lady-kilpailusetti-135-kg-kumilevyt-bumper-levyt\/#breadcrumb\",\"itemListElement\":[{\"@type\":\"ListItem\",\"position\":1,\"name\":\"Etusivu\",\"item\":\"https:\/\/www.leoko.fi\/\"},{\"@type\":\"ListItem\",\"position\":2,\"name\":\"Kauppa\",\"item\":\"http:\/\/www.leoko.fi\/kauppa\/\"},{\"@type\":\"ListItem\",\"position\":3,\"name\":\"Levytankosarja painonnostoon, Lady kilpailusetti 135 kg kumilevyt, bumper levyt.\"}]},{\"@type\":\"WebSite\",\"@id\":\"https:\/\/www.leoko.fi\/#website\",\"url\":\"https:\/\/www.leoko.fi\/\",\"name\":\"Leoko\",\"description\":\"Erikoistunut painonnosto- ja  voimanostov\u00e4lineiden valmistukseen\",\"potentialAction\":[{\"@type\":\"SearchAction\",\"target\":{\"@type\":\"EntryPoint\",\"urlTemplate\":\"https:\/\/www.leoko.fi\/?s={search_term_string}\"},\"query-input\":{\"@type\":\"PropertyValueSpecification\",\"valueRequired\":true,\"valueName\":\"search_term_string\"}}],\"inLanguage\":\"en-US\"}]}<\/script>\n<!-- \/ Yoast SEO plugin. -->","yoast_head_json":{"title":"levytankosarja, LADY tanko, painonnostotanko. Kilpatanko levypainot.","description":"Levytankosarja naisten painonnosto kisatanko ja bumper plates.","robots":{"index":"index","follow":"follow","max-snippet":"max-snippet:-1","max-image-preview":"max-image-preview:large","max-video-preview":"max-video-preview:-1"},"canonical":"http:\/\/www.leoko.fi\/en\/tuote\/leoko-levytankosarja-painonnostoon-lady-kilpailusetti-135-kg-kumilevyt-bumper-levyt\/","og_locale":"en_US","og_type":"article","og_title":"levytankosarja, LADY tanko, painonnostotanko. Kilpatanko levypainot.","og_description":"Levytankosarja naisten painonnosto kisatanko ja bumper plates.","og_url":"http:\/\/www.leoko.fi\/en\/tuote\/leoko-levytankosarja-painonnostoon-lady-kilpailusetti-135-kg-kumilevyt-bumper-levyt\/","og_site_name":"Leoko","article_modified_time":"2025-09-08T13:30:13+00:00","og_image":[{"width":1800,"height":1200,"url":"http:\/\/www.leoko.fi\/wp-content\/uploads\/2017\/11\/LEOKO-Naisten-kisasetti-135-kg-Painonostotanko-magneettilukoilla-7.jpg","type":"image\/jpeg"}],"twitter_card":"summary_large_image","twitter_misc":{"Est. reading time":"1 minute"},"schema":{"@context":"https:\/\/schema.org","@graph":[{"@type":"WebPage","@id":"http:\/\/www.leoko.fi\/en\/tuote\/leoko-levytankosarja-painonnostoon-lady-kilpailusetti-135-kg-kumilevyt-bumper-levyt\/","url":"http:\/\/www.leoko.fi\/en\/tuote\/leoko-levytankosarja-painonnostoon-lady-kilpailusetti-135-kg-kumilevyt-bumper-levyt\/","name":"levytankosarja, LADY tanko, painonnostotanko. Kilpatanko levypainot.","isPartOf":{"@id":"https:\/\/www.leoko.fi\/#website"},"primaryImageOfPage":{"@id":"http:\/\/www.leoko.fi\/en\/tuote\/leoko-levytankosarja-painonnostoon-lady-kilpailusetti-135-kg-kumilevyt-bumper-levyt\/#primaryimage"},"image":{"@id":"http:\/\/www.leoko.fi\/en\/tuote\/leoko-levytankosarja-painonnostoon-lady-kilpailusetti-135-kg-kumilevyt-bumper-levyt\/#primaryimage"},"thumbnailUrl":"http:\/\/www.leoko.fi\/wp-content\/uploads\/2017\/11\/LEOKO-Naisten-kisasetti-135-kg-Painonostotanko-magneettilukoilla-7.jpg","datePublished":"2025-02-20T11:11:53+00:00","dateModified":"2025-09-08T13:30:13+00:00","description":"Levytankosarja naisten painonnosto kisatanko ja bumper plates.","breadcrumb":{"@id":"http:\/\/www.leoko.fi\/en\/tuote\/leoko-levytankosarja-painonnostoon-lady-kilpailusetti-135-kg-kumilevyt-bumper-levyt\/#breadcrumb"},"inLanguage":"en-US","potentialAction":[{"@type":"ReadAction","target":["http:\/\/www.leoko.fi\/en\/tuote\/leoko-levytankosarja-painonnostoon-lady-kilpailusetti-135-kg-kumilevyt-bumper-levyt\/"]}]},{"@type":"ImageObject","inLanguage":"en-US","@id":"http:\/\/www.leoko.fi\/en\/tuote\/leoko-levytankosarja-painonnostoon-lady-kilpailusetti-135-kg-kumilevyt-bumper-levyt\/#primaryimage","url":"http:\/\/www.leoko.fi\/wp-content\/uploads\/2017\/11\/LEOKO-Naisten-kisasetti-135-kg-Painonostotanko-magneettilukoilla-7.jpg","contentUrl":"http:\/\/www.leoko.fi\/wp-content\/uploads\/2017\/11\/LEOKO-Naisten-kisasetti-135-kg-Painonostotanko-magneettilukoilla-7.jpg","width":1800,"height":1200,"caption":"Painon nosto tanko ja levyt Naisten kilpatanko ja levypainot"},{"@type":"BreadcrumbList","@id":"http:\/\/www.leoko.fi\/en\/tuote\/leoko-levytankosarja-painonnostoon-lady-kilpailusetti-135-kg-kumilevyt-bumper-levyt\/#breadcrumb","itemListElement":[{"@type":"ListItem","position":1,"name":"Etusivu","item":"https:\/\/www.leoko.fi\/"},{"@type":"ListItem","position":2,"name":"Kauppa","item":"http:\/\/www.leoko.fi\/kauppa\/"},{"@type":"ListItem","position":3,"name":"Levytankosarja painonnostoon, Lady kilpailusetti 135 kg kumilevyt, bumper levyt."}]},{"@type":"WebSite","@id":"https:\/\/www.leoko.fi\/#website","url":"https:\/\/www.leoko.fi\/","name":"Leoko","description":"Erikoistunut painonnosto- ja  voimanostov\u00e4lineiden valmistukseen","potentialAction":[{"@type":"SearchAction","target":{"@type":"EntryPoint","urlTemplate":"https:\/\/www.leoko.fi\/?s={search_term_string}"},"query-input":{"@type":"PropertyValueSpecification","valueRequired":true,"valueName":"search_term_string"}}],"inLanguage":"en-US"}]}},"_links":{"self":[{"href":"http:\/\/www.leoko.fi\/en\/wp-json\/wp\/v2\/product\/2027","targetHints":{"allow":["GET"]}}],"collection":[{"href":"http:\/\/www.leoko.fi\/en\/wp-json\/wp\/v2\/product"}],"about":[{"href":"http:\/\/www.leoko.fi\/en\/wp-json\/wp\/v2\/types\/product"}],"replies":[{"embeddable":true,"href":"http:\/\/www.leoko.fi\/en\/wp-json\/wp\/v2\/comments?post=2027"}],"wp:featuredmedia":[{"embeddable":true,"href":"http:\/\/www.leoko.fi\/en\/wp-json\/wp\/v2\/media\/924"}],"wp:attachment":[{"href":"http:\/\/www.leoko.fi\/en\/wp-json\/wp\/v2\/media?parent=2027"}],"wp:term":[{"taxonomy":"product_brand","embeddable":true,"href":"http:\/\/www.leoko.fi\/en\/wp-json\/wp\/v2\/product_brand?post=2027"},{"taxonomy":"product_cat","embeddable":true,"href":"http:\/\/www.leoko.fi\/en\/wp-json\/wp\/v2\/product_cat?post=2027"},{"taxonomy":"product_tag","embeddable":true,"href":"http:\/\/www.leoko.fi\/en\/wp-json\/wp\/v2\/product_tag?post=2027"}],"curies":[{"name":"wp","href":"https:\/\/api.w.org\/{rel}","templated":true}]}}