{"id":2028,"date":"2025-02-20T13:22:52","date_gmt":"2025-02-20T11:22:52","guid":{"rendered":"https:\/\/www.leoko.fi\/?post_type=product&#038;p=2028"},"modified":"2025-09-10T09:57:32","modified_gmt":"2025-09-10T06:57:32","slug":"leoko-levytankosarja-painonnostoon-harjoittelukayttoon-1825-kg-kumilevyt-bumper-levyt","status":"publish","type":"product","link":"http:\/\/www.leoko.fi\/en\/tuote\/leoko-levytankosarja-painonnostoon-harjoittelukayttoon-1825-kg-kumilevyt-bumper-levyt\/","title":{"rendered":"Levytankosarja painonnostoon harjoitteluk\u00e4ytt\u00f6\u00f6n 182,5 kg kumilevyt, bumper levyt LEOKO"},"content":{"rendered":"<p>Kest\u00e4v\u00e4 ja luja levytanko sarja harjoitussarja vaativaan k\u00e4ytt\u00f6\u00f6n. Mustat kumilevyt viitentoista kiloon ja ter\u00e4ksiset levyt 10 kg ja alle.<br \/>\nT\u00e4ll\u00e4 sarjalla saat 2,5 kg korotukset koko sarjan maksimiin asti.<br \/>\nVoidaan k\u00e4ytt\u00e4\u00e4 yhdess\u00e4 muiden LEOKO Tankojen ja levyjen kanssa.<\/p>\n<p>Ett\u00e4 voisit nauttia Leoko Painonnostotangostasi mahdollisimman pitk\u00e4\u00e4n, suotitelmme, ett\u00e4 pudottelet sit\u00e4 vain alustalle, jolla on v\u00e4hint\u00e4\u00e4n 50 mm kumia pehmusteena.<\/p>\n","protected":false},"excerpt":{"rendered":"<p>Kest\u00e4v\u00e4 painonnoston harjoitus levytankosarja. Sis\u00e4lt\u00e4\u00e4 LEOKO, painonnoston harjoitustanko, sis. peruslukot ja mustat kumitetu bumperlevyt, 25 kg; 20 kg ja15 kg. Lis\u00e4ksi 10 kg ja 5 kg; 2,5 kg ja 1,25 kg metallilevyt.<\/p>\n","protected":false},"featured_media":679,"comment_status":"open","ping_status":"closed","template":"","meta":{"_acf_changed":false},"product_brand":[154],"product_cat":[112],"product_tag":[],"class_list":{"0":"post-2028","1":"product","2":"type-product","3":"status-publish","4":"has-post-thumbnail","6":"product_brand-leoko-finland","7":"product_cat-levytankosarjat","9":"first","10":"instock","11":"taxable","12":"shipping-taxable","13":"purchasable","14":"product-type-simple"},"acf":[],"yoast_head":"<!-- This site is optimized with the Yoast SEO plugin v25.7 - https:\/\/yoast.com\/wordpress\/plugins\/seo\/ -->\n<title>Levytankosarja, treenisetti, Leoko Luja ja kest\u00e4v\u00e4<\/title>\n<meta name=\"description\" content=\"Levypainosarja, harjoituspainot, Bumperlevyt, kumilevyt , mustat harjoitus levyt\" \/>\n<meta name=\"robots\" content=\"index, follow, max-snippet:-1, max-image-preview:large, max-video-preview:-1\" \/>\n<link rel=\"canonical\" href=\"http:\/\/www.leoko.fi\/en\/tuote\/leoko-levytankosarja-painonnostoon-harjoittelukayttoon-1825-kg-kumilevyt-bumper-levyt\/\" \/>\n<meta property=\"og:locale\" content=\"en_US\" \/>\n<meta property=\"og:type\" content=\"article\" \/>\n<meta property=\"og:title\" content=\"Levytankosarja, treenisetti, Leoko Luja ja kest\u00e4v\u00e4\" \/>\n<meta property=\"og:description\" content=\"Levypainosarja, harjoituspainot, Bumperlevyt, kumilevyt , mustat harjoitus levyt\" \/>\n<meta property=\"og:url\" content=\"http:\/\/www.leoko.fi\/en\/tuote\/leoko-levytankosarja-painonnostoon-harjoittelukayttoon-1825-kg-kumilevyt-bumper-levyt\/\" \/>\n<meta property=\"og:site_name\" content=\"Leoko\" \/>\n<meta property=\"article:modified_time\" content=\"2025-09-10T06:57:32+00:00\" \/>\n<meta property=\"og:image\" content=\"http:\/\/www.leoko.fi\/wp-content\/uploads\/2017\/06\/LEOKO-DL-Harjoitussetti-1825-kg-Harjoitustanko-peruslukolla-10.jpg\" \/>\n\t<meta property=\"og:image:width\" content=\"1800\" \/>\n\t<meta property=\"og:image:height\" content=\"1200\" \/>\n\t<meta property=\"og:image:type\" content=\"image\/jpeg\" \/>\n<meta name=\"twitter:card\" content=\"summary_large_image\" \/>\n<meta name=\"twitter:label1\" content=\"Est. reading time\" \/>\n\t<meta name=\"twitter:data1\" content=\"1 minute\" \/>\n<script type=\"application\/ld+json\" class=\"yoast-schema-graph\">{\"@context\":\"https:\/\/schema.org\",\"@graph\":[{\"@type\":\"WebPage\",\"@id\":\"http:\/\/www.leoko.fi\/en\/tuote\/leoko-levytankosarja-painonnostoon-harjoittelukayttoon-1825-kg-kumilevyt-bumper-levyt\/\",\"url\":\"http:\/\/www.leoko.fi\/en\/tuote\/leoko-levytankosarja-painonnostoon-harjoittelukayttoon-1825-kg-kumilevyt-bumper-levyt\/\",\"name\":\"Levytankosarja, treenisetti, Leoko Luja ja kest\u00e4v\u00e4\",\"isPartOf\":{\"@id\":\"https:\/\/www.leoko.fi\/#website\"},\"primaryImageOfPage\":{\"@id\":\"http:\/\/www.leoko.fi\/en\/tuote\/leoko-levytankosarja-painonnostoon-harjoittelukayttoon-1825-kg-kumilevyt-bumper-levyt\/#primaryimage\"},\"image\":{\"@id\":\"http:\/\/www.leoko.fi\/en\/tuote\/leoko-levytankosarja-painonnostoon-harjoittelukayttoon-1825-kg-kumilevyt-bumper-levyt\/#primaryimage\"},\"thumbnailUrl\":\"http:\/\/www.leoko.fi\/wp-content\/uploads\/2017\/06\/LEOKO-DL-Harjoitussetti-1825-kg-Harjoitustanko-peruslukolla-10.jpg\",\"datePublished\":\"2025-02-20T11:22:52+00:00\",\"dateModified\":\"2025-09-10T06:57:32+00:00\",\"description\":\"Levypainosarja, harjoituspainot, Bumperlevyt, kumilevyt , mustat harjoitus levyt\",\"breadcrumb\":{\"@id\":\"http:\/\/www.leoko.fi\/en\/tuote\/leoko-levytankosarja-painonnostoon-harjoittelukayttoon-1825-kg-kumilevyt-bumper-levyt\/#breadcrumb\"},\"inLanguage\":\"en-US\",\"potentialAction\":[{\"@type\":\"ReadAction\",\"target\":[\"http:\/\/www.leoko.fi\/en\/tuote\/leoko-levytankosarja-painonnostoon-harjoittelukayttoon-1825-kg-kumilevyt-bumper-levyt\/\"]}]},{\"@type\":\"ImageObject\",\"inLanguage\":\"en-US\",\"@id\":\"http:\/\/www.leoko.fi\/en\/tuote\/leoko-levytankosarja-painonnostoon-harjoittelukayttoon-1825-kg-kumilevyt-bumper-levyt\/#primaryimage\",\"url\":\"http:\/\/www.leoko.fi\/wp-content\/uploads\/2017\/06\/LEOKO-DL-Harjoitussetti-1825-kg-Harjoitustanko-peruslukolla-10.jpg\",\"contentUrl\":\"http:\/\/www.leoko.fi\/wp-content\/uploads\/2017\/06\/LEOKO-DL-Harjoitussetti-1825-kg-Harjoitustanko-peruslukolla-10.jpg\",\"width\":1800,\"height\":1200,\"caption\":\"Painonnoston harjoitusssarja, kumilevyt bumper plates.\"},{\"@type\":\"BreadcrumbList\",\"@id\":\"http:\/\/www.leoko.fi\/en\/tuote\/leoko-levytankosarja-painonnostoon-harjoittelukayttoon-1825-kg-kumilevyt-bumper-levyt\/#breadcrumb\",\"itemListElement\":[{\"@type\":\"ListItem\",\"position\":1,\"name\":\"Etusivu\",\"item\":\"https:\/\/www.leoko.fi\/\"},{\"@type\":\"ListItem\",\"position\":2,\"name\":\"Kauppa\",\"item\":\"http:\/\/www.leoko.fi\/kauppa\/\"},{\"@type\":\"ListItem\",\"position\":3,\"name\":\"Levytankosarja painonnostoon harjoitteluk\u00e4ytt\u00f6\u00f6n 182,5 kg kumilevyt, bumper levyt LEOKO\"}]},{\"@type\":\"WebSite\",\"@id\":\"https:\/\/www.leoko.fi\/#website\",\"url\":\"https:\/\/www.leoko.fi\/\",\"name\":\"Leoko\",\"description\":\"Erikoistunut painonnosto- ja  voimanostov\u00e4lineiden valmistukseen\",\"potentialAction\":[{\"@type\":\"SearchAction\",\"target\":{\"@type\":\"EntryPoint\",\"urlTemplate\":\"https:\/\/www.leoko.fi\/?s={search_term_string}\"},\"query-input\":{\"@type\":\"PropertyValueSpecification\",\"valueRequired\":true,\"valueName\":\"search_term_string\"}}],\"inLanguage\":\"en-US\"}]}<\/script>\n<!-- \/ Yoast SEO plugin. -->","yoast_head_json":{"title":"Levytankosarja, treenisetti, Leoko Luja ja kest\u00e4v\u00e4","description":"Levypainosarja, harjoituspainot, Bumperlevyt, kumilevyt , mustat harjoitus levyt","robots":{"index":"index","follow":"follow","max-snippet":"max-snippet:-1","max-image-preview":"max-image-preview:large","max-video-preview":"max-video-preview:-1"},"canonical":"http:\/\/www.leoko.fi\/en\/tuote\/leoko-levytankosarja-painonnostoon-harjoittelukayttoon-1825-kg-kumilevyt-bumper-levyt\/","og_locale":"en_US","og_type":"article","og_title":"Levytankosarja, treenisetti, Leoko Luja ja kest\u00e4v\u00e4","og_description":"Levypainosarja, harjoituspainot, Bumperlevyt, kumilevyt , mustat harjoitus levyt","og_url":"http:\/\/www.leoko.fi\/en\/tuote\/leoko-levytankosarja-painonnostoon-harjoittelukayttoon-1825-kg-kumilevyt-bumper-levyt\/","og_site_name":"Leoko","article_modified_time":"2025-09-10T06:57:32+00:00","og_image":[{"width":1800,"height":1200,"url":"http:\/\/www.leoko.fi\/wp-content\/uploads\/2017\/06\/LEOKO-DL-Harjoitussetti-1825-kg-Harjoitustanko-peruslukolla-10.jpg","type":"image\/jpeg"}],"twitter_card":"summary_large_image","twitter_misc":{"Est. reading time":"1 minute"},"schema":{"@context":"https:\/\/schema.org","@graph":[{"@type":"WebPage","@id":"http:\/\/www.leoko.fi\/en\/tuote\/leoko-levytankosarja-painonnostoon-harjoittelukayttoon-1825-kg-kumilevyt-bumper-levyt\/","url":"http:\/\/www.leoko.fi\/en\/tuote\/leoko-levytankosarja-painonnostoon-harjoittelukayttoon-1825-kg-kumilevyt-bumper-levyt\/","name":"Levytankosarja, treenisetti, Leoko Luja ja kest\u00e4v\u00e4","isPartOf":{"@id":"https:\/\/www.leoko.fi\/#website"},"primaryImageOfPage":{"@id":"http:\/\/www.leoko.fi\/en\/tuote\/leoko-levytankosarja-painonnostoon-harjoittelukayttoon-1825-kg-kumilevyt-bumper-levyt\/#primaryimage"},"image":{"@id":"http:\/\/www.leoko.fi\/en\/tuote\/leoko-levytankosarja-painonnostoon-harjoittelukayttoon-1825-kg-kumilevyt-bumper-levyt\/#primaryimage"},"thumbnailUrl":"http:\/\/www.leoko.fi\/wp-content\/uploads\/2017\/06\/LEOKO-DL-Harjoitussetti-1825-kg-Harjoitustanko-peruslukolla-10.jpg","datePublished":"2025-02-20T11:22:52+00:00","dateModified":"2025-09-10T06:57:32+00:00","description":"Levypainosarja, harjoituspainot, Bumperlevyt, kumilevyt , mustat harjoitus levyt","breadcrumb":{"@id":"http:\/\/www.leoko.fi\/en\/tuote\/leoko-levytankosarja-painonnostoon-harjoittelukayttoon-1825-kg-kumilevyt-bumper-levyt\/#breadcrumb"},"inLanguage":"en-US","potentialAction":[{"@type":"ReadAction","target":["http:\/\/www.leoko.fi\/en\/tuote\/leoko-levytankosarja-painonnostoon-harjoittelukayttoon-1825-kg-kumilevyt-bumper-levyt\/"]}]},{"@type":"ImageObject","inLanguage":"en-US","@id":"http:\/\/www.leoko.fi\/en\/tuote\/leoko-levytankosarja-painonnostoon-harjoittelukayttoon-1825-kg-kumilevyt-bumper-levyt\/#primaryimage","url":"http:\/\/www.leoko.fi\/wp-content\/uploads\/2017\/06\/LEOKO-DL-Harjoitussetti-1825-kg-Harjoitustanko-peruslukolla-10.jpg","contentUrl":"http:\/\/www.leoko.fi\/wp-content\/uploads\/2017\/06\/LEOKO-DL-Harjoitussetti-1825-kg-Harjoitustanko-peruslukolla-10.jpg","width":1800,"height":1200,"caption":"Painonnoston harjoitusssarja, kumilevyt bumper plates."},{"@type":"BreadcrumbList","@id":"http:\/\/www.leoko.fi\/en\/tuote\/leoko-levytankosarja-painonnostoon-harjoittelukayttoon-1825-kg-kumilevyt-bumper-levyt\/#breadcrumb","itemListElement":[{"@type":"ListItem","position":1,"name":"Etusivu","item":"https:\/\/www.leoko.fi\/"},{"@type":"ListItem","position":2,"name":"Kauppa","item":"http:\/\/www.leoko.fi\/kauppa\/"},{"@type":"ListItem","position":3,"name":"Levytankosarja painonnostoon harjoitteluk\u00e4ytt\u00f6\u00f6n 182,5 kg kumilevyt, bumper levyt LEOKO"}]},{"@type":"WebSite","@id":"https:\/\/www.leoko.fi\/#website","url":"https:\/\/www.leoko.fi\/","name":"Leoko","description":"Erikoistunut painonnosto- ja  voimanostov\u00e4lineiden valmistukseen","potentialAction":[{"@type":"SearchAction","target":{"@type":"EntryPoint","urlTemplate":"https:\/\/www.leoko.fi\/?s={search_term_string}"},"query-input":{"@type":"PropertyValueSpecification","valueRequired":true,"valueName":"search_term_string"}}],"inLanguage":"en-US"}]}},"_links":{"self":[{"href":"http:\/\/www.leoko.fi\/en\/wp-json\/wp\/v2\/product\/2028","targetHints":{"allow":["GET"]}}],"collection":[{"href":"http:\/\/www.leoko.fi\/en\/wp-json\/wp\/v2\/product"}],"about":[{"href":"http:\/\/www.leoko.fi\/en\/wp-json\/wp\/v2\/types\/product"}],"replies":[{"embeddable":true,"href":"http:\/\/www.leoko.fi\/en\/wp-json\/wp\/v2\/comments?post=2028"}],"wp:featuredmedia":[{"embeddable":true,"href":"http:\/\/www.leoko.fi\/en\/wp-json\/wp\/v2\/media\/679"}],"wp:attachment":[{"href":"http:\/\/www.leoko.fi\/en\/wp-json\/wp\/v2\/media?parent=2028"}],"wp:term":[{"taxonomy":"product_brand","embeddable":true,"href":"http:\/\/www.leoko.fi\/en\/wp-json\/wp\/v2\/product_brand?post=2028"},{"taxonomy":"product_cat","embeddable":true,"href":"http:\/\/www.leoko.fi\/en\/wp-json\/wp\/v2\/product_cat?post=2028"},{"taxonomy":"product_tag","embeddable":true,"href":"http:\/\/www.leoko.fi\/en\/wp-json\/wp\/v2\/product_tag?post=2028"}],"curies":[{"name":"wp","href":"https:\/\/api.w.org\/{rel}","templated":true}]}}