{"id":2215,"date":"2025-09-02T14:43:19","date_gmt":"2025-09-02T11:43:19","guid":{"rendered":"https:\/\/www.leoko.fi\/?post_type=product&#038;p=2215"},"modified":"2025-10-30T15:14:48","modified_gmt":"2025-10-30T13:14:48","slug":"levytankosarja-painonnostoon-harjoittelukayttoon-1825-kg-kumilevyt-bumper-levyt-leoko-kopio","status":"publish","type":"product","link":"http:\/\/www.leoko.fi\/en\/tuote\/levytankosarja-painonnostoon-harjoittelukayttoon-1825-kg-kumilevyt-bumper-levyt-leoko-kopio\/","title":{"rendered":"Levytankosarja painonnostoon harjoitteluk\u00e4ytt\u00f6\u00f6n 182,5 kg kumilevyt, bumper levyt LEOKO (Kopio)"},"content":{"rendered":"<p>Kest\u00e4v\u00e4 ja luja harjoitussarja vaativaan k\u00e4ytt\u00f6\u00f6n. Mustat kumilevyt viitentoista kiloon ja ter\u00e4ksiset levyt 10 kg ja alle.<br \/>\nT\u00e4ll\u00e4 sarjalla saat 2,5 kg korotukset koko sarjan maksimiin asti.<br \/>\nVoidaan k\u00e4ytt\u00e4\u00e4 yhdess\u00e4 muiden LEOKO Tankojen ja levyjen kanssa.<\/p>\n","protected":false},"excerpt":{"rendered":"<p>Kest\u00e4v\u00e4 painonnoston harjoitus levytankosarja. Sis\u00e4lt\u00e4\u00e4 LEOKO, painonnoston harjoitustanko, sis. peruslukot ja mustat kumitetu bumperlevyt, 25 kg; 20 kg ja15 kg. Lis\u00e4ksi 10 kg ja 5 kg; 2,5 kg ja 1,25 kg metallilevyt.<\/p>\n","protected":false},"featured_media":2374,"comment_status":"open","ping_status":"closed","template":"","meta":{"_acf_changed":false},"product_brand":[],"product_cat":[112],"product_tag":[],"class_list":{"0":"post-2215","1":"product","2":"type-product","3":"status-publish","4":"has-post-thumbnail","6":"product_cat-levytankosarjat","8":"first","9":"instock","10":"taxable","11":"shipping-taxable","12":"purchasable","13":"product-type-simple"},"acf":[],"yoast_head":"<!-- This site is optimized with the Yoast SEO plugin v25.7 - https:\/\/yoast.com\/wordpress\/plugins\/seo\/ -->\n<title>Levytankosarja painonnostoon harjoitteluk\u00e4ytt\u00f6\u00f6n 182,5 kg kumilevyt, bumper levyt LEOKO (Kopio) - Leoko<\/title>\n<meta name=\"description\" content=\"Levypainosarja, harjoituspainot, Bumperlevyt kumilevyt\" \/>\n<meta name=\"robots\" content=\"index, follow, max-snippet:-1, max-image-preview:large, max-video-preview:-1\" \/>\n<link rel=\"canonical\" href=\"http:\/\/www.leoko.fi\/en\/tuote\/levytankosarja-painonnostoon-harjoittelukayttoon-1825-kg-kumilevyt-bumper-levyt-leoko-kopio\/\" \/>\n<meta property=\"og:locale\" content=\"en_US\" \/>\n<meta property=\"og:type\" content=\"article\" \/>\n<meta property=\"og:title\" content=\"Levytankosarja painonnostoon harjoitteluk\u00e4ytt\u00f6\u00f6n 182,5 kg kumilevyt, bumper levyt LEOKO (Kopio) - Leoko\" \/>\n<meta property=\"og:description\" content=\"Levypainosarja, harjoituspainot, Bumperlevyt kumilevyt\" \/>\n<meta property=\"og:url\" content=\"http:\/\/www.leoko.fi\/en\/tuote\/levytankosarja-painonnostoon-harjoittelukayttoon-1825-kg-kumilevyt-bumper-levyt-leoko-kopio\/\" \/>\n<meta property=\"og:site_name\" content=\"Leoko\" \/>\n<meta property=\"article:modified_time\" content=\"2025-10-30T13:14:48+00:00\" \/>\n<meta property=\"og:image\" content=\"http:\/\/www.leoko.fi\/wp-content\/uploads\/2025\/09\/NLEOKO-DL-Harjoitussetti-1825-kg-Harjoitustanko-peruslukolla-10.jpg\" \/>\n\t<meta property=\"og:image:width\" content=\"1080\" \/>\n\t<meta property=\"og:image:height\" content=\"1080\" \/>\n\t<meta property=\"og:image:type\" content=\"image\/jpeg\" \/>\n<meta name=\"twitter:card\" content=\"summary_large_image\" \/>\n<meta name=\"twitter:label1\" content=\"Est. reading time\" \/>\n\t<meta name=\"twitter:data1\" content=\"1 minute\" \/>\n<script type=\"application\/ld+json\" class=\"yoast-schema-graph\">{\"@context\":\"https:\/\/schema.org\",\"@graph\":[{\"@type\":\"WebPage\",\"@id\":\"http:\/\/www.leoko.fi\/en\/tuote\/levytankosarja-painonnostoon-harjoittelukayttoon-1825-kg-kumilevyt-bumper-levyt-leoko-kopio\/\",\"url\":\"http:\/\/www.leoko.fi\/en\/tuote\/levytankosarja-painonnostoon-harjoittelukayttoon-1825-kg-kumilevyt-bumper-levyt-leoko-kopio\/\",\"name\":\"Levytankosarja painonnostoon harjoitteluk\u00e4ytt\u00f6\u00f6n 182,5 kg kumilevyt, bumper levyt LEOKO (Kopio) - Leoko\",\"isPartOf\":{\"@id\":\"https:\/\/www.leoko.fi\/#website\"},\"primaryImageOfPage\":{\"@id\":\"http:\/\/www.leoko.fi\/en\/tuote\/levytankosarja-painonnostoon-harjoittelukayttoon-1825-kg-kumilevyt-bumper-levyt-leoko-kopio\/#primaryimage\"},\"image\":{\"@id\":\"http:\/\/www.leoko.fi\/en\/tuote\/levytankosarja-painonnostoon-harjoittelukayttoon-1825-kg-kumilevyt-bumper-levyt-leoko-kopio\/#primaryimage\"},\"thumbnailUrl\":\"http:\/\/www.leoko.fi\/wp-content\/uploads\/2025\/09\/NLEOKO-DL-Harjoitussetti-1825-kg-Harjoitustanko-peruslukolla-10.jpg\",\"datePublished\":\"2025-09-02T11:43:19+00:00\",\"dateModified\":\"2025-10-30T13:14:48+00:00\",\"description\":\"Levypainosarja, harjoituspainot, Bumperlevyt kumilevyt\",\"breadcrumb\":{\"@id\":\"http:\/\/www.leoko.fi\/en\/tuote\/levytankosarja-painonnostoon-harjoittelukayttoon-1825-kg-kumilevyt-bumper-levyt-leoko-kopio\/#breadcrumb\"},\"inLanguage\":\"en-US\",\"potentialAction\":[{\"@type\":\"ReadAction\",\"target\":[\"http:\/\/www.leoko.fi\/en\/tuote\/levytankosarja-painonnostoon-harjoittelukayttoon-1825-kg-kumilevyt-bumper-levyt-leoko-kopio\/\"]}]},{\"@type\":\"ImageObject\",\"inLanguage\":\"en-US\",\"@id\":\"http:\/\/www.leoko.fi\/en\/tuote\/levytankosarja-painonnostoon-harjoittelukayttoon-1825-kg-kumilevyt-bumper-levyt-leoko-kopio\/#primaryimage\",\"url\":\"http:\/\/www.leoko.fi\/wp-content\/uploads\/2025\/09\/NLEOKO-DL-Harjoitussetti-1825-kg-Harjoitustanko-peruslukolla-10.jpg\",\"contentUrl\":\"http:\/\/www.leoko.fi\/wp-content\/uploads\/2025\/09\/NLEOKO-DL-Harjoitussetti-1825-kg-Harjoitustanko-peruslukolla-10.jpg\",\"width\":1080,\"height\":1080,\"caption\":\"painosarja tangolla, 182,5 kg mustat kumilevyt'\"},{\"@type\":\"BreadcrumbList\",\"@id\":\"http:\/\/www.leoko.fi\/en\/tuote\/levytankosarja-painonnostoon-harjoittelukayttoon-1825-kg-kumilevyt-bumper-levyt-leoko-kopio\/#breadcrumb\",\"itemListElement\":[{\"@type\":\"ListItem\",\"position\":1,\"name\":\"Etusivu\",\"item\":\"https:\/\/www.leoko.fi\/\"},{\"@type\":\"ListItem\",\"position\":2,\"name\":\"Kauppa\",\"item\":\"http:\/\/www.leoko.fi\/kauppa\/\"},{\"@type\":\"ListItem\",\"position\":3,\"name\":\"Levytankosarja painonnostoon harjoitteluk\u00e4ytt\u00f6\u00f6n 182,5 kg kumilevyt, bumper levyt LEOKO (Kopio)\"}]},{\"@type\":\"WebSite\",\"@id\":\"https:\/\/www.leoko.fi\/#website\",\"url\":\"https:\/\/www.leoko.fi\/\",\"name\":\"Leoko\",\"description\":\"Erikoistunut painonnosto- ja  voimanostov\u00e4lineiden valmistukseen\",\"potentialAction\":[{\"@type\":\"SearchAction\",\"target\":{\"@type\":\"EntryPoint\",\"urlTemplate\":\"https:\/\/www.leoko.fi\/?s={search_term_string}\"},\"query-input\":{\"@type\":\"PropertyValueSpecification\",\"valueRequired\":true,\"valueName\":\"search_term_string\"}}],\"inLanguage\":\"en-US\"}]}<\/script>\n<!-- \/ Yoast SEO plugin. -->","yoast_head_json":{"title":"Levytankosarja painonnostoon harjoitteluk\u00e4ytt\u00f6\u00f6n 182,5 kg kumilevyt, bumper levyt LEOKO (Kopio) - Leoko","description":"Levypainosarja, harjoituspainot, Bumperlevyt kumilevyt","robots":{"index":"index","follow":"follow","max-snippet":"max-snippet:-1","max-image-preview":"max-image-preview:large","max-video-preview":"max-video-preview:-1"},"canonical":"http:\/\/www.leoko.fi\/en\/tuote\/levytankosarja-painonnostoon-harjoittelukayttoon-1825-kg-kumilevyt-bumper-levyt-leoko-kopio\/","og_locale":"en_US","og_type":"article","og_title":"Levytankosarja painonnostoon harjoitteluk\u00e4ytt\u00f6\u00f6n 182,5 kg kumilevyt, bumper levyt LEOKO (Kopio) - Leoko","og_description":"Levypainosarja, harjoituspainot, Bumperlevyt kumilevyt","og_url":"http:\/\/www.leoko.fi\/en\/tuote\/levytankosarja-painonnostoon-harjoittelukayttoon-1825-kg-kumilevyt-bumper-levyt-leoko-kopio\/","og_site_name":"Leoko","article_modified_time":"2025-10-30T13:14:48+00:00","og_image":[{"width":1080,"height":1080,"url":"http:\/\/www.leoko.fi\/wp-content\/uploads\/2025\/09\/NLEOKO-DL-Harjoitussetti-1825-kg-Harjoitustanko-peruslukolla-10.jpg","type":"image\/jpeg"}],"twitter_card":"summary_large_image","twitter_misc":{"Est. reading time":"1 minute"},"schema":{"@context":"https:\/\/schema.org","@graph":[{"@type":"WebPage","@id":"http:\/\/www.leoko.fi\/en\/tuote\/levytankosarja-painonnostoon-harjoittelukayttoon-1825-kg-kumilevyt-bumper-levyt-leoko-kopio\/","url":"http:\/\/www.leoko.fi\/en\/tuote\/levytankosarja-painonnostoon-harjoittelukayttoon-1825-kg-kumilevyt-bumper-levyt-leoko-kopio\/","name":"Levytankosarja painonnostoon harjoitteluk\u00e4ytt\u00f6\u00f6n 182,5 kg kumilevyt, bumper levyt LEOKO (Kopio) - Leoko","isPartOf":{"@id":"https:\/\/www.leoko.fi\/#website"},"primaryImageOfPage":{"@id":"http:\/\/www.leoko.fi\/en\/tuote\/levytankosarja-painonnostoon-harjoittelukayttoon-1825-kg-kumilevyt-bumper-levyt-leoko-kopio\/#primaryimage"},"image":{"@id":"http:\/\/www.leoko.fi\/en\/tuote\/levytankosarja-painonnostoon-harjoittelukayttoon-1825-kg-kumilevyt-bumper-levyt-leoko-kopio\/#primaryimage"},"thumbnailUrl":"http:\/\/www.leoko.fi\/wp-content\/uploads\/2025\/09\/NLEOKO-DL-Harjoitussetti-1825-kg-Harjoitustanko-peruslukolla-10.jpg","datePublished":"2025-09-02T11:43:19+00:00","dateModified":"2025-10-30T13:14:48+00:00","description":"Levypainosarja, harjoituspainot, Bumperlevyt kumilevyt","breadcrumb":{"@id":"http:\/\/www.leoko.fi\/en\/tuote\/levytankosarja-painonnostoon-harjoittelukayttoon-1825-kg-kumilevyt-bumper-levyt-leoko-kopio\/#breadcrumb"},"inLanguage":"en-US","potentialAction":[{"@type":"ReadAction","target":["http:\/\/www.leoko.fi\/en\/tuote\/levytankosarja-painonnostoon-harjoittelukayttoon-1825-kg-kumilevyt-bumper-levyt-leoko-kopio\/"]}]},{"@type":"ImageObject","inLanguage":"en-US","@id":"http:\/\/www.leoko.fi\/en\/tuote\/levytankosarja-painonnostoon-harjoittelukayttoon-1825-kg-kumilevyt-bumper-levyt-leoko-kopio\/#primaryimage","url":"http:\/\/www.leoko.fi\/wp-content\/uploads\/2025\/09\/NLEOKO-DL-Harjoitussetti-1825-kg-Harjoitustanko-peruslukolla-10.jpg","contentUrl":"http:\/\/www.leoko.fi\/wp-content\/uploads\/2025\/09\/NLEOKO-DL-Harjoitussetti-1825-kg-Harjoitustanko-peruslukolla-10.jpg","width":1080,"height":1080,"caption":"painosarja tangolla, 182,5 kg mustat kumilevyt'"},{"@type":"BreadcrumbList","@id":"http:\/\/www.leoko.fi\/en\/tuote\/levytankosarja-painonnostoon-harjoittelukayttoon-1825-kg-kumilevyt-bumper-levyt-leoko-kopio\/#breadcrumb","itemListElement":[{"@type":"ListItem","position":1,"name":"Etusivu","item":"https:\/\/www.leoko.fi\/"},{"@type":"ListItem","position":2,"name":"Kauppa","item":"http:\/\/www.leoko.fi\/kauppa\/"},{"@type":"ListItem","position":3,"name":"Levytankosarja painonnostoon harjoitteluk\u00e4ytt\u00f6\u00f6n 182,5 kg kumilevyt, bumper levyt LEOKO (Kopio)"}]},{"@type":"WebSite","@id":"https:\/\/www.leoko.fi\/#website","url":"https:\/\/www.leoko.fi\/","name":"Leoko","description":"Erikoistunut painonnosto- ja  voimanostov\u00e4lineiden valmistukseen","potentialAction":[{"@type":"SearchAction","target":{"@type":"EntryPoint","urlTemplate":"https:\/\/www.leoko.fi\/?s={search_term_string}"},"query-input":{"@type":"PropertyValueSpecification","valueRequired":true,"valueName":"search_term_string"}}],"inLanguage":"en-US"}]}},"_links":{"self":[{"href":"http:\/\/www.leoko.fi\/en\/wp-json\/wp\/v2\/product\/2215","targetHints":{"allow":["GET"]}}],"collection":[{"href":"http:\/\/www.leoko.fi\/en\/wp-json\/wp\/v2\/product"}],"about":[{"href":"http:\/\/www.leoko.fi\/en\/wp-json\/wp\/v2\/types\/product"}],"replies":[{"embeddable":true,"href":"http:\/\/www.leoko.fi\/en\/wp-json\/wp\/v2\/comments?post=2215"}],"wp:featuredmedia":[{"embeddable":true,"href":"http:\/\/www.leoko.fi\/en\/wp-json\/wp\/v2\/media\/2374"}],"wp:attachment":[{"href":"http:\/\/www.leoko.fi\/en\/wp-json\/wp\/v2\/media?parent=2215"}],"wp:term":[{"taxonomy":"product_brand","embeddable":true,"href":"http:\/\/www.leoko.fi\/en\/wp-json\/wp\/v2\/product_brand?post=2215"},{"taxonomy":"product_cat","embeddable":true,"href":"http:\/\/www.leoko.fi\/en\/wp-json\/wp\/v2\/product_cat?post=2215"},{"taxonomy":"product_tag","embeddable":true,"href":"http:\/\/www.leoko.fi\/en\/wp-json\/wp\/v2\/product_tag?post=2215"}],"curies":[{"name":"wp","href":"https:\/\/api.w.org\/{rel}","templated":true}]}}