{"id":2233,"date":"2025-09-04T10:08:57","date_gmt":"2025-09-04T07:08:57","guid":{"rendered":"https:\/\/www.leoko.fi\/?post_type=product&#038;p=2233"},"modified":"2025-09-30T15:22:32","modified_gmt":"2025-09-30T12:22:32","slug":"levyhuolto-painonnostolevy-voimanostolevy-maalaus-leoko-levyille","status":"publish","type":"product","link":"http:\/\/www.leoko.fi\/en\/tuote\/levyhuolto-painonnostolevy-voimanostolevy-maalaus-leoko-levyille\/","title":{"rendered":"Levyhuolto Painonnostolevy voimanostolevy maalaus LEOKO levyille."},"content":{"rendered":"<p>Painolevyt kannattaa huoltaa, jos on vaikka ollut remontti ja nyt vanhat levyt n\u00e4ytt\u00e4\u00e4 ruosteisemmilta kuin ennen. Vaikka ihan hiljan ostettiin kolmekymment\u00e4 vuotta sitten. Leoko oy uudistaa levyt sopimaan uusiin tiloihin sopivaksi.<\/p>\n<ul>\n<li>hiekkapuhallus ja maalaukset polyureaanimaalilla RAL-v\u00e4reill\u00e4<\/li>\n<li>voimanostolevyt maalataan nykyisiin virallisiin v\u00e4reihin.<\/li>\n<li>Painon tarkistus ja kohokirjainten ja numeroiden maalaukset<\/li>\n<li>kumien puhdistus<\/li>\n<li>noudot Leokon pakettiautolla \u2013 max 800 kg \u2013 1 \u2013 2 v\u00e4ri\u00e4 kerrallaan<\/li>\n<li>vaihtoehtoisesti nouto ja toimitus Postin rahtina<\/li>\n<li>kumilevyt mustalla reunalla maalataan mustiksi<\/li>\n<li>v\u00e4rillisell\u00e4 kumilla olevat maalataan hopeav\u00e4rill\u00e4<\/li>\n<\/ul>\n","protected":false},"excerpt":{"rendered":"<p><strong>Kunnostamme Leokon valmistamat levypainot. Maalaus uudenveroiseksi.\u00a0<\/strong><\/p>\n","protected":false},"featured_media":341,"comment_status":"open","ping_status":"closed","template":"","meta":{"_acf_changed":false},"product_brand":[],"product_cat":[107],"product_tag":[],"class_list":{"0":"post-2233","1":"product","2":"type-product","3":"status-publish","4":"has-post-thumbnail","6":"product_cat-leoko-service","8":"first","9":"instock","10":"taxable","11":"shipping-taxable","12":"product-type-simple"},"acf":[],"yoast_head":"<!-- This site is optimized with the Yoast SEO plugin v25.7 - https:\/\/yoast.com\/wordpress\/plugins\/seo\/ -->\n<title>Levynhuolto Painonnostolevyn huolto uudelleenmaalaus<\/title>\n<meta name=\"description\" content=\"Vanhojen levyjen uudistus ja maalaus.\" \/>\n<meta name=\"robots\" content=\"index, follow, max-snippet:-1, max-image-preview:large, max-video-preview:-1\" \/>\n<link rel=\"canonical\" href=\"https:\/\/www.leoko.fi\/tuote\/levyhuolto-painonnostolevy-voimanostolevy-maalaus-leoko-levyille\/\" \/>\n<meta property=\"og:locale\" content=\"en_US\" \/>\n<meta property=\"og:type\" content=\"article\" \/>\n<meta property=\"og:title\" content=\"Levynhuolto Painonnostolevyn huolto uudelleenmaalaus\" \/>\n<meta property=\"og:description\" content=\"Vanhojen levyjen uudistus ja maalaus.\" \/>\n<meta property=\"og:url\" content=\"https:\/\/www.leoko.fi\/tuote\/levyhuolto-painonnostolevy-voimanostolevy-maalaus-leoko-levyille\/\" \/>\n<meta property=\"og:site_name\" content=\"Leoko\" \/>\n<meta property=\"article:modified_time\" content=\"2025-09-30T12:22:32+00:00\" \/>\n<meta property=\"og:image\" content=\"https:\/\/www.leoko.fi\/wp-content\/uploads\/2017\/06\/LEOKO-Voimanostolevy-IPF-hyv\u00e4ksym\u00e4-20-kg.jpg\" \/>\n\t<meta property=\"og:image:width\" content=\"1200\" \/>\n\t<meta property=\"og:image:height\" content=\"1200\" \/>\n\t<meta property=\"og:image:type\" content=\"image\/jpeg\" \/>\n<meta name=\"twitter:card\" content=\"summary_large_image\" \/>\n<meta name=\"twitter:label1\" content=\"Est. reading time\" \/>\n\t<meta name=\"twitter:data1\" content=\"1 minute\" \/>\n<script type=\"application\/ld+json\" class=\"yoast-schema-graph\">{\"@context\":\"https:\/\/schema.org\",\"@graph\":[{\"@type\":\"WebPage\",\"@id\":\"https:\/\/www.leoko.fi\/tuote\/levyhuolto-painonnostolevy-voimanostolevy-maalaus-leoko-levyille\/\",\"url\":\"https:\/\/www.leoko.fi\/tuote\/levyhuolto-painonnostolevy-voimanostolevy-maalaus-leoko-levyille\/\",\"name\":\"Levynhuolto Painonnostolevyn huolto uudelleenmaalaus\",\"isPartOf\":{\"@id\":\"http:\/\/www.leoko.fi\/en\/#website\"},\"primaryImageOfPage\":{\"@id\":\"https:\/\/www.leoko.fi\/tuote\/levyhuolto-painonnostolevy-voimanostolevy-maalaus-leoko-levyille\/#primaryimage\"},\"image\":{\"@id\":\"https:\/\/www.leoko.fi\/tuote\/levyhuolto-painonnostolevy-voimanostolevy-maalaus-leoko-levyille\/#primaryimage\"},\"thumbnailUrl\":\"http:\/\/www.leoko.fi\/wp-content\/uploads\/2017\/06\/LEOKO-Voimanostolevy-IPF-hyv\u00e4ksym\u00e4-20-kg.jpg\",\"datePublished\":\"2025-09-04T07:08:57+00:00\",\"dateModified\":\"2025-09-30T12:22:32+00:00\",\"description\":\"Vanhojen levyjen uudistus ja maalaus.\",\"breadcrumb\":{\"@id\":\"https:\/\/www.leoko.fi\/tuote\/levyhuolto-painonnostolevy-voimanostolevy-maalaus-leoko-levyille\/#breadcrumb\"},\"inLanguage\":\"en-US\",\"potentialAction\":[{\"@type\":\"ReadAction\",\"target\":[\"https:\/\/www.leoko.fi\/tuote\/levyhuolto-painonnostolevy-voimanostolevy-maalaus-leoko-levyille\/\"]}]},{\"@type\":\"ImageObject\",\"inLanguage\":\"en-US\",\"@id\":\"https:\/\/www.leoko.fi\/tuote\/levyhuolto-painonnostolevy-voimanostolevy-maalaus-leoko-levyille\/#primaryimage\",\"url\":\"http:\/\/www.leoko.fi\/wp-content\/uploads\/2017\/06\/LEOKO-Voimanostolevy-IPF-hyv\u00e4ksym\u00e4-20-kg.jpg\",\"contentUrl\":\"http:\/\/www.leoko.fi\/wp-content\/uploads\/2017\/06\/LEOKO-Voimanostolevy-IPF-hyv\u00e4ksym\u00e4-20-kg.jpg\",\"width\":1200,\"height\":1200,\"caption\":\"20 kg voimanoston kisapaino\"},{\"@type\":\"BreadcrumbList\",\"@id\":\"https:\/\/www.leoko.fi\/tuote\/levyhuolto-painonnostolevy-voimanostolevy-maalaus-leoko-levyille\/#breadcrumb\",\"itemListElement\":[{\"@type\":\"ListItem\",\"position\":1,\"name\":\"Etusivu\",\"item\":\"https:\/\/www.leoko.fi\/\"},{\"@type\":\"ListItem\",\"position\":2,\"name\":\"Kauppa\",\"item\":\"https:\/\/www.leoko.fi\/kauppa\/\"},{\"@type\":\"ListItem\",\"position\":3,\"name\":\"Levyhuolto Painonnostolevy voimanostolevy maalaus LEOKO levyille.\"}]},{\"@type\":\"WebSite\",\"@id\":\"http:\/\/www.leoko.fi\/en\/#website\",\"url\":\"http:\/\/www.leoko.fi\/en\/\",\"name\":\"Leoko\",\"description\":\"Erikoistunut painonnosto- ja  voimanostov\u00e4lineiden valmistukseen\",\"potentialAction\":[{\"@type\":\"SearchAction\",\"target\":{\"@type\":\"EntryPoint\",\"urlTemplate\":\"http:\/\/www.leoko.fi\/en\/?s={search_term_string}\"},\"query-input\":{\"@type\":\"PropertyValueSpecification\",\"valueRequired\":true,\"valueName\":\"search_term_string\"}}],\"inLanguage\":\"en-US\"}]}<\/script>\n<!-- \/ Yoast SEO plugin. -->","yoast_head_json":{"title":"Levynhuolto Painonnostolevyn huolto uudelleenmaalaus","description":"Vanhojen levyjen uudistus ja maalaus.","robots":{"index":"index","follow":"follow","max-snippet":"max-snippet:-1","max-image-preview":"max-image-preview:large","max-video-preview":"max-video-preview:-1"},"canonical":"https:\/\/www.leoko.fi\/tuote\/levyhuolto-painonnostolevy-voimanostolevy-maalaus-leoko-levyille\/","og_locale":"en_US","og_type":"article","og_title":"Levynhuolto Painonnostolevyn huolto uudelleenmaalaus","og_description":"Vanhojen levyjen uudistus ja maalaus.","og_url":"https:\/\/www.leoko.fi\/tuote\/levyhuolto-painonnostolevy-voimanostolevy-maalaus-leoko-levyille\/","og_site_name":"Leoko","article_modified_time":"2025-09-30T12:22:32+00:00","og_image":[{"width":1200,"height":1200,"url":"https:\/\/www.leoko.fi\/wp-content\/uploads\/2017\/06\/LEOKO-Voimanostolevy-IPF-hyv\u00e4ksym\u00e4-20-kg.jpg","type":"image\/jpeg"}],"twitter_card":"summary_large_image","twitter_misc":{"Est. reading time":"1 minute"},"schema":{"@context":"https:\/\/schema.org","@graph":[{"@type":"WebPage","@id":"https:\/\/www.leoko.fi\/tuote\/levyhuolto-painonnostolevy-voimanostolevy-maalaus-leoko-levyille\/","url":"https:\/\/www.leoko.fi\/tuote\/levyhuolto-painonnostolevy-voimanostolevy-maalaus-leoko-levyille\/","name":"Levynhuolto Painonnostolevyn huolto uudelleenmaalaus","isPartOf":{"@id":"http:\/\/www.leoko.fi\/en\/#website"},"primaryImageOfPage":{"@id":"https:\/\/www.leoko.fi\/tuote\/levyhuolto-painonnostolevy-voimanostolevy-maalaus-leoko-levyille\/#primaryimage"},"image":{"@id":"https:\/\/www.leoko.fi\/tuote\/levyhuolto-painonnostolevy-voimanostolevy-maalaus-leoko-levyille\/#primaryimage"},"thumbnailUrl":"http:\/\/www.leoko.fi\/wp-content\/uploads\/2017\/06\/LEOKO-Voimanostolevy-IPF-hyv\u00e4ksym\u00e4-20-kg.jpg","datePublished":"2025-09-04T07:08:57+00:00","dateModified":"2025-09-30T12:22:32+00:00","description":"Vanhojen levyjen uudistus ja maalaus.","breadcrumb":{"@id":"https:\/\/www.leoko.fi\/tuote\/levyhuolto-painonnostolevy-voimanostolevy-maalaus-leoko-levyille\/#breadcrumb"},"inLanguage":"en-US","potentialAction":[{"@type":"ReadAction","target":["https:\/\/www.leoko.fi\/tuote\/levyhuolto-painonnostolevy-voimanostolevy-maalaus-leoko-levyille\/"]}]},{"@type":"ImageObject","inLanguage":"en-US","@id":"https:\/\/www.leoko.fi\/tuote\/levyhuolto-painonnostolevy-voimanostolevy-maalaus-leoko-levyille\/#primaryimage","url":"http:\/\/www.leoko.fi\/wp-content\/uploads\/2017\/06\/LEOKO-Voimanostolevy-IPF-hyv\u00e4ksym\u00e4-20-kg.jpg","contentUrl":"http:\/\/www.leoko.fi\/wp-content\/uploads\/2017\/06\/LEOKO-Voimanostolevy-IPF-hyv\u00e4ksym\u00e4-20-kg.jpg","width":1200,"height":1200,"caption":"20 kg voimanoston kisapaino"},{"@type":"BreadcrumbList","@id":"https:\/\/www.leoko.fi\/tuote\/levyhuolto-painonnostolevy-voimanostolevy-maalaus-leoko-levyille\/#breadcrumb","itemListElement":[{"@type":"ListItem","position":1,"name":"Etusivu","item":"https:\/\/www.leoko.fi\/"},{"@type":"ListItem","position":2,"name":"Kauppa","item":"https:\/\/www.leoko.fi\/kauppa\/"},{"@type":"ListItem","position":3,"name":"Levyhuolto Painonnostolevy voimanostolevy maalaus LEOKO levyille."}]},{"@type":"WebSite","@id":"http:\/\/www.leoko.fi\/en\/#website","url":"http:\/\/www.leoko.fi\/en\/","name":"Leoko","description":"Erikoistunut painonnosto- ja  voimanostov\u00e4lineiden valmistukseen","potentialAction":[{"@type":"SearchAction","target":{"@type":"EntryPoint","urlTemplate":"http:\/\/www.leoko.fi\/en\/?s={search_term_string}"},"query-input":{"@type":"PropertyValueSpecification","valueRequired":true,"valueName":"search_term_string"}}],"inLanguage":"en-US"}]}},"_links":{"self":[{"href":"http:\/\/www.leoko.fi\/en\/wp-json\/wp\/v2\/product\/2233","targetHints":{"allow":["GET"]}}],"collection":[{"href":"http:\/\/www.leoko.fi\/en\/wp-json\/wp\/v2\/product"}],"about":[{"href":"http:\/\/www.leoko.fi\/en\/wp-json\/wp\/v2\/types\/product"}],"replies":[{"embeddable":true,"href":"http:\/\/www.leoko.fi\/en\/wp-json\/wp\/v2\/comments?post=2233"}],"wp:featuredmedia":[{"embeddable":true,"href":"http:\/\/www.leoko.fi\/en\/wp-json\/wp\/v2\/media\/341"}],"wp:attachment":[{"href":"http:\/\/www.leoko.fi\/en\/wp-json\/wp\/v2\/media?parent=2233"}],"wp:term":[{"taxonomy":"product_brand","embeddable":true,"href":"http:\/\/www.leoko.fi\/en\/wp-json\/wp\/v2\/product_brand?post=2233"},{"taxonomy":"product_cat","embeddable":true,"href":"http:\/\/www.leoko.fi\/en\/wp-json\/wp\/v2\/product_cat?post=2233"},{"taxonomy":"product_tag","embeddable":true,"href":"http:\/\/www.leoko.fi\/en\/wp-json\/wp\/v2\/product_tag?post=2233"}],"curies":[{"name":"wp","href":"https:\/\/api.w.org\/{rel}","templated":true}]}}