{"id":1685,"date":"2024-05-17T03:02:12","date_gmt":"2024-05-17T00:02:12","guid":{"rendered":"https:\/\/www.leoko.fi\/?post_type=product&#038;p=1685"},"modified":"2025-09-30T13:43:46","modified_gmt":"2025-09-30T10:43:46","slug":"leoko-levypaino-voimanosto-painonnosto-teras-025-kg-kromattu-o-50-mm","status":"publish","type":"product","link":"https:\/\/www.leoko.fi\/en\/tuote\/leoko-levypaino-voimanosto-painonnosto-teras-025-kg-kromattu-o-50-mm\/","title":{"rendered":"0,25 kg levypaino kromattu \u00d8 50 mm LEOKO"},"content":{"rendered":"\r\n<p>N\u00e4m\u00e4 levypainot on valmistettu Suomessa lujasta rakenneter\u00e4ksest\u00e4 laserilla. Pitk\u00e4ik\u00e4isen kest\u00e4vyyden takaa luja materiaali ja kromaus.<\/p>\r\n\r\n\r\n\r\n<p>Sopivat kaikkiin LEOKO tankoihin ja muihinkin 50 mm levytankoihin.<\/p>\r\n\r\n\r\n\r\n<p>0,25 kg levy on niin sanottu enn\u00e4tyspaino, koska voimanoston perus nostotuloksen korotus on 2,5 kg ja painonnoston korotukset tehd\u00e4\u00e4n yhden kilon askelv\u00e4lill\u00e4. N\u00e4ill\u00e4 voi ylitt\u00e4\u00e4 oman enn\u00e4tyksens\u00e4 ja itsens\u00e4 puolen kilon korotuksella.\u00a0<\/p>\r\n\r\n\r\n\r\n<p>\u00a0Mitat, painot ja v\u00e4rit on yhteensopivat sek\u00e4 IPF ett\u00e4 IWF-s\u00e4\u00e4nt\u00f6ihin. N\u00e4ill\u00e4 sin\u00e4kin saat nostaa omat enn\u00e4tyksesi ja luottaa siihen, ett\u00e4 tulos on vertailukelpoinen maailman huippujen kanssa.huippujen kanssa.<\/p>\r\n<p>Levypaino 0, 25 kg sopii kaikkiin Leoko Levytankoihin.\u00a0<\/p>\r\n","protected":false},"excerpt":{"rendered":"<p>Pieni levypaino, 0,25 kg, ter\u00e4st\u00e4, enn\u00e4tyspaino. Valmistettu Suomessa.<\/p>\n","protected":false},"featured_media":916,"comment_status":"open","ping_status":"closed","template":"","meta":{"_acf_changed":false},"product_brand":[],"product_cat":[87],"product_tag":[],"class_list":{"0":"post-1685","1":"product","2":"type-product","3":"status-publish","4":"has-post-thumbnail","6":"product_cat-levypainot-leoko","8":"first","9":"instock","10":"taxable","11":"shipping-taxable","12":"purchasable","13":"product-type-simple"},"acf":[],"yoast_head":"<!-- This site is optimized with the Yoast SEO plugin v25.7 - https:\/\/yoast.com\/wordpress\/plugins\/seo\/ -->\n<title>0,25 kg levypaino kromattu \u00d8 50 mm LEOKO - Leoko<\/title>\n<meta name=\"description\" content=\"Levypaino 0,25 kg , enn\u00e4typaino, pikkulevy\" \/>\n<meta name=\"robots\" content=\"index, follow, max-snippet:-1, max-image-preview:large, max-video-preview:-1\" \/>\n<link rel=\"canonical\" href=\"https:\/\/www.leoko.fi\/en\/tuote\/leoko-levypaino-voimanosto-painonnosto-teras-025-kg-kromattu-o-50-mm\/\" \/>\n<meta property=\"og:locale\" content=\"en_US\" \/>\n<meta property=\"og:type\" content=\"article\" \/>\n<meta property=\"og:title\" content=\"0,25 kg levypaino kromattu \u00d8 50 mm LEOKO - Leoko\" \/>\n<meta property=\"og:description\" content=\"Levypaino 0,25 kg , enn\u00e4typaino, pikkulevy\" \/>\n<meta property=\"og:url\" content=\"https:\/\/www.leoko.fi\/en\/tuote\/leoko-levypaino-voimanosto-painonnosto-teras-025-kg-kromattu-o-50-mm\/\" \/>\n<meta property=\"og:site_name\" content=\"Leoko\" \/>\n<meta property=\"article:modified_time\" content=\"2025-09-30T10:43:46+00:00\" \/>\n<meta property=\"og:image\" content=\"https:\/\/www.leoko.fi\/wp-content\/uploads\/2017\/11\/LEOKO-Voimanostolevy-IPF-hyv\u00e4ksym\u00e4-025-kg.jpg\" \/>\n\t<meta property=\"og:image:width\" content=\"1200\" \/>\n\t<meta property=\"og:image:height\" content=\"1200\" \/>\n\t<meta property=\"og:image:type\" content=\"image\/jpeg\" \/>\n<meta name=\"twitter:card\" content=\"summary_large_image\" \/>\n<meta name=\"twitter:label1\" content=\"Est. reading time\" \/>\n\t<meta name=\"twitter:data1\" content=\"1 minute\" \/>\n<script type=\"application\/ld+json\" class=\"yoast-schema-graph\">{\"@context\":\"https:\/\/schema.org\",\"@graph\":[{\"@type\":\"WebPage\",\"@id\":\"https:\/\/www.leoko.fi\/en\/tuote\/leoko-levypaino-voimanosto-painonnosto-teras-025-kg-kromattu-o-50-mm\/\",\"url\":\"https:\/\/www.leoko.fi\/en\/tuote\/leoko-levypaino-voimanosto-painonnosto-teras-025-kg-kromattu-o-50-mm\/\",\"name\":\"0,25 kg levypaino kromattu \u00d8 50 mm LEOKO - Leoko\",\"isPartOf\":{\"@id\":\"https:\/\/www.leoko.fi\/en\/#website\"},\"primaryImageOfPage\":{\"@id\":\"https:\/\/www.leoko.fi\/en\/tuote\/leoko-levypaino-voimanosto-painonnosto-teras-025-kg-kromattu-o-50-mm\/#primaryimage\"},\"image\":{\"@id\":\"https:\/\/www.leoko.fi\/en\/tuote\/leoko-levypaino-voimanosto-painonnosto-teras-025-kg-kromattu-o-50-mm\/#primaryimage\"},\"thumbnailUrl\":\"https:\/\/www.leoko.fi\/wp-content\/uploads\/2017\/11\/LEOKO-Voimanostolevy-IPF-hyv\u00e4ksym\u00e4-025-kg.jpg\",\"datePublished\":\"2024-05-17T00:02:12+00:00\",\"dateModified\":\"2025-09-30T10:43:46+00:00\",\"description\":\"Levypaino 0,25 kg , enn\u00e4typaino, pikkulevy\",\"breadcrumb\":{\"@id\":\"https:\/\/www.leoko.fi\/en\/tuote\/leoko-levypaino-voimanosto-painonnosto-teras-025-kg-kromattu-o-50-mm\/#breadcrumb\"},\"inLanguage\":\"en-US\",\"potentialAction\":[{\"@type\":\"ReadAction\",\"target\":[\"https:\/\/www.leoko.fi\/en\/tuote\/leoko-levypaino-voimanosto-painonnosto-teras-025-kg-kromattu-o-50-mm\/\"]}]},{\"@type\":\"ImageObject\",\"inLanguage\":\"en-US\",\"@id\":\"https:\/\/www.leoko.fi\/en\/tuote\/leoko-levypaino-voimanosto-painonnosto-teras-025-kg-kromattu-o-50-mm\/#primaryimage\",\"url\":\"https:\/\/www.leoko.fi\/wp-content\/uploads\/2017\/11\/LEOKO-Voimanostolevy-IPF-hyv\u00e4ksym\u00e4-025-kg.jpg\",\"contentUrl\":\"https:\/\/www.leoko.fi\/wp-content\/uploads\/2017\/11\/LEOKO-Voimanostolevy-IPF-hyv\u00e4ksym\u00e4-025-kg.jpg\",\"width\":1200,\"height\":1200},{\"@type\":\"BreadcrumbList\",\"@id\":\"https:\/\/www.leoko.fi\/en\/tuote\/leoko-levypaino-voimanosto-painonnosto-teras-025-kg-kromattu-o-50-mm\/#breadcrumb\",\"itemListElement\":[{\"@type\":\"ListItem\",\"position\":1,\"name\":\"Etusivu\",\"item\":\"https:\/\/www.leoko.fi\/\"},{\"@type\":\"ListItem\",\"position\":2,\"name\":\"Kauppa\",\"item\":\"https:\/\/www.leoko.fi\/kauppa\/\"},{\"@type\":\"ListItem\",\"position\":3,\"name\":\"0,25 kg levypaino kromattu \u00d8 50 mm LEOKO\"}]},{\"@type\":\"WebSite\",\"@id\":\"https:\/\/www.leoko.fi\/en\/#website\",\"url\":\"https:\/\/www.leoko.fi\/en\/\",\"name\":\"Leoko\",\"description\":\"Erikoistunut painonnosto- ja  voimanostov\u00e4lineiden valmistukseen\",\"potentialAction\":[{\"@type\":\"SearchAction\",\"target\":{\"@type\":\"EntryPoint\",\"urlTemplate\":\"https:\/\/www.leoko.fi\/en\/?s={search_term_string}\"},\"query-input\":{\"@type\":\"PropertyValueSpecification\",\"valueRequired\":true,\"valueName\":\"search_term_string\"}}],\"inLanguage\":\"en-US\"}]}<\/script>\n<!-- \/ Yoast SEO plugin. -->","yoast_head_json":{"title":"0,25 kg levypaino kromattu \u00d8 50 mm LEOKO - Leoko","description":"Levypaino 0,25 kg , enn\u00e4typaino, pikkulevy","robots":{"index":"index","follow":"follow","max-snippet":"max-snippet:-1","max-image-preview":"max-image-preview:large","max-video-preview":"max-video-preview:-1"},"canonical":"https:\/\/www.leoko.fi\/en\/tuote\/leoko-levypaino-voimanosto-painonnosto-teras-025-kg-kromattu-o-50-mm\/","og_locale":"en_US","og_type":"article","og_title":"0,25 kg levypaino kromattu \u00d8 50 mm LEOKO - Leoko","og_description":"Levypaino 0,25 kg , enn\u00e4typaino, pikkulevy","og_url":"https:\/\/www.leoko.fi\/en\/tuote\/leoko-levypaino-voimanosto-painonnosto-teras-025-kg-kromattu-o-50-mm\/","og_site_name":"Leoko","article_modified_time":"2025-09-30T10:43:46+00:00","og_image":[{"width":1200,"height":1200,"url":"https:\/\/www.leoko.fi\/wp-content\/uploads\/2017\/11\/LEOKO-Voimanostolevy-IPF-hyv\u00e4ksym\u00e4-025-kg.jpg","type":"image\/jpeg"}],"twitter_card":"summary_large_image","twitter_misc":{"Est. reading time":"1 minute"},"schema":{"@context":"https:\/\/schema.org","@graph":[{"@type":"WebPage","@id":"https:\/\/www.leoko.fi\/en\/tuote\/leoko-levypaino-voimanosto-painonnosto-teras-025-kg-kromattu-o-50-mm\/","url":"https:\/\/www.leoko.fi\/en\/tuote\/leoko-levypaino-voimanosto-painonnosto-teras-025-kg-kromattu-o-50-mm\/","name":"0,25 kg levypaino kromattu \u00d8 50 mm LEOKO - Leoko","isPartOf":{"@id":"https:\/\/www.leoko.fi\/en\/#website"},"primaryImageOfPage":{"@id":"https:\/\/www.leoko.fi\/en\/tuote\/leoko-levypaino-voimanosto-painonnosto-teras-025-kg-kromattu-o-50-mm\/#primaryimage"},"image":{"@id":"https:\/\/www.leoko.fi\/en\/tuote\/leoko-levypaino-voimanosto-painonnosto-teras-025-kg-kromattu-o-50-mm\/#primaryimage"},"thumbnailUrl":"https:\/\/www.leoko.fi\/wp-content\/uploads\/2017\/11\/LEOKO-Voimanostolevy-IPF-hyv\u00e4ksym\u00e4-025-kg.jpg","datePublished":"2024-05-17T00:02:12+00:00","dateModified":"2025-09-30T10:43:46+00:00","description":"Levypaino 0,25 kg , enn\u00e4typaino, pikkulevy","breadcrumb":{"@id":"https:\/\/www.leoko.fi\/en\/tuote\/leoko-levypaino-voimanosto-painonnosto-teras-025-kg-kromattu-o-50-mm\/#breadcrumb"},"inLanguage":"en-US","potentialAction":[{"@type":"ReadAction","target":["https:\/\/www.leoko.fi\/en\/tuote\/leoko-levypaino-voimanosto-painonnosto-teras-025-kg-kromattu-o-50-mm\/"]}]},{"@type":"ImageObject","inLanguage":"en-US","@id":"https:\/\/www.leoko.fi\/en\/tuote\/leoko-levypaino-voimanosto-painonnosto-teras-025-kg-kromattu-o-50-mm\/#primaryimage","url":"https:\/\/www.leoko.fi\/wp-content\/uploads\/2017\/11\/LEOKO-Voimanostolevy-IPF-hyv\u00e4ksym\u00e4-025-kg.jpg","contentUrl":"https:\/\/www.leoko.fi\/wp-content\/uploads\/2017\/11\/LEOKO-Voimanostolevy-IPF-hyv\u00e4ksym\u00e4-025-kg.jpg","width":1200,"height":1200},{"@type":"BreadcrumbList","@id":"https:\/\/www.leoko.fi\/en\/tuote\/leoko-levypaino-voimanosto-painonnosto-teras-025-kg-kromattu-o-50-mm\/#breadcrumb","itemListElement":[{"@type":"ListItem","position":1,"name":"Etusivu","item":"https:\/\/www.leoko.fi\/"},{"@type":"ListItem","position":2,"name":"Kauppa","item":"https:\/\/www.leoko.fi\/kauppa\/"},{"@type":"ListItem","position":3,"name":"0,25 kg levypaino kromattu \u00d8 50 mm LEOKO"}]},{"@type":"WebSite","@id":"https:\/\/www.leoko.fi\/en\/#website","url":"https:\/\/www.leoko.fi\/en\/","name":"Leoko","description":"Erikoistunut painonnosto- ja  voimanostov\u00e4lineiden valmistukseen","potentialAction":[{"@type":"SearchAction","target":{"@type":"EntryPoint","urlTemplate":"https:\/\/www.leoko.fi\/en\/?s={search_term_string}"},"query-input":{"@type":"PropertyValueSpecification","valueRequired":true,"valueName":"search_term_string"}}],"inLanguage":"en-US"}]}},"_links":{"self":[{"href":"https:\/\/www.leoko.fi\/en\/wp-json\/wp\/v2\/product\/1685","targetHints":{"allow":["GET"]}}],"collection":[{"href":"https:\/\/www.leoko.fi\/en\/wp-json\/wp\/v2\/product"}],"about":[{"href":"https:\/\/www.leoko.fi\/en\/wp-json\/wp\/v2\/types\/product"}],"replies":[{"embeddable":true,"href":"https:\/\/www.leoko.fi\/en\/wp-json\/wp\/v2\/comments?post=1685"}],"wp:featuredmedia":[{"embeddable":true,"href":"https:\/\/www.leoko.fi\/en\/wp-json\/wp\/v2\/media\/916"}],"wp:attachment":[{"href":"https:\/\/www.leoko.fi\/en\/wp-json\/wp\/v2\/media?parent=1685"}],"wp:term":[{"taxonomy":"product_brand","embeddable":true,"href":"https:\/\/www.leoko.fi\/en\/wp-json\/wp\/v2\/product_brand?post=1685"},{"taxonomy":"product_cat","embeddable":true,"href":"https:\/\/www.leoko.fi\/en\/wp-json\/wp\/v2\/product_cat?post=1685"},{"taxonomy":"product_tag","embeddable":true,"href":"https:\/\/www.leoko.fi\/en\/wp-json\/wp\/v2\/product_tag?post=1685"}],"curies":[{"name":"wp","href":"https:\/\/api.w.org\/{rel}","templated":true}]}}