{"id":1765,"date":"2024-09-26T17:35:09","date_gmt":"2024-09-26T14:35:09","guid":{"rendered":"https:\/\/www.leoko.fi\/?post_type=product&#038;p=1765"},"modified":"2025-09-11T09:50:44","modified_gmt":"2025-09-11T06:50:44","slug":"leoko-magneettikisalukko-painonnosto-25-kg","status":"publish","type":"product","link":"https:\/\/www.leoko.fi\/en\/tuote\/leoko-magneettikisalukko-painonnosto-25-kg\/","title":{"rendered":"LEOKO magneettikisalukko, painonnosto, 2,5 kg"},"content":{"rendered":"<p>Leo Koivusen kehitt\u00e4m\u00e4 painonnoston kilpalukko. Lukossa on kolme voimakasta neodyymimagneettia, jotka ottavat tiukan otteen yhdest\u00e4 pikkulevyst\u00e4 ja pit\u00e4v\u00e4t sen paikallaan noston ajan.<\/p>\n<p>Kehitettiin, kun painonnostajat halusivat nopeita korotuksia vain vaihtamalla yht\u00e4 levy\u00e4, ilman ett\u00e4 tarvitsee irrottaa koko lukkoa tangosta. Valmistettu Suomessa. IWF s\u00e4\u00e4nt\u00f6jen mukainen.<\/p>\n<p>Leoko Kisalukkoa voi k\u00e4ytt\u00e4\u00e4 my\u00f6s harjoituksissa.<\/p>\n","protected":false},"excerpt":{"rendered":"<p>LEOKO magneettilukko painonnosto kisak\u00e4ytt\u00f6\u00f6n kromattu, magnetic weightlifting collar for competition.<\/p>\n","protected":false},"featured_media":935,"comment_status":"open","ping_status":"closed","template":"","meta":{"_acf_changed":false},"product_brand":[],"product_cat":[89],"product_tag":[],"class_list":{"0":"post-1765","1":"product","2":"type-product","3":"status-publish","4":"has-post-thumbnail","6":"product_cat-leoko-levytankolukot","8":"first","9":"instock","10":"taxable","11":"shipping-taxable","12":"purchasable","13":"product-type-simple"},"acf":[],"yoast_head":"<!-- This site is optimized with the Yoast SEO plugin v25.7 - https:\/\/yoast.com\/wordpress\/plugins\/seo\/ -->\n<title>Magneettilukko painonnosto kisalukko<\/title>\n<meta name=\"description\" content=\"Leoko Kisalukko painonnostoon luja ja yksinkertainen. Competition collar for weightlifting. quick replacement for small plates\" \/>\n<meta name=\"robots\" content=\"index, follow, max-snippet:-1, max-image-preview:large, max-video-preview:-1\" \/>\n<link rel=\"canonical\" href=\"https:\/\/www.leoko.fi\/en\/tuote\/leoko-magneettikisalukko-painonnosto-25-kg\/\" \/>\n<meta property=\"og:locale\" content=\"en_US\" \/>\n<meta property=\"og:type\" content=\"article\" \/>\n<meta property=\"og:title\" content=\"Magneettilukko painonnosto kisalukko\" \/>\n<meta property=\"og:description\" content=\"Leoko Kisalukko painonnostoon luja ja yksinkertainen. Competition collar for weightlifting. quick replacement for small plates\" \/>\n<meta property=\"og:url\" content=\"https:\/\/www.leoko.fi\/en\/tuote\/leoko-magneettikisalukko-painonnosto-25-kg\/\" \/>\n<meta property=\"og:site_name\" content=\"Leoko\" \/>\n<meta property=\"article:modified_time\" content=\"2025-09-11T06:50:44+00:00\" \/>\n<meta property=\"og:image\" content=\"https:\/\/www.leoko.fi\/wp-content\/uploads\/2017\/11\/LEOKO-Magneettilukko2-1.jpg\" \/>\n\t<meta property=\"og:image:width\" content=\"1800\" \/>\n\t<meta property=\"og:image:height\" content=\"1800\" \/>\n\t<meta property=\"og:image:type\" content=\"image\/jpeg\" \/>\n<meta name=\"twitter:card\" content=\"summary_large_image\" \/>\n<meta name=\"twitter:label1\" content=\"Est. reading time\" \/>\n\t<meta name=\"twitter:data1\" content=\"1 minute\" \/>\n<script type=\"application\/ld+json\" class=\"yoast-schema-graph\">{\"@context\":\"https:\/\/schema.org\",\"@graph\":[{\"@type\":\"WebPage\",\"@id\":\"https:\/\/www.leoko.fi\/en\/tuote\/leoko-magneettikisalukko-painonnosto-25-kg\/\",\"url\":\"https:\/\/www.leoko.fi\/en\/tuote\/leoko-magneettikisalukko-painonnosto-25-kg\/\",\"name\":\"Magneettilukko painonnosto kisalukko\",\"isPartOf\":{\"@id\":\"https:\/\/www.leoko.fi\/en\/#website\"},\"primaryImageOfPage\":{\"@id\":\"https:\/\/www.leoko.fi\/en\/tuote\/leoko-magneettikisalukko-painonnosto-25-kg\/#primaryimage\"},\"image\":{\"@id\":\"https:\/\/www.leoko.fi\/en\/tuote\/leoko-magneettikisalukko-painonnosto-25-kg\/#primaryimage\"},\"thumbnailUrl\":\"https:\/\/www.leoko.fi\/wp-content\/uploads\/2017\/11\/LEOKO-Magneettilukko2-1.jpg\",\"datePublished\":\"2024-09-26T14:35:09+00:00\",\"dateModified\":\"2025-09-11T06:50:44+00:00\",\"description\":\"Leoko Kisalukko painonnostoon luja ja yksinkertainen. Competition collar for weightlifting. quick replacement for small plates\",\"breadcrumb\":{\"@id\":\"https:\/\/www.leoko.fi\/en\/tuote\/leoko-magneettikisalukko-painonnosto-25-kg\/#breadcrumb\"},\"inLanguage\":\"en-US\",\"potentialAction\":[{\"@type\":\"ReadAction\",\"target\":[\"https:\/\/www.leoko.fi\/en\/tuote\/leoko-magneettikisalukko-painonnosto-25-kg\/\"]}]},{\"@type\":\"ImageObject\",\"inLanguage\":\"en-US\",\"@id\":\"https:\/\/www.leoko.fi\/en\/tuote\/leoko-magneettikisalukko-painonnosto-25-kg\/#primaryimage\",\"url\":\"https:\/\/www.leoko.fi\/wp-content\/uploads\/2017\/11\/LEOKO-Magneettilukko2-1.jpg\",\"contentUrl\":\"https:\/\/www.leoko.fi\/wp-content\/uploads\/2017\/11\/LEOKO-Magneettilukko2-1.jpg\",\"width\":1800,\"height\":1800,\"caption\":\"Magneettilukko, painonnosto kisalukko, weightlifting competition collar according to IWF collar rules\"},{\"@type\":\"BreadcrumbList\",\"@id\":\"https:\/\/www.leoko.fi\/en\/tuote\/leoko-magneettikisalukko-painonnosto-25-kg\/#breadcrumb\",\"itemListElement\":[{\"@type\":\"ListItem\",\"position\":1,\"name\":\"Etusivu\",\"item\":\"https:\/\/www.leoko.fi\/\"},{\"@type\":\"ListItem\",\"position\":2,\"name\":\"Kauppa\",\"item\":\"https:\/\/www.leoko.fi\/kauppa\/\"},{\"@type\":\"ListItem\",\"position\":3,\"name\":\"LEOKO magneettikisalukko, painonnosto, 2,5 kg\"}]},{\"@type\":\"WebSite\",\"@id\":\"https:\/\/www.leoko.fi\/en\/#website\",\"url\":\"https:\/\/www.leoko.fi\/en\/\",\"name\":\"Leoko\",\"description\":\"Erikoistunut painonnosto- ja  voimanostov\u00e4lineiden valmistukseen\",\"potentialAction\":[{\"@type\":\"SearchAction\",\"target\":{\"@type\":\"EntryPoint\",\"urlTemplate\":\"https:\/\/www.leoko.fi\/en\/?s={search_term_string}\"},\"query-input\":{\"@type\":\"PropertyValueSpecification\",\"valueRequired\":true,\"valueName\":\"search_term_string\"}}],\"inLanguage\":\"en-US\"}]}<\/script>\n<!-- \/ Yoast SEO plugin. -->","yoast_head_json":{"title":"Magneettilukko painonnosto kisalukko","description":"Leoko Kisalukko painonnostoon luja ja yksinkertainen. Competition collar for weightlifting. quick replacement for small plates","robots":{"index":"index","follow":"follow","max-snippet":"max-snippet:-1","max-image-preview":"max-image-preview:large","max-video-preview":"max-video-preview:-1"},"canonical":"https:\/\/www.leoko.fi\/en\/tuote\/leoko-magneettikisalukko-painonnosto-25-kg\/","og_locale":"en_US","og_type":"article","og_title":"Magneettilukko painonnosto kisalukko","og_description":"Leoko Kisalukko painonnostoon luja ja yksinkertainen. Competition collar for weightlifting. quick replacement for small plates","og_url":"https:\/\/www.leoko.fi\/en\/tuote\/leoko-magneettikisalukko-painonnosto-25-kg\/","og_site_name":"Leoko","article_modified_time":"2025-09-11T06:50:44+00:00","og_image":[{"width":1800,"height":1800,"url":"https:\/\/www.leoko.fi\/wp-content\/uploads\/2017\/11\/LEOKO-Magneettilukko2-1.jpg","type":"image\/jpeg"}],"twitter_card":"summary_large_image","twitter_misc":{"Est. reading time":"1 minute"},"schema":{"@context":"https:\/\/schema.org","@graph":[{"@type":"WebPage","@id":"https:\/\/www.leoko.fi\/en\/tuote\/leoko-magneettikisalukko-painonnosto-25-kg\/","url":"https:\/\/www.leoko.fi\/en\/tuote\/leoko-magneettikisalukko-painonnosto-25-kg\/","name":"Magneettilukko painonnosto kisalukko","isPartOf":{"@id":"https:\/\/www.leoko.fi\/en\/#website"},"primaryImageOfPage":{"@id":"https:\/\/www.leoko.fi\/en\/tuote\/leoko-magneettikisalukko-painonnosto-25-kg\/#primaryimage"},"image":{"@id":"https:\/\/www.leoko.fi\/en\/tuote\/leoko-magneettikisalukko-painonnosto-25-kg\/#primaryimage"},"thumbnailUrl":"https:\/\/www.leoko.fi\/wp-content\/uploads\/2017\/11\/LEOKO-Magneettilukko2-1.jpg","datePublished":"2024-09-26T14:35:09+00:00","dateModified":"2025-09-11T06:50:44+00:00","description":"Leoko Kisalukko painonnostoon luja ja yksinkertainen. Competition collar for weightlifting. quick replacement for small plates","breadcrumb":{"@id":"https:\/\/www.leoko.fi\/en\/tuote\/leoko-magneettikisalukko-painonnosto-25-kg\/#breadcrumb"},"inLanguage":"en-US","potentialAction":[{"@type":"ReadAction","target":["https:\/\/www.leoko.fi\/en\/tuote\/leoko-magneettikisalukko-painonnosto-25-kg\/"]}]},{"@type":"ImageObject","inLanguage":"en-US","@id":"https:\/\/www.leoko.fi\/en\/tuote\/leoko-magneettikisalukko-painonnosto-25-kg\/#primaryimage","url":"https:\/\/www.leoko.fi\/wp-content\/uploads\/2017\/11\/LEOKO-Magneettilukko2-1.jpg","contentUrl":"https:\/\/www.leoko.fi\/wp-content\/uploads\/2017\/11\/LEOKO-Magneettilukko2-1.jpg","width":1800,"height":1800,"caption":"Magneettilukko, painonnosto kisalukko, weightlifting competition collar according to IWF collar rules"},{"@type":"BreadcrumbList","@id":"https:\/\/www.leoko.fi\/en\/tuote\/leoko-magneettikisalukko-painonnosto-25-kg\/#breadcrumb","itemListElement":[{"@type":"ListItem","position":1,"name":"Etusivu","item":"https:\/\/www.leoko.fi\/"},{"@type":"ListItem","position":2,"name":"Kauppa","item":"https:\/\/www.leoko.fi\/kauppa\/"},{"@type":"ListItem","position":3,"name":"LEOKO magneettikisalukko, painonnosto, 2,5 kg"}]},{"@type":"WebSite","@id":"https:\/\/www.leoko.fi\/en\/#website","url":"https:\/\/www.leoko.fi\/en\/","name":"Leoko","description":"Erikoistunut painonnosto- ja  voimanostov\u00e4lineiden valmistukseen","potentialAction":[{"@type":"SearchAction","target":{"@type":"EntryPoint","urlTemplate":"https:\/\/www.leoko.fi\/en\/?s={search_term_string}"},"query-input":{"@type":"PropertyValueSpecification","valueRequired":true,"valueName":"search_term_string"}}],"inLanguage":"en-US"}]}},"_links":{"self":[{"href":"https:\/\/www.leoko.fi\/en\/wp-json\/wp\/v2\/product\/1765","targetHints":{"allow":["GET"]}}],"collection":[{"href":"https:\/\/www.leoko.fi\/en\/wp-json\/wp\/v2\/product"}],"about":[{"href":"https:\/\/www.leoko.fi\/en\/wp-json\/wp\/v2\/types\/product"}],"replies":[{"embeddable":true,"href":"https:\/\/www.leoko.fi\/en\/wp-json\/wp\/v2\/comments?post=1765"}],"wp:featuredmedia":[{"embeddable":true,"href":"https:\/\/www.leoko.fi\/en\/wp-json\/wp\/v2\/media\/935"}],"wp:attachment":[{"href":"https:\/\/www.leoko.fi\/en\/wp-json\/wp\/v2\/media?parent=1765"}],"wp:term":[{"taxonomy":"product_brand","embeddable":true,"href":"https:\/\/www.leoko.fi\/en\/wp-json\/wp\/v2\/product_brand?post=1765"},{"taxonomy":"product_cat","embeddable":true,"href":"https:\/\/www.leoko.fi\/en\/wp-json\/wp\/v2\/product_cat?post=1765"},{"taxonomy":"product_tag","embeddable":true,"href":"https:\/\/www.leoko.fi\/en\/wp-json\/wp\/v2\/product_tag?post=1765"}],"curies":[{"name":"wp","href":"https:\/\/api.w.org\/{rel}","templated":true}]}}