{"id":1790,"date":"2024-09-26T20:31:30","date_gmt":"2024-09-26T17:31:30","guid":{"rendered":"https:\/\/www.leoko.fi\/?post_type=product&#038;p=1790"},"modified":"2025-02-14T10:53:50","modified_gmt":"2025-02-14T08:53:50","slug":"leoko-treenilukko-o50mm-1-kg","status":"publish","type":"product","link":"https:\/\/www.leoko.fi\/en\/tuote\/leoko-treenilukko-o50mm-1-kg\/","title":{"rendered":"LEOKO, treenilukko, \u00d850mm   1 kg"},"content":{"rendered":"<p>Pieni treenilukko. Sopii kaikkiin LEOKO tankoihin ja kaikkiin muihinkin 50 mm putkilla olevaan tankoihin.  Painaa vain noin 1kg, mutta on silti kest\u00e4v\u00e4 ja luja. Valmistettu Suomessa.<br \/>K\u00e4ytet\u00e4\u00e4n yleens\u00e4 kulmatangoissa ja LEOKO nuorisotangoissa. <\/p>\n","protected":false},"excerpt":{"rendered":"<p>LEOKO treenilukko, \u00d850mm 1 kg<\/p>\n","protected":false},"featured_media":374,"comment_status":"open","ping_status":"closed","template":"","meta":{"_acf_changed":false},"product_brand":[],"product_cat":[89],"product_tag":[],"class_list":{"0":"post-1790","1":"product","2":"type-product","3":"status-publish","4":"has-post-thumbnail","6":"product_cat-leoko-levytankolukot","8":"first","9":"instock","10":"taxable","11":"shipping-taxable","12":"purchasable","13":"product-type-simple"},"acf":[],"yoast_head":"<!-- This site is optimized with the Yoast SEO plugin v25.7 - https:\/\/yoast.com\/wordpress\/plugins\/seo\/ -->\n<title>LEOKO, treenilukko, \u00d850mm  1 kg - Leoko<\/title>\n<meta name=\"robots\" content=\"index, follow, max-snippet:-1, max-image-preview:large, max-video-preview:-1\" \/>\n<link rel=\"canonical\" href=\"https:\/\/www.leoko.fi\/tuote\/leoko-treenilukko-o50mm-1-kg\/\" \/>\n<meta property=\"og:locale\" content=\"en_US\" \/>\n<meta property=\"og:type\" content=\"article\" \/>\n<meta property=\"og:title\" content=\"LEOKO, treenilukko, \u00d850mm  1 kg - Leoko\" \/>\n<meta property=\"og:description\" content=\"LEOKO treenilukko, \u00d850mm 1 kg\" \/>\n<meta property=\"og:url\" content=\"https:\/\/www.leoko.fi\/tuote\/leoko-treenilukko-o50mm-1-kg\/\" \/>\n<meta property=\"og:site_name\" content=\"Leoko\" \/>\n<meta property=\"article:modified_time\" content=\"2025-02-14T08:53:50+00:00\" \/>\n<meta property=\"og:image\" content=\"https:\/\/www.leoko.fi\/wp-content\/uploads\/2017\/06\/LEOKO-Harjoituslukko.jpg\" \/>\n\t<meta property=\"og:image:width\" content=\"1200\" \/>\n\t<meta property=\"og:image:height\" content=\"1200\" \/>\n\t<meta property=\"og:image:type\" content=\"image\/jpeg\" \/>\n<meta name=\"twitter:card\" content=\"summary_large_image\" \/>\n<script type=\"application\/ld+json\" class=\"yoast-schema-graph\">{\"@context\":\"https:\/\/schema.org\",\"@graph\":[{\"@type\":\"WebPage\",\"@id\":\"https:\/\/www.leoko.fi\/tuote\/leoko-treenilukko-o50mm-1-kg\/\",\"url\":\"https:\/\/www.leoko.fi\/tuote\/leoko-treenilukko-o50mm-1-kg\/\",\"name\":\"LEOKO, treenilukko, \u00d850mm 1 kg - Leoko\",\"isPartOf\":{\"@id\":\"https:\/\/www.leoko.fi\/#website\"},\"primaryImageOfPage\":{\"@id\":\"https:\/\/www.leoko.fi\/tuote\/leoko-treenilukko-o50mm-1-kg\/#primaryimage\"},\"image\":{\"@id\":\"https:\/\/www.leoko.fi\/tuote\/leoko-treenilukko-o50mm-1-kg\/#primaryimage\"},\"thumbnailUrl\":\"https:\/\/www.leoko.fi\/wp-content\/uploads\/2017\/06\/LEOKO-Harjoituslukko.jpg\",\"datePublished\":\"2024-09-26T17:31:30+00:00\",\"dateModified\":\"2025-02-14T08:53:50+00:00\",\"breadcrumb\":{\"@id\":\"https:\/\/www.leoko.fi\/tuote\/leoko-treenilukko-o50mm-1-kg\/#breadcrumb\"},\"inLanguage\":\"en-US\",\"potentialAction\":[{\"@type\":\"ReadAction\",\"target\":[\"https:\/\/www.leoko.fi\/tuote\/leoko-treenilukko-o50mm-1-kg\/\"]}]},{\"@type\":\"ImageObject\",\"inLanguage\":\"en-US\",\"@id\":\"https:\/\/www.leoko.fi\/tuote\/leoko-treenilukko-o50mm-1-kg\/#primaryimage\",\"url\":\"https:\/\/www.leoko.fi\/wp-content\/uploads\/2017\/06\/LEOKO-Harjoituslukko.jpg\",\"contentUrl\":\"https:\/\/www.leoko.fi\/wp-content\/uploads\/2017\/06\/LEOKO-Harjoituslukko.jpg\",\"width\":1200,\"height\":1200,\"caption\":\"Leoko pikkulukko, treenilukko mm\"},{\"@type\":\"BreadcrumbList\",\"@id\":\"https:\/\/www.leoko.fi\/tuote\/leoko-treenilukko-o50mm-1-kg\/#breadcrumb\",\"itemListElement\":[{\"@type\":\"ListItem\",\"position\":1,\"name\":\"Etusivu\",\"item\":\"https:\/\/www.leoko.fi\/\"},{\"@type\":\"ListItem\",\"position\":2,\"name\":\"Kauppa\",\"item\":\"https:\/\/www.leoko.fi\/kauppa\/\"},{\"@type\":\"ListItem\",\"position\":3,\"name\":\"LEOKO, treenilukko, \u00d850mm 1 kg\"}]},{\"@type\":\"WebSite\",\"@id\":\"https:\/\/www.leoko.fi\/#website\",\"url\":\"https:\/\/www.leoko.fi\/\",\"name\":\"Leoko\",\"description\":\"Erikoistunut painonnosto- ja  voimanostov\u00e4lineiden valmistukseen\",\"potentialAction\":[{\"@type\":\"SearchAction\",\"target\":{\"@type\":\"EntryPoint\",\"urlTemplate\":\"https:\/\/www.leoko.fi\/?s={search_term_string}\"},\"query-input\":{\"@type\":\"PropertyValueSpecification\",\"valueRequired\":true,\"valueName\":\"search_term_string\"}}],\"inLanguage\":\"en-US\"}]}<\/script>\n<!-- \/ Yoast SEO plugin. -->","yoast_head_json":{"title":"LEOKO, treenilukko, \u00d850mm  1 kg - Leoko","robots":{"index":"index","follow":"follow","max-snippet":"max-snippet:-1","max-image-preview":"max-image-preview:large","max-video-preview":"max-video-preview:-1"},"canonical":"https:\/\/www.leoko.fi\/tuote\/leoko-treenilukko-o50mm-1-kg\/","og_locale":"en_US","og_type":"article","og_title":"LEOKO, treenilukko, \u00d850mm  1 kg - Leoko","og_description":"LEOKO treenilukko, \u00d850mm 1 kg","og_url":"https:\/\/www.leoko.fi\/tuote\/leoko-treenilukko-o50mm-1-kg\/","og_site_name":"Leoko","article_modified_time":"2025-02-14T08:53:50+00:00","og_image":[{"width":1200,"height":1200,"url":"https:\/\/www.leoko.fi\/wp-content\/uploads\/2017\/06\/LEOKO-Harjoituslukko.jpg","type":"image\/jpeg"}],"twitter_card":"summary_large_image","schema":{"@context":"https:\/\/schema.org","@graph":[{"@type":"WebPage","@id":"https:\/\/www.leoko.fi\/tuote\/leoko-treenilukko-o50mm-1-kg\/","url":"https:\/\/www.leoko.fi\/tuote\/leoko-treenilukko-o50mm-1-kg\/","name":"LEOKO, treenilukko, \u00d850mm 1 kg - Leoko","isPartOf":{"@id":"https:\/\/www.leoko.fi\/#website"},"primaryImageOfPage":{"@id":"https:\/\/www.leoko.fi\/tuote\/leoko-treenilukko-o50mm-1-kg\/#primaryimage"},"image":{"@id":"https:\/\/www.leoko.fi\/tuote\/leoko-treenilukko-o50mm-1-kg\/#primaryimage"},"thumbnailUrl":"https:\/\/www.leoko.fi\/wp-content\/uploads\/2017\/06\/LEOKO-Harjoituslukko.jpg","datePublished":"2024-09-26T17:31:30+00:00","dateModified":"2025-02-14T08:53:50+00:00","breadcrumb":{"@id":"https:\/\/www.leoko.fi\/tuote\/leoko-treenilukko-o50mm-1-kg\/#breadcrumb"},"inLanguage":"en-US","potentialAction":[{"@type":"ReadAction","target":["https:\/\/www.leoko.fi\/tuote\/leoko-treenilukko-o50mm-1-kg\/"]}]},{"@type":"ImageObject","inLanguage":"en-US","@id":"https:\/\/www.leoko.fi\/tuote\/leoko-treenilukko-o50mm-1-kg\/#primaryimage","url":"https:\/\/www.leoko.fi\/wp-content\/uploads\/2017\/06\/LEOKO-Harjoituslukko.jpg","contentUrl":"https:\/\/www.leoko.fi\/wp-content\/uploads\/2017\/06\/LEOKO-Harjoituslukko.jpg","width":1200,"height":1200,"caption":"Leoko pikkulukko, treenilukko mm"},{"@type":"BreadcrumbList","@id":"https:\/\/www.leoko.fi\/tuote\/leoko-treenilukko-o50mm-1-kg\/#breadcrumb","itemListElement":[{"@type":"ListItem","position":1,"name":"Etusivu","item":"https:\/\/www.leoko.fi\/"},{"@type":"ListItem","position":2,"name":"Kauppa","item":"https:\/\/www.leoko.fi\/kauppa\/"},{"@type":"ListItem","position":3,"name":"LEOKO, treenilukko, \u00d850mm 1 kg"}]},{"@type":"WebSite","@id":"https:\/\/www.leoko.fi\/#website","url":"https:\/\/www.leoko.fi\/","name":"Leoko","description":"Erikoistunut painonnosto- ja  voimanostov\u00e4lineiden valmistukseen","potentialAction":[{"@type":"SearchAction","target":{"@type":"EntryPoint","urlTemplate":"https:\/\/www.leoko.fi\/?s={search_term_string}"},"query-input":{"@type":"PropertyValueSpecification","valueRequired":true,"valueName":"search_term_string"}}],"inLanguage":"en-US"}]}},"_links":{"self":[{"href":"https:\/\/www.leoko.fi\/en\/wp-json\/wp\/v2\/product\/1790","targetHints":{"allow":["GET"]}}],"collection":[{"href":"https:\/\/www.leoko.fi\/en\/wp-json\/wp\/v2\/product"}],"about":[{"href":"https:\/\/www.leoko.fi\/en\/wp-json\/wp\/v2\/types\/product"}],"replies":[{"embeddable":true,"href":"https:\/\/www.leoko.fi\/en\/wp-json\/wp\/v2\/comments?post=1790"}],"wp:featuredmedia":[{"embeddable":true,"href":"https:\/\/www.leoko.fi\/en\/wp-json\/wp\/v2\/media\/374"}],"wp:attachment":[{"href":"https:\/\/www.leoko.fi\/en\/wp-json\/wp\/v2\/media?parent=1790"}],"wp:term":[{"taxonomy":"product_brand","embeddable":true,"href":"https:\/\/www.leoko.fi\/en\/wp-json\/wp\/v2\/product_brand?post=1790"},{"taxonomy":"product_cat","embeddable":true,"href":"https:\/\/www.leoko.fi\/en\/wp-json\/wp\/v2\/product_cat?post=1790"},{"taxonomy":"product_tag","embeddable":true,"href":"https:\/\/www.leoko.fi\/en\/wp-json\/wp\/v2\/product_tag?post=1790"}],"curies":[{"name":"wp","href":"https:\/\/api.w.org\/{rel}","templated":true}]}}